{"id":2476,"date":"2021-08-30T22:26:53","date_gmt":"2021-08-30T20:26:53","guid":{"rendered":"https:\/\/btl.com.pl\/?post_type=product&#038;p=2476"},"modified":"2021-08-30T22:27:27","modified_gmt":"2021-08-30T20:27:27","slug":"do-wykrywania-i-oznaczania-e-coli-z-neutralizatorami-pr-0340n","status":"publish","type":"product","link":"https:\/\/www.btl.com.pl\/en\/produkty\/plytki-odciskowe\/do-wykrywania-i-oznaczania-e-coli-z-neutralizatorami-pr-0340n\/","title":{"rendered":"Do wykrywania i oznaczania E. Coli ( z neutralizatorami)  PR-0340N"},"content":{"rendered":"<div>nr katalogowy: <b>PR 0340N<\/b><\/div>\n<p>&nbsp;<\/p>\n<div>\n<p><strong>P\u0142ytki odciskowe s\u0142u\u017c\u0105 g\u0142\u00f3wnie do kontroli zanieczyszczenia mikrobiologicznego powierzchni (np. sto\u0142\u00f3w, sprz\u0119tu, \u015bcian) metod\u0105 kontaktow\u0105. Pod\u0142o\u017ce to dadatkowo zawiera substancje neutralizuj\u0105ce dzia\u0142anie zwi\u0105zk\u00f3w zawartych w preparatach dezynfekcyjnych hamuj\u0105cych wzrost mikroorganizm\u00f3w .<\/strong><\/p>\n<p>&nbsp;<\/p>\n<p>&nbsp;<\/p>\n<hr \/>\n<p><strong>Zastosowanie:<\/strong><\/p>\n<p>Pod\u0142o\u017ce chromogenne do wykrywania i oznaczania liczby kom\u00f3rek <em>Escherichia coli<\/em> w produktach spo\u017cywczych.<br \/>\n<strong>Wielko\u015b\u0107 opakowania:<br \/>\n<\/strong>20 p\u0142ytek<\/p>\n<\/div>","protected":false},"excerpt":{"rendered":"<p>nr katalogowy: PR 0340N &nbsp; P\u0142ytki odciskowe s\u0142u\u017c\u0105 g\u0142\u00f3wnie do kontroli zanieczyszczenia mikrobiologicznego powierzchni (np. sto\u0142\u00f3w, sprz\u0119tu, \u015bcian) metod\u0105 kontaktow\u0105. Pod\u0142o\u017ce to dadatkowo zawiera substancje neutralizuj\u0105ce dzia\u0142anie zwi\u0105zk\u00f3w zawartych w preparatach dezynfekcyjnych hamuj\u0105cych wzrost mikroorganizm\u00f3w . &nbsp; &nbsp; Zastosowanie: Pod\u0142o\u017ce chromogenne do wykrywania i oznaczania liczby kom\u00f3rek Escherichia coli w produktach spo\u017cywczych. Wielko\u015b\u0107 opakowania: 20 [&hellip;]<\/p>\n","protected":false},"featured_media":0,"template":"","meta":[],"product_brand":[],"product_cat":[81],"product_tag":[],"class_list":{"0":"post-2476","1":"product","2":"type-product","3":"status-publish","5":"product_cat-plytki-odciskowe","7":"first","8":"instock","9":"shipping-taxable","10":"product-type-simple"},"_links":{"self":[{"href":"https:\/\/www.btl.com.pl\/en\/wp-json\/wp\/v2\/product\/2476","targetHints":{"allow":["GET"]}}],"collection":[{"href":"https:\/\/www.btl.com.pl\/en\/wp-json\/wp\/v2\/product"}],"about":[{"href":"https:\/\/www.btl.com.pl\/en\/wp-json\/wp\/v2\/types\/product"}],"version-history":[{"count":1,"href":"https:\/\/www.btl.com.pl\/en\/wp-json\/wp\/v2\/product\/2476\/revisions"}],"predecessor-version":[{"id":2477,"href":"https:\/\/www.btl.com.pl\/en\/wp-json\/wp\/v2\/product\/2476\/revisions\/2477"}],"wp:attachment":[{"href":"https:\/\/www.btl.com.pl\/en\/wp-json\/wp\/v2\/media?parent=2476"}],"wp:term":[{"taxonomy":"product_brand","embeddable":true,"href":"https:\/\/www.btl.com.pl\/en\/wp-json\/wp\/v2\/product_brand?post=2476"},{"taxonomy":"product_cat","embeddable":true,"href":"https:\/\/www.btl.com.pl\/en\/wp-json\/wp\/v2\/product_cat?post=2476"},{"taxonomy":"product_tag","embeddable":true,"href":"https:\/\/www.btl.com.pl\/en\/wp-json\/wp\/v2\/product_tag?post=2476"}],"curies":[{"name":"wp","href":"https:\/\/api.w.org\/{rel}","templated":true}]}}