{"id":2474,"date":"2021-08-30T22:25:25","date_gmt":"2021-08-30T20:25:25","guid":{"rendered":"https:\/\/btl.com.pl\/?post_type=product&#038;p=2474"},"modified":"2021-08-30T22:26:00","modified_gmt":"2021-08-30T20:26:00","slug":"do-wykrywania-i-oznaczania-e-coli-pr-0340","status":"publish","type":"product","link":"https:\/\/www.btl.com.pl\/en\/produkty\/plytki-odciskowe\/do-wykrywania-i-oznaczania-e-coli-pr-0340\/","title":{"rendered":"Do wykrywania i oznaczania E. Coli  PR-0340"},"content":{"rendered":"<div>nr katalogowy: <b>PR 0340<\/b><\/div>\n<p>&nbsp;<\/p>\n<div>\n<p><strong>P\u0142ytki odciskowe s\u0142u\u017c\u0105 g\u0142\u00f3wnie do kontroli zanieczyszczenia mikrobiologicznego powierzchni (np. sto\u0142\u00f3w, sprz\u0119tu, \u015bcian) metod\u0105 kontaktow\u0105.<\/strong><\/p>\n<hr \/>\n<p><strong>Zastosowanie:<\/strong><br \/>\nPod\u0142o\u017ce chromogenne do wykrywania i oznaczania liczby kom\u00f3rek <em>Escherichia coli<\/em> w produktach spo\u017cywczych.<br \/>\n<strong>Wielko\u015b\u0107 opakowania:<\/strong><br \/>\n20 p\u0142ytek<\/div>","protected":false},"excerpt":{"rendered":"<p>nr katalogowy: PR 0340 &nbsp; P\u0142ytki odciskowe s\u0142u\u017c\u0105 g\u0142\u00f3wnie do kontroli zanieczyszczenia mikrobiologicznego powierzchni (np. sto\u0142\u00f3w, sprz\u0119tu, \u015bcian) metod\u0105 kontaktow\u0105. Zastosowanie: Pod\u0142o\u017ce chromogenne do wykrywania i oznaczania liczby kom\u00f3rek Escherichia coli w produktach spo\u017cywczych. Wielko\u015b\u0107 opakowania: 20 p\u0142ytek<\/p>","protected":false},"featured_media":0,"template":"","meta":[],"product_brand":[],"product_cat":[81],"product_tag":[],"class_list":{"0":"post-2474","1":"product","2":"type-product","3":"status-publish","5":"product_cat-plytki-odciskowe","7":"first","8":"instock","9":"shipping-taxable","10":"product-type-simple"},"_links":{"self":[{"href":"https:\/\/www.btl.com.pl\/en\/wp-json\/wp\/v2\/product\/2474","targetHints":{"allow":["GET"]}}],"collection":[{"href":"https:\/\/www.btl.com.pl\/en\/wp-json\/wp\/v2\/product"}],"about":[{"href":"https:\/\/www.btl.com.pl\/en\/wp-json\/wp\/v2\/types\/product"}],"version-history":[{"count":1,"href":"https:\/\/www.btl.com.pl\/en\/wp-json\/wp\/v2\/product\/2474\/revisions"}],"predecessor-version":[{"id":2475,"href":"https:\/\/www.btl.com.pl\/en\/wp-json\/wp\/v2\/product\/2474\/revisions\/2475"}],"wp:attachment":[{"href":"https:\/\/www.btl.com.pl\/en\/wp-json\/wp\/v2\/media?parent=2474"}],"wp:term":[{"taxonomy":"product_brand","embeddable":true,"href":"https:\/\/www.btl.com.pl\/en\/wp-json\/wp\/v2\/product_brand?post=2474"},{"taxonomy":"product_cat","embeddable":true,"href":"https:\/\/www.btl.com.pl\/en\/wp-json\/wp\/v2\/product_cat?post=2474"},{"taxonomy":"product_tag","embeddable":true,"href":"https:\/\/www.btl.com.pl\/en\/wp-json\/wp\/v2\/product_tag?post=2474"}],"curies":[{"name":"wp","href":"https:\/\/api.w.org\/{rel}","templated":true}]}}