{"id":2472,"date":"2021-08-30T22:24:32","date_gmt":"2021-08-30T20:24:32","guid":{"rendered":"https:\/\/btl.com.pl\/?post_type=product&#038;p=2472"},"modified":"2021-08-30T22:25:01","modified_gmt":"2021-08-30T20:25:01","slug":"do-ogolnej-liczby-drozdzy-i-plesni-z-neutralizatorami-pr-0135n","status":"publish","type":"product","link":"https:\/\/www.btl.com.pl\/en\/produkty\/plytki-odciskowe\/do-ogolnej-liczby-drozdzy-i-plesni-z-neutralizatorami-pr-0135n\/","title":{"rendered":"Do og\u00f3lnej liczby dro\u017cd\u017cy i ple\u015bni (z neutralizatorami)  PR-0135N"},"content":{"rendered":"<p>nr katalogowy: <strong>PR 0135N<\/strong><\/p>\n<p>&nbsp;<\/p>\n<p><strong>P\u0142ytki odciskowe s\u0142u\u017c\u0105 g\u0142\u00f3wnie do kontroli zanieczyszczenia mikrobiologicznego powierzchni (np. sto\u0142\u00f3w, sprz\u0119tu, \u015bcian) metod\u0105 kontaktow\u0105 oraz powietrza metod\u0105 sedymentacyjn\u0105.<\/strong> <strong>Pod\u0142o\u017ce to dadatkowo zawiera substancje neutralizuj\u0105ce dzia\u0142anie zwi\u0105zk\u00f3w zawartych w preparatach dezynfekcyjnych hamuj\u0105cych wzrost mikroorganizm\u00f3w.<\/strong><\/p>\n<p><strong>Zastosowanie:<br \/>\n<\/strong>Pod\u0142o\u017ce wybi\u00f3rcze do hodowli, izolacji i identyfikacji grzyb\u00f3w w tym grzyb\u00f3w chorobotw\u00f3rczych.<br \/>\n<strong>Wielko\u015b\u0107 opakowania:<br \/>\n<\/strong>20 p\u0142ytek<\/p>","protected":false},"excerpt":{"rendered":"<p>nr katalogowy: PR 0135N &nbsp; P\u0142ytki odciskowe s\u0142u\u017c\u0105 g\u0142\u00f3wnie do kontroli zanieczyszczenia mikrobiologicznego powierzchni (np. sto\u0142\u00f3w, sprz\u0119tu, \u015bcian) metod\u0105 kontaktow\u0105 oraz powietrza metod\u0105 sedymentacyjn\u0105. Pod\u0142o\u017ce to dadatkowo zawiera substancje neutralizuj\u0105ce dzia\u0142anie zwi\u0105zk\u00f3w zawartych w preparatach dezynfekcyjnych hamuj\u0105cych wzrost mikroorganizm\u00f3w. Zastosowanie: Pod\u0142o\u017ce wybi\u00f3rcze do hodowli, izolacji i identyfikacji grzyb\u00f3w w tym grzyb\u00f3w chorobotw\u00f3rczych. Wielko\u015b\u0107 opakowania: 20 [&hellip;]<\/p>\n","protected":false},"featured_media":0,"template":"","meta":[],"product_brand":[],"product_cat":[81],"product_tag":[],"class_list":{"0":"post-2472","1":"product","2":"type-product","3":"status-publish","5":"product_cat-plytki-odciskowe","7":"first","8":"instock","9":"shipping-taxable","10":"product-type-simple"},"_links":{"self":[{"href":"https:\/\/www.btl.com.pl\/en\/wp-json\/wp\/v2\/product\/2472","targetHints":{"allow":["GET"]}}],"collection":[{"href":"https:\/\/www.btl.com.pl\/en\/wp-json\/wp\/v2\/product"}],"about":[{"href":"https:\/\/www.btl.com.pl\/en\/wp-json\/wp\/v2\/types\/product"}],"version-history":[{"count":1,"href":"https:\/\/www.btl.com.pl\/en\/wp-json\/wp\/v2\/product\/2472\/revisions"}],"predecessor-version":[{"id":2473,"href":"https:\/\/www.btl.com.pl\/en\/wp-json\/wp\/v2\/product\/2472\/revisions\/2473"}],"wp:attachment":[{"href":"https:\/\/www.btl.com.pl\/en\/wp-json\/wp\/v2\/media?parent=2472"}],"wp:term":[{"taxonomy":"product_brand","embeddable":true,"href":"https:\/\/www.btl.com.pl\/en\/wp-json\/wp\/v2\/product_brand?post=2472"},{"taxonomy":"product_cat","embeddable":true,"href":"https:\/\/www.btl.com.pl\/en\/wp-json\/wp\/v2\/product_cat?post=2472"},{"taxonomy":"product_tag","embeddable":true,"href":"https:\/\/www.btl.com.pl\/en\/wp-json\/wp\/v2\/product_tag?post=2472"}],"curies":[{"name":"wp","href":"https:\/\/api.w.org\/{rel}","templated":true}]}}