{"id":2468,"date":"2021-08-30T22:21:10","date_gmt":"2021-08-30T20:21:10","guid":{"rendered":"https:\/\/btl.com.pl\/?post_type=product&#038;p=2468"},"modified":"2021-08-30T22:21:42","modified_gmt":"2021-08-30T20:21:42","slug":"do-ogolnej-liczby-drobnoustrojow-z-neutralizatorami-pr-0090n","status":"publish","type":"product","link":"https:\/\/www.btl.com.pl\/en\/produkty\/plytki-odciskowe\/do-ogolnej-liczby-drobnoustrojow-z-neutralizatorami-pr-0090n\/","title":{"rendered":"Do og\u00f3lnej liczby drobnoustroj\u00f3w (z neutralizatorami)  PR-0090N"},"content":{"rendered":"<p>nr katalogowy: <strong>PR 0090N<\/strong><\/p>\n<p>&nbsp;<\/p>\n<p><strong>P\u0142ytki odciskowe s\u0142u\u017c\u0105 g\u0142\u00f3wnie do kontroli zanieczyszczenia mikrobiologicznego powierzchni (np. sto\u0142\u00f3w, sprz\u0119tu, \u015bcian) metod\u0105 kontaktow\u0105 oraz powietrza metod\u0105 sedymentacyjn\u0105.<\/strong> <strong>Pod\u0142o\u017ce to dadatkowo zawiera substancje neutralizuj\u0105ce dzia\u0142anie zwi\u0105zk\u00f3w zawartych w preparatach dezynfekcyjnych hamuj\u0105cych wzrost mikroorganizm\u00f3w .<\/strong><\/p>\n<p><strong>Zastosowanie:<\/strong><br \/>\nSk\u0142ad pod\u0142o\u017ca zosta\u0142 tak dopracowany, aby zapewni\u0107 optymalny wzrost bakterii. Pod\u0142o\u017ce b\u0119d\u0105ce \u017ar\u00f3d\u0142em w\u0119gla, azotu, minera\u0142\u00f3w, zawiera pepton kazeinowy i sojowy. Mieszanina tych dw\u00f3ch pepton\u00f3w umo\u017cliwia wzrost szerokiego zakresu mikroorganizm\u00f3w.<br \/>\n<strong>Wielko\u015b\u0107 opakowania:<\/strong><br \/>\n20 p\u0142ytek<\/p>","protected":false},"excerpt":{"rendered":"<p>nr katalogowy: PR 0090N &nbsp; P\u0142ytki odciskowe s\u0142u\u017c\u0105 g\u0142\u00f3wnie do kontroli zanieczyszczenia mikrobiologicznego powierzchni (np. sto\u0142\u00f3w, sprz\u0119tu, \u015bcian) metod\u0105 kontaktow\u0105 oraz powietrza metod\u0105 sedymentacyjn\u0105. Pod\u0142o\u017ce to dadatkowo zawiera substancje neutralizuj\u0105ce dzia\u0142anie zwi\u0105zk\u00f3w zawartych w preparatach dezynfekcyjnych hamuj\u0105cych wzrost mikroorganizm\u00f3w . Zastosowanie: Sk\u0142ad pod\u0142o\u017ca zosta\u0142 tak dopracowany, aby zapewni\u0107 optymalny wzrost bakterii. Pod\u0142o\u017ce b\u0119d\u0105ce \u017ar\u00f3d\u0142em w\u0119gla, [&hellip;]<\/p>\n","protected":false},"featured_media":0,"template":"","meta":[],"product_brand":[],"product_cat":[81],"product_tag":[],"class_list":{"0":"post-2468","1":"product","2":"type-product","3":"status-publish","5":"product_cat-plytki-odciskowe","7":"first","8":"instock","9":"shipping-taxable","10":"product-type-simple"},"_links":{"self":[{"href":"https:\/\/www.btl.com.pl\/en\/wp-json\/wp\/v2\/product\/2468","targetHints":{"allow":["GET"]}}],"collection":[{"href":"https:\/\/www.btl.com.pl\/en\/wp-json\/wp\/v2\/product"}],"about":[{"href":"https:\/\/www.btl.com.pl\/en\/wp-json\/wp\/v2\/types\/product"}],"version-history":[{"count":1,"href":"https:\/\/www.btl.com.pl\/en\/wp-json\/wp\/v2\/product\/2468\/revisions"}],"predecessor-version":[{"id":2469,"href":"https:\/\/www.btl.com.pl\/en\/wp-json\/wp\/v2\/product\/2468\/revisions\/2469"}],"wp:attachment":[{"href":"https:\/\/www.btl.com.pl\/en\/wp-json\/wp\/v2\/media?parent=2468"}],"wp:term":[{"taxonomy":"product_brand","embeddable":true,"href":"https:\/\/www.btl.com.pl\/en\/wp-json\/wp\/v2\/product_brand?post=2468"},{"taxonomy":"product_cat","embeddable":true,"href":"https:\/\/www.btl.com.pl\/en\/wp-json\/wp\/v2\/product_cat?post=2468"},{"taxonomy":"product_tag","embeddable":true,"href":"https:\/\/www.btl.com.pl\/en\/wp-json\/wp\/v2\/product_tag?post=2468"}],"curies":[{"name":"wp","href":"https:\/\/api.w.org\/{rel}","templated":true}]}}