{"id":2464,"date":"2021-08-30T22:18:36","date_gmt":"2021-08-30T20:18:36","guid":{"rendered":"https:\/\/btl.com.pl\/?post_type=product&#038;p=2464"},"modified":"2021-08-30T22:19:13","modified_gmt":"2021-08-30T20:19:13","slug":"do-gronkowcow-chorobotworczych-z-neutralizatorami-pr-0011n","status":"publish","type":"product","link":"https:\/\/www.btl.com.pl\/en\/produkty\/plytki-odciskowe\/do-gronkowcow-chorobotworczych-z-neutralizatorami-pr-0011n\/","title":{"rendered":"Do gronkowc\u00f3w chorobotw\u00f3rczych (z neutralizatorami)  PR-0011N"},"content":{"rendered":"<p>nr katalogowy: <strong>PR 0011N<\/strong><\/p>\n<p>&nbsp;<\/p>\n<p><strong>P\u0142ytki odciskowe s\u0142u\u017c\u0105 g\u0142\u00f3wnie do kontroli zanieczyszczenia mikrobiologicznego powierzchni (np. sto\u0142\u00f3w, sprz\u0119tu, \u015bcian) metod\u0105 kontaktow\u0105 oraz powietrza metod\u0105 sedymentacyjn\u0105.<\/strong> <strong>Pod\u0142o\u017ce to dadatkowo zawiera substancje neutralizuj\u0105ce dzia\u0142anie zwi\u0105zk\u00f3w zawartych w preparatach dezynfekcyjnych hamuj\u0105cych wzrost mikroorganizm\u00f3w .<\/strong><\/p>\n<p><strong>Zastosowanie:<br \/>\n<\/strong>Pod\u0142o\u017ce wybi\u00f3rcze do izolowania i wykrywania gronkowc\u00f3w chorobotw\u00f3rczych. Pod\u0142o\u017ce to ma chrakter wybi\u00f3rczy ze wzgledu na wysok\u0105 zawarto\u015b\u0107 soli w pod\u0142o\u017cu, s\u0105 w stanie rosn\u0105\u0107 na nim organizmy halofilne w tym gronkowce.<br \/>\n<strong>Wielko\u015b\u0107 opakowania:<br \/>\n<\/strong>20 p\u0142ytek<\/p>","protected":false},"excerpt":{"rendered":"<p>nr katalogowy: PR 0011N &nbsp; P\u0142ytki odciskowe s\u0142u\u017c\u0105 g\u0142\u00f3wnie do kontroli zanieczyszczenia mikrobiologicznego powierzchni (np. sto\u0142\u00f3w, sprz\u0119tu, \u015bcian) metod\u0105 kontaktow\u0105 oraz powietrza metod\u0105 sedymentacyjn\u0105. Pod\u0142o\u017ce to dadatkowo zawiera substancje neutralizuj\u0105ce dzia\u0142anie zwi\u0105zk\u00f3w zawartych w preparatach dezynfekcyjnych hamuj\u0105cych wzrost mikroorganizm\u00f3w . Zastosowanie: Pod\u0142o\u017ce wybi\u00f3rcze do izolowania i wykrywania gronkowc\u00f3w chorobotw\u00f3rczych. Pod\u0142o\u017ce to ma chrakter wybi\u00f3rczy ze [&hellip;]<\/p>\n","protected":false},"featured_media":0,"template":"","meta":[],"product_brand":[],"product_cat":[81],"product_tag":[],"class_list":{"0":"post-2464","1":"product","2":"type-product","3":"status-publish","5":"product_cat-plytki-odciskowe","7":"first","8":"instock","9":"shipping-taxable","10":"product-type-simple"},"_links":{"self":[{"href":"https:\/\/www.btl.com.pl\/en\/wp-json\/wp\/v2\/product\/2464","targetHints":{"allow":["GET"]}}],"collection":[{"href":"https:\/\/www.btl.com.pl\/en\/wp-json\/wp\/v2\/product"}],"about":[{"href":"https:\/\/www.btl.com.pl\/en\/wp-json\/wp\/v2\/types\/product"}],"version-history":[{"count":1,"href":"https:\/\/www.btl.com.pl\/en\/wp-json\/wp\/v2\/product\/2464\/revisions"}],"predecessor-version":[{"id":2465,"href":"https:\/\/www.btl.com.pl\/en\/wp-json\/wp\/v2\/product\/2464\/revisions\/2465"}],"wp:attachment":[{"href":"https:\/\/www.btl.com.pl\/en\/wp-json\/wp\/v2\/media?parent=2464"}],"wp:term":[{"taxonomy":"product_brand","embeddable":true,"href":"https:\/\/www.btl.com.pl\/en\/wp-json\/wp\/v2\/product_brand?post=2464"},{"taxonomy":"product_cat","embeddable":true,"href":"https:\/\/www.btl.com.pl\/en\/wp-json\/wp\/v2\/product_cat?post=2464"},{"taxonomy":"product_tag","embeddable":true,"href":"https:\/\/www.btl.com.pl\/en\/wp-json\/wp\/v2\/product_tag?post=2464"}],"curies":[{"name":"wp","href":"https:\/\/api.w.org\/{rel}","templated":true}]}}