{"id":2460,"date":"2021-08-30T22:15:59","date_gmt":"2021-08-30T20:15:59","guid":{"rendered":"https:\/\/btl.com.pl\/?post_type=product&#038;p=2460"},"modified":"2021-08-30T22:16:50","modified_gmt":"2021-08-30T20:16:50","slug":"do-bakterii-z-rodziny-enterobacteriaceae-z-neutralizatorami-pr-0256n","status":"publish","type":"product","link":"https:\/\/www.btl.com.pl\/en\/produkty\/plytki-odciskowe\/do-bakterii-z-rodziny-enterobacteriaceae-z-neutralizatorami-pr-0256n\/","title":{"rendered":"Do bakterii z rodziny Enterobacteriaceae (z neutralizatorami)  PR-0256N"},"content":{"rendered":"<p>nr katalogowy: <strong>PR0256N<\/strong><\/p>\n<p>&nbsp;<\/p>\n<p><strong>P\u0142ytki odciskowe s\u0142u\u017c\u0105 g\u0142\u00f3wnie do kontroli zanieczyszczenia mikrobiologicznego powierzchni (np. sto\u0142\u00f3w, sprz\u0119tu, \u015bcian) metod\u0105 kontaktow\u0105.<\/strong> <strong>Pod\u0142o\u017ce to dadatkowo zawiera substancje neutralizuj\u0105ce dzia\u0142anie zwi\u0105zk\u00f3w zawartych w preparatach dezynfekcyjnych hamuj\u0105cych wzrost mikroorganizm\u00f3w.<\/strong><\/p>\n<p><strong>Zastosowanie:<br \/>\n<\/strong>Pod\u0142o\u017ce wybi\u00f3rcze do izolacji i okre\u015blania liczby bakterii z rodziny <em>Enterobacteriaceae<\/em>.<br \/>\n<strong>Wielko\u015b\u0107 opakowania:<br \/>\n<\/strong>20 p\u0142ytek<\/p>","protected":false},"excerpt":{"rendered":"<p>nr katalogowy: PR0256N &nbsp; P\u0142ytki odciskowe s\u0142u\u017c\u0105 g\u0142\u00f3wnie do kontroli zanieczyszczenia mikrobiologicznego powierzchni (np. sto\u0142\u00f3w, sprz\u0119tu, \u015bcian) metod\u0105 kontaktow\u0105. Pod\u0142o\u017ce to dadatkowo zawiera substancje neutralizuj\u0105ce dzia\u0142anie zwi\u0105zk\u00f3w zawartych w preparatach dezynfekcyjnych hamuj\u0105cych wzrost mikroorganizm\u00f3w. Zastosowanie: Pod\u0142o\u017ce wybi\u00f3rcze do izolacji i okre\u015blania liczby bakterii z rodziny Enterobacteriaceae. Wielko\u015b\u0107 opakowania: 20 p\u0142ytek<\/p>","protected":false},"featured_media":0,"template":"","meta":[],"product_brand":[],"product_cat":[81],"product_tag":[],"class_list":{"0":"post-2460","1":"product","2":"type-product","3":"status-publish","5":"product_cat-plytki-odciskowe","7":"first","8":"instock","9":"shipping-taxable","10":"product-type-simple"},"_links":{"self":[{"href":"https:\/\/www.btl.com.pl\/en\/wp-json\/wp\/v2\/product\/2460","targetHints":{"allow":["GET"]}}],"collection":[{"href":"https:\/\/www.btl.com.pl\/en\/wp-json\/wp\/v2\/product"}],"about":[{"href":"https:\/\/www.btl.com.pl\/en\/wp-json\/wp\/v2\/types\/product"}],"version-history":[{"count":1,"href":"https:\/\/www.btl.com.pl\/en\/wp-json\/wp\/v2\/product\/2460\/revisions"}],"predecessor-version":[{"id":2461,"href":"https:\/\/www.btl.com.pl\/en\/wp-json\/wp\/v2\/product\/2460\/revisions\/2461"}],"wp:attachment":[{"href":"https:\/\/www.btl.com.pl\/en\/wp-json\/wp\/v2\/media?parent=2460"}],"wp:term":[{"taxonomy":"product_brand","embeddable":true,"href":"https:\/\/www.btl.com.pl\/en\/wp-json\/wp\/v2\/product_brand?post=2460"},{"taxonomy":"product_cat","embeddable":true,"href":"https:\/\/www.btl.com.pl\/en\/wp-json\/wp\/v2\/product_cat?post=2460"},{"taxonomy":"product_tag","embeddable":true,"href":"https:\/\/www.btl.com.pl\/en\/wp-json\/wp\/v2\/product_tag?post=2460"}],"curies":[{"name":"wp","href":"https:\/\/api.w.org\/{rel}","templated":true}]}}