{"id":2456,"date":"2021-08-30T22:12:03","date_gmt":"2021-08-30T20:12:03","guid":{"rendered":"https:\/\/btl.com.pl\/?post_type=product&#038;p=2456"},"modified":"2021-08-30T22:14:05","modified_gmt":"2021-08-30T20:14:05","slug":"do-bakterii-z-rodzaju-pseudomonas-pr-0178","status":"publish","type":"product","link":"https:\/\/www.btl.com.pl\/en\/produkty\/plytki-odciskowe\/do-bakterii-z-rodzaju-pseudomonas-pr-0178\/","title":{"rendered":"Do bakterii z rodzaju Pseudomonas  PR-0178"},"content":{"rendered":"<p>nr katalogowy: <strong>PR 0178<\/strong><\/p>\n<p>&nbsp;<\/p>\n<p><strong>P\u0142ytki odciskowe s\u0142u\u017c\u0105 g\u0142\u00f3wnie do kontroli zanieczyszczenia mikrobiologicznego powierzchni (np. sto\u0142\u00f3w, sprz\u0119tu, \u015bcian) metod\u0105 kontaktow\u0105 oraz powietrza metod\u0105 sedymentacyjn\u0105.<br \/>\n<\/strong><\/p>\n<p><strong>Zastosowanie:<br \/>\n<\/strong>Pod\u0142o\u017ce stosowane do izolacji i r\u00f3\u017cnicowania <em>Pseudomonas aeruginosa. <\/em>Pod\u0142o\u017ce ma charakter wybi\u00f3rczy dzi\u0119ki obecno\u015bci cetrymidu, kt\u00f3ry hamuje wzrost wi\u0119kszo\u015bci mikroflory towarzysz\u0105cej.<br \/>\n<strong>Wielko\u015b\u0107 opakowania:<br \/>\n<\/strong>20 p\u0142ytek<\/p>","protected":false},"excerpt":{"rendered":"<p>nr katalogowy: PR 0178 &nbsp; P\u0142ytki odciskowe s\u0142u\u017c\u0105 g\u0142\u00f3wnie do kontroli zanieczyszczenia mikrobiologicznego powierzchni (np. sto\u0142\u00f3w, sprz\u0119tu, \u015bcian) metod\u0105 kontaktow\u0105 oraz powietrza metod\u0105 sedymentacyjn\u0105. Zastosowanie: Pod\u0142o\u017ce stosowane do izolacji i r\u00f3\u017cnicowania Pseudomonas aeruginosa. Pod\u0142o\u017ce ma charakter wybi\u00f3rczy dzi\u0119ki obecno\u015bci cetrymidu, kt\u00f3ry hamuje wzrost wi\u0119kszo\u015bci mikroflory towarzysz\u0105cej. Wielko\u015b\u0107 opakowania: 20 p\u0142ytek<\/p>","protected":false},"featured_media":0,"template":"","meta":[],"product_brand":[],"product_cat":[81],"product_tag":[],"class_list":{"0":"post-2456","1":"product","2":"type-product","3":"status-publish","5":"product_cat-plytki-odciskowe","7":"first","8":"instock","9":"shipping-taxable","10":"product-type-simple"},"_links":{"self":[{"href":"https:\/\/www.btl.com.pl\/en\/wp-json\/wp\/v2\/product\/2456","targetHints":{"allow":["GET"]}}],"collection":[{"href":"https:\/\/www.btl.com.pl\/en\/wp-json\/wp\/v2\/product"}],"about":[{"href":"https:\/\/www.btl.com.pl\/en\/wp-json\/wp\/v2\/types\/product"}],"version-history":[{"count":1,"href":"https:\/\/www.btl.com.pl\/en\/wp-json\/wp\/v2\/product\/2456\/revisions"}],"predecessor-version":[{"id":2457,"href":"https:\/\/www.btl.com.pl\/en\/wp-json\/wp\/v2\/product\/2456\/revisions\/2457"}],"wp:attachment":[{"href":"https:\/\/www.btl.com.pl\/en\/wp-json\/wp\/v2\/media?parent=2456"}],"wp:term":[{"taxonomy":"product_brand","embeddable":true,"href":"https:\/\/www.btl.com.pl\/en\/wp-json\/wp\/v2\/product_brand?post=2456"},{"taxonomy":"product_cat","embeddable":true,"href":"https:\/\/www.btl.com.pl\/en\/wp-json\/wp\/v2\/product_cat?post=2456"},{"taxonomy":"product_tag","embeddable":true,"href":"https:\/\/www.btl.com.pl\/en\/wp-json\/wp\/v2\/product_tag?post=2456"}],"curies":[{"name":"wp","href":"https:\/\/api.w.org\/{rel}","templated":true}]}}