{"id":2444,"date":"2021-08-30T21:46:29","date_gmt":"2021-08-30T19:46:29","guid":{"rendered":"https:\/\/btl.com.pl\/?post_type=product&#038;p=2444"},"modified":"2021-08-30T21:51:54","modified_gmt":"2021-08-30T19:51:54","slug":"do-bakterii-z-grupy-coli-i-shigella-salmonella","status":"publish","type":"product","link":"https:\/\/www.btl.com.pl\/en\/produkty\/plytki-odciskowe\/do-bakterii-z-grupy-coli-i-shigella-salmonella\/","title":{"rendered":"Do bakterii z grupy coli i Shigella, Salmonella. PR-0008"},"content":{"rendered":"<p>nr katalogowy: <strong>PR 0008<\/strong><\/p>\n<p>&nbsp;<\/p>\n<p><strong>P\u0142ytki odciskowe s\u0142u\u017c\u0105 g\u0142\u00f3wnie do kontroli zanieczyszczenia mikrobiologicznego powierzchni (np. sto\u0142\u00f3w, sprz\u0119tu, \u015bcian) metod\u0105 kontaktow\u0105 oraz powietrza metod\u0105 sedymentacyjn\u0105. <\/strong><\/p>\n<p><strong>Zastosowanie:<\/strong><br \/>\nPod\u0142o\u017ce wybi\u00f3rcze do wst\u0119pnej kontroli obecno\u015bci Shigella, Salmonella i bakterii z grupy coli.\u00a0Pod\u0142o\u017ce ma charakter wybi\u00f3rczy w stosunku do wi\u0119kszo\u015bci bakterii gram-dodatnich, dzi\u0119ki obecno\u015bci soli \u017c\u00f3\u0142ci i fioletu krystalicznego.<br \/>\n<strong>Wielko\u015b\u0107 opakowania:<\/strong><br \/>\n20 p\u0142ytek<\/p>","protected":false},"excerpt":{"rendered":"<p>nr katalogowy: PR 0008 &nbsp; P\u0142ytki odciskowe s\u0142u\u017c\u0105 g\u0142\u00f3wnie do kontroli zanieczyszczenia mikrobiologicznego powierzchni (np. sto\u0142\u00f3w, sprz\u0119tu, \u015bcian) metod\u0105 kontaktow\u0105 oraz powietrza metod\u0105 sedymentacyjn\u0105. Zastosowanie: Pod\u0142o\u017ce wybi\u00f3rcze do wst\u0119pnej kontroli obecno\u015bci Shigella, Salmonella i bakterii z grupy coli.\u00a0Pod\u0142o\u017ce ma charakter wybi\u00f3rczy w stosunku do wi\u0119kszo\u015bci bakterii gram-dodatnich, dzi\u0119ki obecno\u015bci soli \u017c\u00f3\u0142ci i fioletu krystalicznego. Wielko\u015b\u0107 [&hellip;]<\/p>\n","protected":false},"featured_media":0,"template":"","meta":[],"product_brand":[],"product_cat":[81],"product_tag":[],"class_list":{"0":"post-2444","1":"product","2":"type-product","3":"status-publish","5":"product_cat-plytki-odciskowe","7":"first","8":"instock","9":"shipping-taxable","10":"product-type-simple"},"_links":{"self":[{"href":"https:\/\/www.btl.com.pl\/en\/wp-json\/wp\/v2\/product\/2444","targetHints":{"allow":["GET"]}}],"collection":[{"href":"https:\/\/www.btl.com.pl\/en\/wp-json\/wp\/v2\/product"}],"about":[{"href":"https:\/\/www.btl.com.pl\/en\/wp-json\/wp\/v2\/types\/product"}],"version-history":[{"count":2,"href":"https:\/\/www.btl.com.pl\/en\/wp-json\/wp\/v2\/product\/2444\/revisions"}],"predecessor-version":[{"id":2452,"href":"https:\/\/www.btl.com.pl\/en\/wp-json\/wp\/v2\/product\/2444\/revisions\/2452"}],"wp:attachment":[{"href":"https:\/\/www.btl.com.pl\/en\/wp-json\/wp\/v2\/media?parent=2444"}],"wp:term":[{"taxonomy":"product_brand","embeddable":true,"href":"https:\/\/www.btl.com.pl\/en\/wp-json\/wp\/v2\/product_brand?post=2444"},{"taxonomy":"product_cat","embeddable":true,"href":"https:\/\/www.btl.com.pl\/en\/wp-json\/wp\/v2\/product_cat?post=2444"},{"taxonomy":"product_tag","embeddable":true,"href":"https:\/\/www.btl.com.pl\/en\/wp-json\/wp\/v2\/product_tag?post=2444"}],"curies":[{"name":"wp","href":"https:\/\/api.w.org\/{rel}","templated":true}]}}