{"id":2321,"date":"2021-08-30T20:10:23","date_gmt":"2021-08-30T18:10:23","guid":{"rendered":"https:\/\/btl.com.pl\/?post_type=product&#038;p=2321"},"modified":"2022-03-28T16:03:51","modified_gmt":"2022-03-28T14:03:51","slug":"flucytosin-1-an-0612","status":"publish","type":"product","link":"https:\/\/www.btl.com.pl\/en\/produkty\/weterynaria\/krazki-do-antybiogramu\/flucytosin-1-an-0612\/","title":{"rendered":"Flucytosin 1  AN-0612"},"content":{"rendered":"<div>nr katalogowy: <b>AN 0612<\/b><\/div>\n<p>&nbsp;<\/p>\n<div>\n<p><strong>Zastosowanie :<\/strong><br \/>\nTesty na lekowra\u017cliwo\u015b\u0107 s\u0105 u\u017cywane do mierzenia wra\u017cliwo\u015bci mikroorganizm\u00f3w na antybiotyki. Technika ta jest u\u017cywana do rutynowego testowania, szybko rosn\u0105cych pewnych patogen\u00f3w. Suche papierowe filtry nas\u0105czone s\u0105 specyficznie st\u0119\u017conymi antybiotykami i nak\u0142adane na powierzchnie pod\u0142o\u017cy mikrobiologicznych, zaszczepionych mikroorganizmami. Po 18 godzinach inkubacji obserwuje si\u0119 strefy zahamowa\u0144 wzrostu mikroorganizm\u00f3w wok\u00f3\u0142 kr\u0105\u017cka z antybiotykiem.<br \/>\n<strong>Wielko\u015b\u0107 opakowania :<\/strong><br \/>\n1 x 50 kr\u0105\u017ck\u00f3w, 5 x 50 kr\u0105\u017ck\u00f3w<\/p>\n<\/div>","protected":false},"excerpt":{"rendered":"<p>nr katalogowy: AN 0612 &nbsp; Zastosowanie : Testy na lekowra\u017cliwo\u015b\u0107 s\u0105 u\u017cywane do mierzenia wra\u017cliwo\u015bci mikroorganizm\u00f3w na antybiotyki. Technika ta jest u\u017cywana do rutynowego testowania, szybko rosn\u0105cych pewnych patogen\u00f3w. Suche papierowe filtry nas\u0105czone s\u0105 specyficznie st\u0119\u017conymi antybiotykami i nak\u0142adane na powierzchnie pod\u0142o\u017cy mikrobiologicznych, zaszczepionych mikroorganizmami. Po 18 godzinach inkubacji obserwuje si\u0119 strefy zahamowa\u0144 wzrostu mikroorganizm\u00f3w [&hellip;]<\/p>\n","protected":false},"featured_media":0,"template":"","meta":[],"product_brand":[],"product_cat":[85,98,80],"product_tag":[],"class_list":{"0":"post-2321","1":"product","2":"type-product","3":"status-publish","5":"product_cat-krazki-do-antybiotykugramu","6":"product_cat-krazki-do-antybiogramu","7":"product_cat-weterynaria","9":"first","10":"instock","11":"shipping-taxable","12":"product-type-simple"},"_links":{"self":[{"href":"https:\/\/www.btl.com.pl\/en\/wp-json\/wp\/v2\/product\/2321","targetHints":{"allow":["GET"]}}],"collection":[{"href":"https:\/\/www.btl.com.pl\/en\/wp-json\/wp\/v2\/product"}],"about":[{"href":"https:\/\/www.btl.com.pl\/en\/wp-json\/wp\/v2\/types\/product"}],"version-history":[{"count":1,"href":"https:\/\/www.btl.com.pl\/en\/wp-json\/wp\/v2\/product\/2321\/revisions"}],"predecessor-version":[{"id":2322,"href":"https:\/\/www.btl.com.pl\/en\/wp-json\/wp\/v2\/product\/2321\/revisions\/2322"}],"wp:attachment":[{"href":"https:\/\/www.btl.com.pl\/en\/wp-json\/wp\/v2\/media?parent=2321"}],"wp:term":[{"taxonomy":"product_brand","embeddable":true,"href":"https:\/\/www.btl.com.pl\/en\/wp-json\/wp\/v2\/product_brand?post=2321"},{"taxonomy":"product_cat","embeddable":true,"href":"https:\/\/www.btl.com.pl\/en\/wp-json\/wp\/v2\/product_cat?post=2321"},{"taxonomy":"product_tag","embeddable":true,"href":"https:\/\/www.btl.com.pl\/en\/wp-json\/wp\/v2\/product_tag?post=2321"}],"curies":[{"name":"wp","href":"https:\/\/api.w.org\/{rel}","templated":true}]}}