{"id":2184,"date":"2021-08-29T21:09:17","date_gmt":"2021-08-29T19:09:17","guid":{"rendered":"https:\/\/btl.com.pl\/?post_type=product&#038;p=2184"},"modified":"2021-08-29T21:09:45","modified_gmt":"2021-08-29T19:09:45","slug":"rekawice-lateksowe-o-rozmiarach-s-m-l","status":"publish","type":"product","link":"https:\/\/www.btl.com.pl\/en\/produkty\/srodki-do-ochrony-i-higieny\/rekawice-lateksowe-o-rozmiarach-s-m-l\/","title":{"rendered":"R\u0119kawice lateksowe o rozmiarach S, M, L"},"content":{"rendered":"<div>nr katalogowy: <b>HRL<\/b><\/div>\n<p>&nbsp;<\/p>\n<div>\n<p>R\u0119kawiczki lateksowe &#8211; jednorazowego u\u017cytku<br \/>\nDostepne w rozmiarach S, M, L<br \/>\n<strong>Wielko\u015b\u0107 opakowania:<br \/>\n<\/strong>100 szt.<\/p>\n<\/div>","protected":false},"excerpt":{"rendered":"<p>nr katalogowy: HRL &nbsp; R\u0119kawiczki lateksowe &#8211; jednorazowego u\u017cytku Dostepne w rozmiarach S, M, L Wielko\u015b\u0107 opakowania: 100 szt.<\/p>","protected":false},"featured_media":0,"template":"","meta":[],"product_brand":[],"product_cat":[86],"product_tag":[],"class_list":{"0":"post-2184","1":"product","2":"type-product","3":"status-publish","5":"product_cat-srodki-do-ochrony-i-higieny","7":"first","8":"instock","9":"shipping-taxable","10":"product-type-simple"},"_links":{"self":[{"href":"https:\/\/www.btl.com.pl\/en\/wp-json\/wp\/v2\/product\/2184","targetHints":{"allow":["GET"]}}],"collection":[{"href":"https:\/\/www.btl.com.pl\/en\/wp-json\/wp\/v2\/product"}],"about":[{"href":"https:\/\/www.btl.com.pl\/en\/wp-json\/wp\/v2\/types\/product"}],"version-history":[{"count":1,"href":"https:\/\/www.btl.com.pl\/en\/wp-json\/wp\/v2\/product\/2184\/revisions"}],"predecessor-version":[{"id":2185,"href":"https:\/\/www.btl.com.pl\/en\/wp-json\/wp\/v2\/product\/2184\/revisions\/2185"}],"wp:attachment":[{"href":"https:\/\/www.btl.com.pl\/en\/wp-json\/wp\/v2\/media?parent=2184"}],"wp:term":[{"taxonomy":"product_brand","embeddable":true,"href":"https:\/\/www.btl.com.pl\/en\/wp-json\/wp\/v2\/product_brand?post=2184"},{"taxonomy":"product_cat","embeddable":true,"href":"https:\/\/www.btl.com.pl\/en\/wp-json\/wp\/v2\/product_cat?post=2184"},{"taxonomy":"product_tag","embeddable":true,"href":"https:\/\/www.btl.com.pl\/en\/wp-json\/wp\/v2\/product_tag?post=2184"}],"curies":[{"name":"wp","href":"https:\/\/api.w.org\/{rel}","templated":true}]}}