{"id":2180,"date":"2021-08-29T21:07:22","date_gmt":"2021-08-29T19:07:22","guid":{"rendered":"https:\/\/btl.com.pl\/?post_type=product&#038;p=2180"},"modified":"2022-05-13T09:35:13","modified_gmt":"2022-05-13T07:35:13","slug":"plyny-dezynfekcyjne-i-myjace-mikrozid","status":"publish","type":"product","link":"https:\/\/www.btl.com.pl\/en\/produkty\/srodki-do-ochrony-i-higieny\/plyny-dezynfekcyjne-i-myjace-mikrozid\/","title":{"rendered":"P\u0142yny dezynfekcyjne i myj\u0105ce &#8211; mikrozid"},"content":{"rendered":"<div>nr katalogowy: <b>HDM3<\/b><\/div>\n<p>&nbsp;<\/p>\n<div>\n<p>Mikrozid posiada szerokie spektrum dzia\u0142ania, szybko wysycha oraz nie pozostawia plam, nie zawiera aldehyd\u00f3w.<br \/>\n<strong>Wielko\u015bc opakowania:<\/strong><br \/>\n1 litr, 10 litr\u00f3w<\/p>\n<\/div>","protected":false},"excerpt":{"rendered":"<p>nr katalogowy: HDM3 &nbsp; Mikrozid posiada szerokie spektrum dzia\u0142ania, szybko wysycha oraz nie pozostawia plam, nie zawiera aldehyd\u00f3w. Wielko\u015bc opakowania: 1 litr, 10 litr\u00f3w<\/p>","protected":false},"featured_media":0,"template":"","meta":[],"product_brand":[],"product_cat":[86],"product_tag":[],"class_list":{"0":"post-2180","1":"product","2":"type-product","3":"status-publish","5":"product_cat-srodki-do-ochrony-i-higieny","7":"first","8":"instock","9":"shipping-taxable","10":"product-type-simple"},"_links":{"self":[{"href":"https:\/\/www.btl.com.pl\/en\/wp-json\/wp\/v2\/product\/2180","targetHints":{"allow":["GET"]}}],"collection":[{"href":"https:\/\/www.btl.com.pl\/en\/wp-json\/wp\/v2\/product"}],"about":[{"href":"https:\/\/www.btl.com.pl\/en\/wp-json\/wp\/v2\/types\/product"}],"version-history":[{"count":2,"href":"https:\/\/www.btl.com.pl\/en\/wp-json\/wp\/v2\/product\/2180\/revisions"}],"predecessor-version":[{"id":3915,"href":"https:\/\/www.btl.com.pl\/en\/wp-json\/wp\/v2\/product\/2180\/revisions\/3915"}],"wp:attachment":[{"href":"https:\/\/www.btl.com.pl\/en\/wp-json\/wp\/v2\/media?parent=2180"}],"wp:term":[{"taxonomy":"product_brand","embeddable":true,"href":"https:\/\/www.btl.com.pl\/en\/wp-json\/wp\/v2\/product_brand?post=2180"},{"taxonomy":"product_cat","embeddable":true,"href":"https:\/\/www.btl.com.pl\/en\/wp-json\/wp\/v2\/product_cat?post=2180"},{"taxonomy":"product_tag","embeddable":true,"href":"https:\/\/www.btl.com.pl\/en\/wp-json\/wp\/v2\/product_tag?post=2180"}],"curies":[{"name":"wp","href":"https:\/\/api.w.org\/{rel}","templated":true}]}}