{"id":2170,"date":"2021-08-29T20:56:49","date_gmt":"2021-08-29T18:56:49","guid":{"rendered":"https:\/\/btl.com.pl\/?post_type=product&#038;p=2170"},"modified":"2021-08-31T22:59:30","modified_gmt":"2021-08-31T20:59:30","slug":"bulion-do-badania-rozkladu-weglowodanow-p-0255","status":"publish","type":"product","link":"https:\/\/www.btl.com.pl\/en\/produkty\/podloza-mikrobiologiczne-sypkie\/buliony\/bulion-do-badania-rozkladu-weglowodanow-p-0255\/","title":{"rendered":"Bulion Frasera \u2013 podstawowe  P-0211"},"content":{"rendered":"<div>nr katalogowy: <b>P-0211<\/b><\/div>\n<p>&nbsp;<\/p>\n<div>\n<p><strong>Zastosowanie:<\/strong><br \/>\nPod\u0142o\u017ce wybi\u00f3rcze namna\u017caj\u0105ce wykorzystywane podczas oznaczania obecno\u015bci <em>Listeria monocytogenes<\/em>. Pod\u0142o\u017ce szczeg\u00f3lnie polecane s\u0105 przy izolacji <em>Listeria sp<\/em>. z \u017cywno\u015bci czy pasz. Bulion Fraser\u2019a zawiera du\u017c\u0105 ilo\u015b\u0107 sk\u0142adnik\u00f3w od\u017cywczych gwarantuj\u0105cych wzrost mikroorganizm\u00f3w o podwy\u017cszanych wymaganiach pokarmowych.<br \/>\n<strong><a href=\"https:\/\/www.btl.com.pl\/en\/produktopis\/1\/0\/produkty\/13\/22\/\" target=\"_blank\" rel=\"noopener\">Suplementy:<\/a><\/strong><br \/>\nD-076-1 Dodatek wybi\u00f3rczy do bulionu Frasera<br \/>\n<strong>Szczepy kontrolne:<\/strong><br \/>\n<em>Listeria monocytogenes ATCC 15315<\/em><br \/>\n<strong>Wielko\u015b\u0107 opakowania:<\/strong><br \/>\nSypkie: 500 g, 250 g, 100 g, gotowa nawa\u017cka na 250 ml<\/p>\n<\/div>","protected":false},"excerpt":{"rendered":"<p>nr katalogowy: P-0211 &nbsp; Zastosowanie: Pod\u0142o\u017ce wybi\u00f3rcze namna\u017caj\u0105ce wykorzystywane podczas oznaczania obecno\u015bci Listeria monocytogenes. Pod\u0142o\u017ce szczeg\u00f3lnie polecane s\u0105 przy izolacji Listeria sp. z \u017cywno\u015bci czy pasz. Bulion Fraser\u2019a zawiera du\u017c\u0105 ilo\u015b\u0107 sk\u0142adnik\u00f3w od\u017cywczych gwarantuj\u0105cych wzrost mikroorganizm\u00f3w o podwy\u017cszanych wymaganiach pokarmowych. Suplementy: D-076-1 Dodatek wybi\u00f3rczy do bulionu Frasera Szczepy kontrolne: Listeria monocytogenes ATCC 15315 Wielko\u015b\u0107 opakowania: [&hellip;]<\/p>\n","protected":false},"featured_media":0,"template":"","meta":[],"product_brand":[],"product_cat":[100,77],"product_tag":[],"class_list":{"0":"post-2170","1":"product","2":"type-product","3":"status-publish","5":"product_cat-buliony","6":"product_cat-podloza-mikrobiologiczne-sypkie","8":"first","9":"instock","10":"shipping-taxable","11":"product-type-simple"},"_links":{"self":[{"href":"https:\/\/www.btl.com.pl\/en\/wp-json\/wp\/v2\/product\/2170","targetHints":{"allow":["GET"]}}],"collection":[{"href":"https:\/\/www.btl.com.pl\/en\/wp-json\/wp\/v2\/product"}],"about":[{"href":"https:\/\/www.btl.com.pl\/en\/wp-json\/wp\/v2\/types\/product"}],"version-history":[{"count":3,"href":"https:\/\/www.btl.com.pl\/en\/wp-json\/wp\/v2\/product\/2170\/revisions"}],"predecessor-version":[{"id":2527,"href":"https:\/\/www.btl.com.pl\/en\/wp-json\/wp\/v2\/product\/2170\/revisions\/2527"}],"wp:attachment":[{"href":"https:\/\/www.btl.com.pl\/en\/wp-json\/wp\/v2\/media?parent=2170"}],"wp:term":[{"taxonomy":"product_brand","embeddable":true,"href":"https:\/\/www.btl.com.pl\/en\/wp-json\/wp\/v2\/product_brand?post=2170"},{"taxonomy":"product_cat","embeddable":true,"href":"https:\/\/www.btl.com.pl\/en\/wp-json\/wp\/v2\/product_cat?post=2170"},{"taxonomy":"product_tag","embeddable":true,"href":"https:\/\/www.btl.com.pl\/en\/wp-json\/wp\/v2\/product_tag?post=2170"}],"curies":[{"name":"wp","href":"https:\/\/api.w.org\/{rel}","templated":true}]}}