{"id":2162,"date":"2021-08-29T20:39:25","date_gmt":"2021-08-29T18:39:25","guid":{"rendered":"https:\/\/btl.com.pl\/?post_type=product&#038;p=2162"},"modified":"2022-03-28T20:23:13","modified_gmt":"2022-03-28T18:23:13","slug":"agarowe-podloze-n-agar-z-cetrymidem-podstawowe-p-0178","status":"publish","type":"product","link":"https:\/\/www.btl.com.pl\/en\/produkty\/weterynaria\/podloza-gotowe-na-plytkach\/agarowe-podloze-n-agar-z-cetrymidem-podstawowe-p-0178\/","title":{"rendered":"AGAROWE POD\u0141O\u017bE N (Agar z cetrymidem &#8211; podstawowe)  P-0178"},"content":{"rendered":"<div>nr katalogowy: <b>P-0178<\/b><\/div>\n<p>&nbsp;<\/p>\n<div>\n<p><strong>Zastosowanie:<\/strong><br \/>\nPod\u0142o\u017ce wybi\u00f3rcze do izolacji i r\u00f3\u017cnicowania Pseudomonas aeruginosa. Pod\u0142o\u017ce o poni\u017cszym sk\u0142adzie polecane jest przez Farmakopee do badania czysto\u015bci mikrobiologicznej w surowcach przeznaczonych do produkcji lek\u00f3w, jak i w lekach gotowych.<br \/>\n<strong>Szczepy kontrolne:<\/strong><br \/>\n<em>Pseudomonas aeruginosa ATCC 27853<\/em><br \/>\n<strong>Wielko\u015b\u0107 opakowania:<br \/>\n<\/strong>Sypkie: 500 g, 250 g, 100 g, gotowa nawa\u017cka na 250 ml<br \/>\nButelki: 6 x 400 ml, 6 x 200 ml<\/p>\n<\/div>","protected":false},"excerpt":{"rendered":"<p>nr katalogowy: P-0178 &nbsp; Zastosowanie: Pod\u0142o\u017ce wybi\u00f3rcze do izolacji i r\u00f3\u017cnicowania Pseudomonas aeruginosa. Pod\u0142o\u017ce o poni\u017cszym sk\u0142adzie polecane jest przez Farmakopee do badania czysto\u015bci mikrobiologicznej w surowcach przeznaczonych do produkcji lek\u00f3w, jak i w lekach gotowych. Szczepy kontrolne: Pseudomonas aeruginosa ATCC 27853 Wielko\u015b\u0107 opakowania: Sypkie: 500 g, 250 g, 100 g, gotowa nawa\u017cka na 250 [&hellip;]<\/p>\n","protected":false},"featured_media":0,"template":"","meta":[],"product_brand":[],"product_cat":[126,104,97,78,80],"product_tag":[],"class_list":{"0":"post-2162","1":"product","2":"type-product","3":"status-publish","5":"product_cat-butelki","6":"product_cat-plytki-podloza-mikrobiologiczne-gotowe","7":"product_cat-podloza-gotowe-na-plytkach","8":"product_cat-podloza-mikrobiologiczne-gotowe","9":"product_cat-weterynaria","11":"first","12":"instock","13":"shipping-taxable","14":"product-type-simple"},"_links":{"self":[{"href":"https:\/\/www.btl.com.pl\/en\/wp-json\/wp\/v2\/product\/2162","targetHints":{"allow":["GET"]}}],"collection":[{"href":"https:\/\/www.btl.com.pl\/en\/wp-json\/wp\/v2\/product"}],"about":[{"href":"https:\/\/www.btl.com.pl\/en\/wp-json\/wp\/v2\/types\/product"}],"version-history":[{"count":2,"href":"https:\/\/www.btl.com.pl\/en\/wp-json\/wp\/v2\/product\/2162\/revisions"}],"predecessor-version":[{"id":3671,"href":"https:\/\/www.btl.com.pl\/en\/wp-json\/wp\/v2\/product\/2162\/revisions\/3671"}],"wp:attachment":[{"href":"https:\/\/www.btl.com.pl\/en\/wp-json\/wp\/v2\/media?parent=2162"}],"wp:term":[{"taxonomy":"product_brand","embeddable":true,"href":"https:\/\/www.btl.com.pl\/en\/wp-json\/wp\/v2\/product_brand?post=2162"},{"taxonomy":"product_cat","embeddable":true,"href":"https:\/\/www.btl.com.pl\/en\/wp-json\/wp\/v2\/product_cat?post=2162"},{"taxonomy":"product_tag","embeddable":true,"href":"https:\/\/www.btl.com.pl\/en\/wp-json\/wp\/v2\/product_tag?post=2162"}],"curies":[{"name":"wp","href":"https:\/\/api.w.org\/{rel}","templated":true}]}}