{"id":2160,"date":"2021-08-29T20:36:29","date_gmt":"2021-08-29T18:36:29","guid":{"rendered":"https:\/\/btl.com.pl\/?post_type=product&#038;p=2160"},"modified":"2022-03-01T20:47:08","modified_gmt":"2022-03-01T19:47:08","slug":"agarowe-podloze-l-agar-z-zielenia-brylantowa-i-czerwienia-fenolowa-laktoza-jednowowdna-i-sacharoza-p-0187","status":"publish","type":"product","link":"https:\/\/www.btl.com.pl\/en\/produkty\/podloza-mikrobiologiczne-gotowe\/butelki\/agarowe-podloze-l-agar-z-zielenia-brylantowa-i-czerwienia-fenolowa-laktoza-jednowowdna-i-sacharoza-p-0187\/","title":{"rendered":"AGAROWE POD\u0141O\u017bE L (agar z zieleni\u0105 brylantow\u0105 i czerwieni\u0105 fenolow\u0105, laktoz\u0105 jednowowdn\u0105 i sacharoz\u0105) P-0187"},"content":{"rendered":"<div>nr katalogowy: <b>P-0187<\/b><\/div>\n<p>&nbsp;<\/p>\n<div>\n<p><strong>Zastosowanie:<\/strong><br \/>\nPod\u0142o\u017ce wybi\u00f3rcze do izolacji i r\u00f3\u017cnicowania bakterii z rodzaju <em>Salmonella<\/em> i <em>Shigella<\/em>. Pod\u0142o\u017ce o poni\u017cszym sk\u0142adzie polecane jest przez Farmakopee do badania czysto\u015bci mikrobiologicznej w surowcach przeznaczonych do produkcji lek\u00f3w, jak i w lekach gotowych.<br \/>\n<strong>Szczepy kontrolne:<\/strong><br \/>\n<em>Salmonella typhimurium ATCC 14028<br \/>\nSalmonella enteritidis ATCC 13076<br \/>\nShigella sonnei ATCC 9290<\/em><br \/>\n<strong>Wielko\u015b\u0107 opakowania:<br \/>\n<\/strong>Sypkie: 500 g, 250 g, 100 g, gotowa nawa\u017cka na 250 ml<br \/>\nButelki: 6 x 400 ml, 6 x 200 ml<\/p>\n<\/div>","protected":false},"excerpt":{"rendered":"<p>nr katalogowy: P-0187 &nbsp; Zastosowanie: Pod\u0142o\u017ce wybi\u00f3rcze do izolacji i r\u00f3\u017cnicowania bakterii z rodzaju Salmonella i Shigella. Pod\u0142o\u017ce o poni\u017cszym sk\u0142adzie polecane jest przez Farmakopee do badania czysto\u015bci mikrobiologicznej w surowcach przeznaczonych do produkcji lek\u00f3w, jak i w lekach gotowych. Szczepy kontrolne: Salmonella typhimurium ATCC 14028 Salmonella enteritidis ATCC 13076 Shigella sonnei ATCC 9290 Wielko\u015b\u0107 [&hellip;]<\/p>\n","protected":false},"featured_media":0,"template":"","meta":[],"product_brand":[],"product_cat":[99,126,78,77],"product_tag":[],"class_list":{"0":"post-2160","1":"product","2":"type-product","3":"status-publish","5":"product_cat-agary","6":"product_cat-butelki","7":"product_cat-podloza-mikrobiologiczne-gotowe","8":"product_cat-podloza-mikrobiologiczne-sypkie","10":"first","11":"instock","12":"shipping-taxable","13":"product-type-simple"},"_links":{"self":[{"href":"https:\/\/www.btl.com.pl\/en\/wp-json\/wp\/v2\/product\/2160","targetHints":{"allow":["GET"]}}],"collection":[{"href":"https:\/\/www.btl.com.pl\/en\/wp-json\/wp\/v2\/product"}],"about":[{"href":"https:\/\/www.btl.com.pl\/en\/wp-json\/wp\/v2\/types\/product"}],"version-history":[{"count":1,"href":"https:\/\/www.btl.com.pl\/en\/wp-json\/wp\/v2\/product\/2160\/revisions"}],"predecessor-version":[{"id":2161,"href":"https:\/\/www.btl.com.pl\/en\/wp-json\/wp\/v2\/product\/2160\/revisions\/2161"}],"wp:attachment":[{"href":"https:\/\/www.btl.com.pl\/en\/wp-json\/wp\/v2\/media?parent=2160"}],"wp:term":[{"taxonomy":"product_brand","embeddable":true,"href":"https:\/\/www.btl.com.pl\/en\/wp-json\/wp\/v2\/product_brand?post=2160"},{"taxonomy":"product_cat","embeddable":true,"href":"https:\/\/www.btl.com.pl\/en\/wp-json\/wp\/v2\/product_cat?post=2160"},{"taxonomy":"product_tag","embeddable":true,"href":"https:\/\/www.btl.com.pl\/en\/wp-json\/wp\/v2\/product_tag?post=2160"}],"curies":[{"name":"wp","href":"https:\/\/api.w.org\/{rel}","templated":true}]}}