{"id":2154,"date":"2021-08-29T20:29:59","date_gmt":"2021-08-29T18:29:59","guid":{"rendered":"https:\/\/btl.com.pl\/?post_type=product&#038;p=2154"},"modified":"2022-02-08T14:46:20","modified_gmt":"2022-02-08T13:46:20","slug":"agarowe-podloze-f-agar-z-fioletem-krystalicznym-czerwienia-obojetna-zolcia-i-glukoza-p-0181","status":"publish","type":"product","link":"https:\/\/www.btl.com.pl\/en\/produkty\/podloza-mikrobiologiczne-sypkie\/agary\/agarowe-podloze-f-agar-z-fioletem-krystalicznym-czerwienia-obojetna-zolcia-i-glukoza-p-0181\/","title":{"rendered":"AGAROWE POD\u0141O\u017bE F (agar z fioletem krystalicznym, czerwieni\u0105 oboj\u0119tn\u0105, \u017c\u00f3\u0142ci\u0105 i glukoz\u0105)  P-0181"},"content":{"rendered":"<div>nr katalogowy: <b>P-0181<\/b><\/div>\n<p>&nbsp;<\/p>\n<div>\n<p><strong>Zastosowanie:<\/strong><br \/>\nPod\u0142o\u017ce wybi\u00f3rcze do izolacji i okre\u015blania liczby bakterii z rodziny <em>Enterobacteriaceae.<\/em> Pod\u0142o\u017ce o poni\u017cszym sk\u0142adzie polecane jest przez Farmakopee do badania czysto\u015bci mikrobiologicznej w surowcach przeznaczonych do produkcji lek\u00f3w, jak i w lekach gotowych.<br \/>\n<strong>Szczepy kontrolne:<\/strong><br \/>\n<em>Escherichia coli ATCC 25922<br \/>\nSalmonella typhimurium ATCC 14028<br \/>\nSalmonella enteritidis ATCC 13076<br \/>\nKlebsiella pneumoniae ATCC 13883<\/em><br \/>\n<strong>Wielko\u015b\u0107 opakowania:<\/strong><br \/>\nSypkie: 500 g, 250 g, 100 g, gotowa nawa\u017cka na 250 ml<\/p>\n<\/div>","protected":false},"excerpt":{"rendered":"<p>nr katalogowy: P-0181 &nbsp; Zastosowanie: Pod\u0142o\u017ce wybi\u00f3rcze do izolacji i okre\u015blania liczby bakterii z rodziny Enterobacteriaceae. Pod\u0142o\u017ce o poni\u017cszym sk\u0142adzie polecane jest przez Farmakopee do badania czysto\u015bci mikrobiologicznej w surowcach przeznaczonych do produkcji lek\u00f3w, jak i w lekach gotowych. Szczepy kontrolne: Escherichia coli ATCC 25922 Salmonella typhimurium ATCC 14028 Salmonella enteritidis ATCC 13076 Klebsiella pneumoniae [&hellip;]<\/p>\n","protected":false},"featured_media":0,"template":"","meta":[],"product_brand":[],"product_cat":[99,77],"product_tag":[],"class_list":{"0":"post-2154","1":"product","2":"type-product","3":"status-publish","5":"product_cat-agary","6":"product_cat-podloza-mikrobiologiczne-sypkie","8":"first","9":"instock","10":"shipping-taxable","11":"product-type-simple"},"_links":{"self":[{"href":"https:\/\/www.btl.com.pl\/en\/wp-json\/wp\/v2\/product\/2154","targetHints":{"allow":["GET"]}}],"collection":[{"href":"https:\/\/www.btl.com.pl\/en\/wp-json\/wp\/v2\/product"}],"about":[{"href":"https:\/\/www.btl.com.pl\/en\/wp-json\/wp\/v2\/types\/product"}],"version-history":[{"count":1,"href":"https:\/\/www.btl.com.pl\/en\/wp-json\/wp\/v2\/product\/2154\/revisions"}],"predecessor-version":[{"id":2155,"href":"https:\/\/www.btl.com.pl\/en\/wp-json\/wp\/v2\/product\/2154\/revisions\/2155"}],"wp:attachment":[{"href":"https:\/\/www.btl.com.pl\/en\/wp-json\/wp\/v2\/media?parent=2154"}],"wp:term":[{"taxonomy":"product_brand","embeddable":true,"href":"https:\/\/www.btl.com.pl\/en\/wp-json\/wp\/v2\/product_brand?post=2154"},{"taxonomy":"product_cat","embeddable":true,"href":"https:\/\/www.btl.com.pl\/en\/wp-json\/wp\/v2\/product_cat?post=2154"},{"taxonomy":"product_tag","embeddable":true,"href":"https:\/\/www.btl.com.pl\/en\/wp-json\/wp\/v2\/product_tag?post=2154"}],"curies":[{"name":"wp","href":"https:\/\/api.w.org\/{rel}","templated":true}]}}