{"id":2152,"date":"2021-08-29T20:28:27","date_gmt":"2021-08-29T18:28:27","guid":{"rendered":"https:\/\/btl.com.pl\/?post_type=product&#038;p=2152"},"modified":"2022-02-08T14:34:52","modified_gmt":"2022-02-08T13:34:52","slug":"agarowe-podloze-c-agar-sabouraud-z-glukoza-i-antybiotykami-p-0175","status":"publish","type":"product","link":"https:\/\/www.btl.com.pl\/en\/produkty\/podloza-mikrobiologiczne-gotowe\/butelki\/agarowe-podloze-c-agar-sabouraud-z-glukoza-i-antybiotykami-p-0175\/","title":{"rendered":"AGAROWE POD\u0141O\u017bE C (Agar Sabouraud z glukoz\u0105 i antybiotykami)  P-0175"},"content":{"rendered":"<div>nr katalogowy: <b>P-0175<\/b><\/div>\n<p>&nbsp;<\/p>\n<div>\n<p><strong>Zastosowanie:<\/strong><br \/>\nPod\u0142o\u017ce wybi\u00f3rcze do hodowli, izolacji i identyfikacji grzyb\u00f3w, w tym chorobotw\u00f3rczych. Pod\u0142o\u017ce o poni\u017cszym sk\u0142adzie polecane jest przez Farmakopee do badania czysto\u015bci mikrobiologicznej w surowcach przeznaczonych do produkcji lek\u00f3w, jak i w lekach gotowych.<br \/>\nSuplementy:<br \/>\nRoztwory antybiotyk\u00f3w benzylopenicyliny oraz tetracykliny<br \/>\n<strong>Szczepy kontrolne:<\/strong><br \/>\n<em>Aspergillus niger ATCC 16404<br \/>\nSaccharomyces cerevisiae ATCC 9763<br \/>\nCandida albicans ATCC 10231<\/em><br \/>\n<strong>Wielko\u015b\u0107 opakowania:<\/strong><br \/>\nSypkie: 500 g, 250 g, 100 g, gotowa nawa\u017cka na 250 ml<br \/>\nButelki: 6 x 400 ml, 6 x 200 ml<\/p>\n<\/div>","protected":false},"excerpt":{"rendered":"<p>nr katalogowy: P-0175 &nbsp; Zastosowanie: Pod\u0142o\u017ce wybi\u00f3rcze do hodowli, izolacji i identyfikacji grzyb\u00f3w, w tym chorobotw\u00f3rczych. Pod\u0142o\u017ce o poni\u017cszym sk\u0142adzie polecane jest przez Farmakopee do badania czysto\u015bci mikrobiologicznej w surowcach przeznaczonych do produkcji lek\u00f3w, jak i w lekach gotowych. Suplementy: Roztwory antybiotyk\u00f3w benzylopenicyliny oraz tetracykliny Szczepy kontrolne: Aspergillus niger ATCC 16404 Saccharomyces cerevisiae ATCC 9763 [&hellip;]<\/p>\n","protected":false},"featured_media":0,"template":"","meta":[],"product_brand":[],"product_cat":[126,78],"product_tag":[],"class_list":{"0":"post-2152","1":"product","2":"type-product","3":"status-publish","5":"product_cat-butelki","6":"product_cat-podloza-mikrobiologiczne-gotowe","8":"first","9":"instock","10":"shipping-taxable","11":"product-type-simple"},"_links":{"self":[{"href":"https:\/\/www.btl.com.pl\/en\/wp-json\/wp\/v2\/product\/2152","targetHints":{"allow":["GET"]}}],"collection":[{"href":"https:\/\/www.btl.com.pl\/en\/wp-json\/wp\/v2\/product"}],"about":[{"href":"https:\/\/www.btl.com.pl\/en\/wp-json\/wp\/v2\/types\/product"}],"version-history":[{"count":1,"href":"https:\/\/www.btl.com.pl\/en\/wp-json\/wp\/v2\/product\/2152\/revisions"}],"predecessor-version":[{"id":2153,"href":"https:\/\/www.btl.com.pl\/en\/wp-json\/wp\/v2\/product\/2152\/revisions\/2153"}],"wp:attachment":[{"href":"https:\/\/www.btl.com.pl\/en\/wp-json\/wp\/v2\/media?parent=2152"}],"wp:term":[{"taxonomy":"product_brand","embeddable":true,"href":"https:\/\/www.btl.com.pl\/en\/wp-json\/wp\/v2\/product_brand?post=2152"},{"taxonomy":"product_cat","embeddable":true,"href":"https:\/\/www.btl.com.pl\/en\/wp-json\/wp\/v2\/product_cat?post=2152"},{"taxonomy":"product_tag","embeddable":true,"href":"https:\/\/www.btl.com.pl\/en\/wp-json\/wp\/v2\/product_tag?post=2152"}],"curies":[{"name":"wp","href":"https:\/\/api.w.org\/{rel}","templated":true}]}}