{"id":2150,"date":"2021-08-29T20:27:38","date_gmt":"2021-08-29T18:27:38","guid":{"rendered":"https:\/\/btl.com.pl\/?post_type=product&#038;p=2150"},"modified":"2022-03-28T20:24:36","modified_gmt":"2022-03-28T18:24:36","slug":"agarowe-podloze-c-agar-sabouraud-z-chloramfenikolem-p-0176","status":"publish","type":"product","link":"https:\/\/www.btl.com.pl\/en\/produkty\/weterynaria\/podloza-gotowe-na-plytkach\/agarowe-podloze-c-agar-sabouraud-z-chloramfenikolem-p-0176\/","title":{"rendered":"AGAROWE POD\u0141O\u017bE C (Agar Sabouraud z chloramfenikolem)  P-0176"},"content":{"rendered":"<div>nr katalogowy: <b>P-0176<\/b><\/div>\n<p>&nbsp;<\/p>\n<div>\n<p><strong>Zastosowanie:<\/strong><br \/>\nPod\u0142o\u017ce wybi\u00f3rcze do hodowli, izolacji i identyfikacji grzyb\u00f3w, w tym chorobotw\u00f3rczych. Pod\u0142o\u017ce o poni\u017cszym sk\u0142adzie polecane jest przez Farmakopee do badania czysto\u015bci mikrobiologicznej w surowcach przeznaczonych do produkcji lek\u00f3w, jak i w lekach gotowych.<br \/>\n<strong>Szczepy kontrolne:<\/strong><br \/>\n<em>Aspergillus niger ATCC 16404<br \/>\nSaccharomyces cerevisiae ATCC 9763<br \/>\nCandida albicans ATCC 10231<\/em><br \/>\n<strong>Wielko\u015b\u0107 opakowania:<\/strong><br \/>\nSypkie: 500 g, 250 g, 100 g, gotowa nawa\u017cka na 250 ml<br \/>\nButelki: 6 x 400 ml, 6 x 200 ml<\/p>\n<\/div>","protected":false},"excerpt":{"rendered":"<p>nr katalogowy: P-0176 &nbsp; Zastosowanie: Pod\u0142o\u017ce wybi\u00f3rcze do hodowli, izolacji i identyfikacji grzyb\u00f3w, w tym chorobotw\u00f3rczych. Pod\u0142o\u017ce o poni\u017cszym sk\u0142adzie polecane jest przez Farmakopee do badania czysto\u015bci mikrobiologicznej w surowcach przeznaczonych do produkcji lek\u00f3w, jak i w lekach gotowych. Szczepy kontrolne: Aspergillus niger ATCC 16404 Saccharomyces cerevisiae ATCC 9763 Candida albicans ATCC 10231 Wielko\u015b\u0107 opakowania: [&hellip;]<\/p>\n","protected":false},"featured_media":0,"template":"","meta":[],"product_brand":[],"product_cat":[104,97,78,80],"product_tag":[],"class_list":{"0":"post-2150","1":"product","2":"type-product","3":"status-publish","5":"product_cat-plytki-podloza-mikrobiologiczne-gotowe","6":"product_cat-podloza-gotowe-na-plytkach","7":"product_cat-podloza-mikrobiologiczne-gotowe","8":"product_cat-weterynaria","10":"first","11":"instock","12":"shipping-taxable","13":"product-type-simple"},"_links":{"self":[{"href":"https:\/\/www.btl.com.pl\/en\/wp-json\/wp\/v2\/product\/2150","targetHints":{"allow":["GET"]}}],"collection":[{"href":"https:\/\/www.btl.com.pl\/en\/wp-json\/wp\/v2\/product"}],"about":[{"href":"https:\/\/www.btl.com.pl\/en\/wp-json\/wp\/v2\/types\/product"}],"version-history":[{"count":2,"href":"https:\/\/www.btl.com.pl\/en\/wp-json\/wp\/v2\/product\/2150\/revisions"}],"predecessor-version":[{"id":3589,"href":"https:\/\/www.btl.com.pl\/en\/wp-json\/wp\/v2\/product\/2150\/revisions\/3589"}],"wp:attachment":[{"href":"https:\/\/www.btl.com.pl\/en\/wp-json\/wp\/v2\/media?parent=2150"}],"wp:term":[{"taxonomy":"product_brand","embeddable":true,"href":"https:\/\/www.btl.com.pl\/en\/wp-json\/wp\/v2\/product_brand?post=2150"},{"taxonomy":"product_cat","embeddable":true,"href":"https:\/\/www.btl.com.pl\/en\/wp-json\/wp\/v2\/product_cat?post=2150"},{"taxonomy":"product_tag","embeddable":true,"href":"https:\/\/www.btl.com.pl\/en\/wp-json\/wp\/v2\/product_tag?post=2150"}],"curies":[{"name":"wp","href":"https:\/\/api.w.org\/{rel}","templated":true}]}}