{"id":2148,"date":"2021-08-29T20:22:10","date_gmt":"2021-08-29T18:22:10","guid":{"rendered":"https:\/\/btl.com.pl\/?post_type=product&#038;p=2148"},"modified":"2022-03-01T14:51:32","modified_gmt":"2022-03-01T13:51:32","slug":"agarowe-podloze-b-agar-z-hydrolizatem-kazeiny-i-soi-p-0174","status":"publish","type":"product","link":"https:\/\/www.btl.com.pl\/en\/produkty\/podloza-mikrobiologiczne-gotowe\/butelki\/agarowe-podloze-b-agar-z-hydrolizatem-kazeiny-i-soi-p-0174\/","title":{"rendered":"AGAROWE POD\u0141O\u017bE B (agar z hydrolizatem kazeiny i soi)  P-0174"},"content":{"rendered":"<p>nr katalogowy: <b>P-0174<\/b><\/p>\n<p>&nbsp;<\/p>\n<p><strong>Zastosowanie:<br \/>\n<\/strong>Pod\u0142o\u017ce s\u0142u\u017cy do hodowli, namna\u017cania oraz okre\u015blania liczby drobnoustroj\u00f3w (w tym chorobotw\u00f3rczych) o podwy\u017cszonych wymaganiach pokarmowych. Pod\u0142o\u017ce o poni\u017cszym sk\u0142adzie polecane jest przez Farmakopee do badania czysto\u015bci mikrobiologicznej w surowcach przeznaczonych do produkcji lek\u00f3w, jak i w lekach gotowych<strong>.<br \/>\nSzczepy kontrolne:<br \/>\n<\/strong><em>Bacillus subtilis ATCC 6633<br \/>\nSalmonella enteritidis ATCC 13076<br \/>\nListeria monocytogenes ATCC 15315<br \/>\nEscherichia coli ATCC 25922<br \/>\nStaphylococcus aureus ATCC 6538<br \/>\n<\/em><strong>Wielko\u015b\u0107 opakowania:<br \/>\n<\/strong>Sypkie: 500 g, 250 g, 100 g, gotowa nawa\u017cka na 250 ml<br \/>\nButelki: 6 x 400 ml, 6 x 200 ml<\/p>","protected":false},"excerpt":{"rendered":"<p>nr katalogowy: P-0174 &nbsp; Zastosowanie: Pod\u0142o\u017ce s\u0142u\u017cy do hodowli, namna\u017cania oraz okre\u015blania liczby drobnoustroj\u00f3w (w tym chorobotw\u00f3rczych) o podwy\u017cszonych wymaganiach pokarmowych. Pod\u0142o\u017ce o poni\u017cszym sk\u0142adzie polecane jest przez Farmakopee do badania czysto\u015bci mikrobiologicznej w surowcach przeznaczonych do produkcji lek\u00f3w, jak i w lekach gotowych. Szczepy kontrolne: Bacillus subtilis ATCC 6633 Salmonella enteritidis ATCC 13076 Listeria [&hellip;]<\/p>\n","protected":false},"featured_media":0,"template":"","meta":[],"product_brand":[],"product_cat":[99,126,78,77],"product_tag":[],"class_list":{"0":"post-2148","1":"product","2":"type-product","3":"status-publish","5":"product_cat-agary","6":"product_cat-butelki","7":"product_cat-podloza-mikrobiologiczne-gotowe","8":"product_cat-podloza-mikrobiologiczne-sypkie","10":"first","11":"instock","12":"shipping-taxable","13":"product-type-simple"},"_links":{"self":[{"href":"https:\/\/www.btl.com.pl\/en\/wp-json\/wp\/v2\/product\/2148","targetHints":{"allow":["GET"]}}],"collection":[{"href":"https:\/\/www.btl.com.pl\/en\/wp-json\/wp\/v2\/product"}],"about":[{"href":"https:\/\/www.btl.com.pl\/en\/wp-json\/wp\/v2\/types\/product"}],"version-history":[{"count":1,"href":"https:\/\/www.btl.com.pl\/en\/wp-json\/wp\/v2\/product\/2148\/revisions"}],"predecessor-version":[{"id":2149,"href":"https:\/\/www.btl.com.pl\/en\/wp-json\/wp\/v2\/product\/2148\/revisions\/2149"}],"wp:attachment":[{"href":"https:\/\/www.btl.com.pl\/en\/wp-json\/wp\/v2\/media?parent=2148"}],"wp:term":[{"taxonomy":"product_brand","embeddable":true,"href":"https:\/\/www.btl.com.pl\/en\/wp-json\/wp\/v2\/product_brand?post=2148"},{"taxonomy":"product_cat","embeddable":true,"href":"https:\/\/www.btl.com.pl\/en\/wp-json\/wp\/v2\/product_cat?post=2148"},{"taxonomy":"product_tag","embeddable":true,"href":"https:\/\/www.btl.com.pl\/en\/wp-json\/wp\/v2\/product_tag?post=2148"}],"curies":[{"name":"wp","href":"https:\/\/api.w.org\/{rel}","templated":true}]}}