{"id":2146,"date":"2021-08-29T20:18:51","date_gmt":"2021-08-29T18:18:51","guid":{"rendered":"https:\/\/btl.com.pl\/?post_type=product&#038;p=2146"},"modified":"2022-03-01T14:48:27","modified_gmt":"2022-03-01T13:48:27","slug":"agar-zwykly-p-0018","status":"publish","type":"product","link":"https:\/\/www.btl.com.pl\/en\/produkty\/podloza-mikrobiologiczne-gotowe\/butelki\/agar-zwykly-p-0018\/","title":{"rendered":"Agar zwyk\u0142y  P-0018"},"content":{"rendered":"<div>nr katalogowy: <b>P-0018<\/b><\/div>\n<p>&nbsp;<\/p>\n<div>\n<p><strong>Zastosowanie:<\/strong><br \/>\nPod\u0142o\u017ce uniwersalne do hodowli drobnoustroj\u00f3w o podwy\u017cszonych wymaganiach pokarmowych.<br \/>\n<strong>Szczepy kontrolne:<\/strong><br \/>\n<em>Salmonella enteritidis ATCC 13076<br \/>\nEscherichia coli ATCC 25922<br \/>\nStaphylococcus aureus ATCC 6538<\/em><br \/>\n<strong>Wielko\u015b\u0107 opakowania:<\/strong><br \/>\nSypkie: 500 g, 250 g, 100 g, gotowa nawa\u017cka na 250 ml<br \/>\nButelki: 6 x\u00a0400 ml,\u00a06 x\u00a0200 ml<\/p>\n<\/div>","protected":false},"excerpt":{"rendered":"<p>nr katalogowy: P-0018 &nbsp; Zastosowanie: Pod\u0142o\u017ce uniwersalne do hodowli drobnoustroj\u00f3w o podwy\u017cszonych wymaganiach pokarmowych. Szczepy kontrolne: Salmonella enteritidis ATCC 13076 Escherichia coli ATCC 25922 Staphylococcus aureus ATCC 6538 Wielko\u015b\u0107 opakowania: Sypkie: 500 g, 250 g, 100 g, gotowa nawa\u017cka na 250 ml Butelki: 6 x\u00a0400 ml,\u00a06 x\u00a0200 ml<\/p>","protected":false},"featured_media":0,"template":"","meta":[],"product_brand":[],"product_cat":[126,78,77,124],"product_tag":[],"class_list":{"0":"post-2146","1":"product","2":"type-product","3":"status-publish","5":"product_cat-butelki","6":"product_cat-podloza-mikrobiologiczne-gotowe","7":"product_cat-podloza-mikrobiologiczne-sypkie","8":"product_cat-podloza-polplynne","10":"first","11":"instock","12":"shipping-taxable","13":"product-type-simple"},"_links":{"self":[{"href":"https:\/\/www.btl.com.pl\/en\/wp-json\/wp\/v2\/product\/2146","targetHints":{"allow":["GET"]}}],"collection":[{"href":"https:\/\/www.btl.com.pl\/en\/wp-json\/wp\/v2\/product"}],"about":[{"href":"https:\/\/www.btl.com.pl\/en\/wp-json\/wp\/v2\/types\/product"}],"version-history":[{"count":1,"href":"https:\/\/www.btl.com.pl\/en\/wp-json\/wp\/v2\/product\/2146\/revisions"}],"predecessor-version":[{"id":2147,"href":"https:\/\/www.btl.com.pl\/en\/wp-json\/wp\/v2\/product\/2146\/revisions\/2147"}],"wp:attachment":[{"href":"https:\/\/www.btl.com.pl\/en\/wp-json\/wp\/v2\/media?parent=2146"}],"wp:term":[{"taxonomy":"product_brand","embeddable":true,"href":"https:\/\/www.btl.com.pl\/en\/wp-json\/wp\/v2\/product_brand?post=2146"},{"taxonomy":"product_cat","embeddable":true,"href":"https:\/\/www.btl.com.pl\/en\/wp-json\/wp\/v2\/product_cat?post=2146"},{"taxonomy":"product_tag","embeddable":true,"href":"https:\/\/www.btl.com.pl\/en\/wp-json\/wp\/v2\/product_tag?post=2146"}],"curies":[{"name":"wp","href":"https:\/\/api.w.org\/{rel}","templated":true}]}}