{"id":2144,"date":"2021-08-29T20:17:32","date_gmt":"2021-08-29T18:17:32","guid":{"rendered":"https:\/\/btl.com.pl\/?post_type=product&#038;p=2144"},"modified":"2022-03-01T14:25:54","modified_gmt":"2022-03-01T13:25:54","slug":"agar-z-wyciagiem-mozgowo-sercowym-p-0016","status":"publish","type":"product","link":"https:\/\/www.btl.com.pl\/en\/produkty\/podloza-mikrobiologiczne-gotowe\/butelki\/agar-z-wyciagiem-mozgowo-sercowym-p-0016\/","title":{"rendered":"Agar z wyci\u0105giem m\u00f3zgowo &#8211; sercowym  P-0016"},"content":{"rendered":"<div>nr katalogowy: <b>P-0016<\/b><\/div>\n<p>&nbsp;<\/p>\n<div>\n<p><strong>Zastosowanie:<\/strong><br \/>\nPod\u0142o\u017ce do hodowli drobnoustroj\u00f3w o wysokich wymaganiach pokarmowych, szczeg\u00f3lnie drobnoustroj\u00f3w chorobotw\u00f3rczych, np. streptokok\u00f3w, pneumokok\u00f3w, meningokok\u00f3w.<br \/>\n<strong>Szczepy kontrolne:<br \/>\n<\/strong><em>Escherichia coli ATCC 25922<br \/>\nSalmonella typhimurium ATCC 14028<br \/>\nShigella sonnei ATCC 9290<br \/>\nPseudomonas aeruginosa ATCC 27853<br \/>\nStaphylococcus aureus ATCC 6538<br \/>\nClostridium perfringens ATCC 13124<br \/>\nCandida albicans ATCC 10231<\/em><br \/>\n<strong>Wielko\u015b\u0107 opakowania:<\/strong><br \/>\nSypkie: 500 g, 250 g, 100 g, gotowa nawa\u017cka na 250 ml<br \/>\nButelki: 6 x 400 ml, 6 x 200 ml<\/p>\n<\/div>","protected":false},"excerpt":{"rendered":"<p>nr katalogowy: P-0016 &nbsp; Zastosowanie: Pod\u0142o\u017ce do hodowli drobnoustroj\u00f3w o wysokich wymaganiach pokarmowych, szczeg\u00f3lnie drobnoustroj\u00f3w chorobotw\u00f3rczych, np. streptokok\u00f3w, pneumokok\u00f3w, meningokok\u00f3w. Szczepy kontrolne: Escherichia coli ATCC 25922 Salmonella typhimurium ATCC 14028 Shigella sonnei ATCC 9290 Pseudomonas aeruginosa ATCC 27853 Staphylococcus aureus ATCC 6538 Clostridium perfringens ATCC 13124 Candida albicans ATCC 10231 Wielko\u015b\u0107 opakowania: Sypkie: 500 g, [&hellip;]<\/p>\n","protected":false},"featured_media":0,"template":"","meta":[],"product_brand":[],"product_cat":[99,126,78,77],"product_tag":[],"class_list":{"0":"post-2144","1":"product","2":"type-product","3":"status-publish","5":"product_cat-agary","6":"product_cat-butelki","7":"product_cat-podloza-mikrobiologiczne-gotowe","8":"product_cat-podloza-mikrobiologiczne-sypkie","10":"first","11":"instock","12":"shipping-taxable","13":"product-type-simple"},"_links":{"self":[{"href":"https:\/\/www.btl.com.pl\/en\/wp-json\/wp\/v2\/product\/2144","targetHints":{"allow":["GET"]}}],"collection":[{"href":"https:\/\/www.btl.com.pl\/en\/wp-json\/wp\/v2\/product"}],"about":[{"href":"https:\/\/www.btl.com.pl\/en\/wp-json\/wp\/v2\/types\/product"}],"version-history":[{"count":1,"href":"https:\/\/www.btl.com.pl\/en\/wp-json\/wp\/v2\/product\/2144\/revisions"}],"predecessor-version":[{"id":2145,"href":"https:\/\/www.btl.com.pl\/en\/wp-json\/wp\/v2\/product\/2144\/revisions\/2145"}],"wp:attachment":[{"href":"https:\/\/www.btl.com.pl\/en\/wp-json\/wp\/v2\/media?parent=2144"}],"wp:term":[{"taxonomy":"product_brand","embeddable":true,"href":"https:\/\/www.btl.com.pl\/en\/wp-json\/wp\/v2\/product_brand?post=2144"},{"taxonomy":"product_cat","embeddable":true,"href":"https:\/\/www.btl.com.pl\/en\/wp-json\/wp\/v2\/product_cat?post=2144"},{"taxonomy":"product_tag","embeddable":true,"href":"https:\/\/www.btl.com.pl\/en\/wp-json\/wp\/v2\/product_tag?post=2144"}],"curies":[{"name":"wp","href":"https:\/\/api.w.org\/{rel}","templated":true}]}}