{"id":2142,"date":"2021-08-29T20:16:25","date_gmt":"2021-08-29T18:16:25","guid":{"rendered":"https:\/\/btl.com.pl\/?post_type=product&#038;p=2142"},"modified":"2022-03-01T14:25:15","modified_gmt":"2022-03-01T13:25:15","slug":"agar-z-tryptonem-i-zolcia-p-0253","status":"publish","type":"product","link":"https:\/\/www.btl.com.pl\/en\/produkty\/podloza-mikrobiologiczne-gotowe\/butelki\/agar-z-tryptonem-i-zolcia-p-0253\/","title":{"rendered":"Agar z tryptonem i \u017c\u00f3\u0142ci\u0105  P-0253"},"content":{"rendered":"<div>nr katalogowy: <b>P-0253<\/b><\/div>\n<p>&nbsp;<\/p>\n<div>\n<p><strong>Zastosowanie:<\/strong><br \/>\nPod\u0142o\u017ce wybi\u00f3rcze do wykrywania i oznaczania liczby <em>E.coli<\/em> z u\u017cyciem membran, stosowane g\u0142\u00f3wnie przy badaniu mi\u0119sa i przetwor\u00f3w mi\u0119snych.<br \/>\n<strong>Szczepy kontrolne:<br \/>\n<\/strong><em>Escherichia coli ATCC 25922<\/em><br \/>\n<strong>Wielko\u015b\u0107 opakowania:<\/strong><br \/>\nSypkie: 500 g, 250 g, 100 g, gotowa nawa\u017cka na 250 ml<br \/>\nButelki: 6 x 400 ml, 6 x 200 ml<\/p>\n<\/div>","protected":false},"excerpt":{"rendered":"<p>nr katalogowy: P-0253 &nbsp; Zastosowanie: Pod\u0142o\u017ce wybi\u00f3rcze do wykrywania i oznaczania liczby E.coli z u\u017cyciem membran, stosowane g\u0142\u00f3wnie przy badaniu mi\u0119sa i przetwor\u00f3w mi\u0119snych. Szczepy kontrolne: Escherichia coli ATCC 25922 Wielko\u015b\u0107 opakowania: Sypkie: 500 g, 250 g, 100 g, gotowa nawa\u017cka na 250 ml Butelki: 6 x 400 ml, 6 x 200 ml<\/p>","protected":false},"featured_media":0,"template":"","meta":[],"product_brand":[],"product_cat":[99,126,78,77],"product_tag":[],"class_list":{"0":"post-2142","1":"product","2":"type-product","3":"status-publish","5":"product_cat-agary","6":"product_cat-butelki","7":"product_cat-podloza-mikrobiologiczne-gotowe","8":"product_cat-podloza-mikrobiologiczne-sypkie","10":"first","11":"instock","12":"shipping-taxable","13":"product-type-simple"},"_links":{"self":[{"href":"https:\/\/www.btl.com.pl\/en\/wp-json\/wp\/v2\/product\/2142","targetHints":{"allow":["GET"]}}],"collection":[{"href":"https:\/\/www.btl.com.pl\/en\/wp-json\/wp\/v2\/product"}],"about":[{"href":"https:\/\/www.btl.com.pl\/en\/wp-json\/wp\/v2\/types\/product"}],"version-history":[{"count":1,"href":"https:\/\/www.btl.com.pl\/en\/wp-json\/wp\/v2\/product\/2142\/revisions"}],"predecessor-version":[{"id":2143,"href":"https:\/\/www.btl.com.pl\/en\/wp-json\/wp\/v2\/product\/2142\/revisions\/2143"}],"wp:attachment":[{"href":"https:\/\/www.btl.com.pl\/en\/wp-json\/wp\/v2\/media?parent=2142"}],"wp:term":[{"taxonomy":"product_brand","embeddable":true,"href":"https:\/\/www.btl.com.pl\/en\/wp-json\/wp\/v2\/product_brand?post=2142"},{"taxonomy":"product_cat","embeddable":true,"href":"https:\/\/www.btl.com.pl\/en\/wp-json\/wp\/v2\/product_cat?post=2142"},{"taxonomy":"product_tag","embeddable":true,"href":"https:\/\/www.btl.com.pl\/en\/wp-json\/wp\/v2\/product_tag?post=2142"}],"curies":[{"name":"wp","href":"https:\/\/api.w.org\/{rel}","templated":true}]}}