{"id":2140,"date":"2021-08-29T20:15:13","date_gmt":"2021-08-29T18:15:13","guid":{"rendered":"https:\/\/btl.com.pl\/?post_type=product&#038;p=2140"},"modified":"2022-03-01T14:24:42","modified_gmt":"2022-03-01T13:24:42","slug":"agar-z-purpura-bromokrezolowa-p-0013","status":"publish","type":"product","link":"https:\/\/www.btl.com.pl\/en\/produkty\/podloza-mikrobiologiczne-gotowe\/butelki\/agar-z-purpura-bromokrezolowa-p-0013\/","title":{"rendered":"Agar z purpur\u0105 bromokrezolow\u0105  P-0013"},"content":{"rendered":"<div>nr katalogowy: <b>P-0013<\/b><\/div>\n<p>&nbsp;<\/p>\n<div>\n<p><strong>Zastosowanie:<\/strong><br \/>\nPod\u0142o\u017ce do wykrywania rozk\u0142adu laktozy przez mikroorganizmy.<br \/>\n<strong>Szczepy kontrolne:<br \/>\n<\/strong><em>Escherichia coli ATCC 25922<br \/>\nKlebsiella pneumonice ATCC 13883<br \/>\nSalmonella typhimurium ATCC 14028<\/em><br \/>\n<strong>Wielko\u015b\u0107 opakowania:<br \/>\n<\/strong>Sypkie: 500 g, 250 g, 100 g, gotowa nawa\u017cka na 250 ml<br \/>\nButelki: 6 x\u00a0400 ml, 6 x 200 ml<\/p>\n<\/div>","protected":false},"excerpt":{"rendered":"<p>nr katalogowy: P-0013 &nbsp; Zastosowanie: Pod\u0142o\u017ce do wykrywania rozk\u0142adu laktozy przez mikroorganizmy. Szczepy kontrolne: Escherichia coli ATCC 25922 Klebsiella pneumonice ATCC 13883 Salmonella typhimurium ATCC 14028 Wielko\u015b\u0107 opakowania: Sypkie: 500 g, 250 g, 100 g, gotowa nawa\u017cka na 250 ml Butelki: 6 x\u00a0400 ml, 6 x 200 ml<\/p>","protected":false},"featured_media":0,"template":"","meta":[],"product_brand":[],"product_cat":[99,126,78,77],"product_tag":[],"class_list":{"0":"post-2140","1":"product","2":"type-product","3":"status-publish","5":"product_cat-agary","6":"product_cat-butelki","7":"product_cat-podloza-mikrobiologiczne-gotowe","8":"product_cat-podloza-mikrobiologiczne-sypkie","10":"first","11":"instock","12":"shipping-taxable","13":"product-type-simple"},"_links":{"self":[{"href":"https:\/\/www.btl.com.pl\/en\/wp-json\/wp\/v2\/product\/2140","targetHints":{"allow":["GET"]}}],"collection":[{"href":"https:\/\/www.btl.com.pl\/en\/wp-json\/wp\/v2\/product"}],"about":[{"href":"https:\/\/www.btl.com.pl\/en\/wp-json\/wp\/v2\/types\/product"}],"version-history":[{"count":1,"href":"https:\/\/www.btl.com.pl\/en\/wp-json\/wp\/v2\/product\/2140\/revisions"}],"predecessor-version":[{"id":2141,"href":"https:\/\/www.btl.com.pl\/en\/wp-json\/wp\/v2\/product\/2140\/revisions\/2141"}],"wp:attachment":[{"href":"https:\/\/www.btl.com.pl\/en\/wp-json\/wp\/v2\/media?parent=2140"}],"wp:term":[{"taxonomy":"product_brand","embeddable":true,"href":"https:\/\/www.btl.com.pl\/en\/wp-json\/wp\/v2\/product_brand?post=2140"},{"taxonomy":"product_cat","embeddable":true,"href":"https:\/\/www.btl.com.pl\/en\/wp-json\/wp\/v2\/product_cat?post=2140"},{"taxonomy":"product_tag","embeddable":true,"href":"https:\/\/www.btl.com.pl\/en\/wp-json\/wp\/v2\/product_tag?post=2140"}],"curies":[{"name":"wp","href":"https:\/\/api.w.org\/{rel}","templated":true}]}}