{"id":2138,"date":"2021-08-29T20:14:13","date_gmt":"2021-08-29T18:14:13","guid":{"rendered":"https:\/\/btl.com.pl\/?post_type=product&#038;p=2138"},"modified":"2022-02-17T15:35:52","modified_gmt":"2022-02-17T14:35:52","slug":"agar-z-mannitolem-podloze-chapmana-p-0011","status":"publish","type":"product","link":"https:\/\/www.btl.com.pl\/en\/produkty\/podloza-mikrobiologiczne-gotowe\/butelki\/agar-z-mannitolem-podloze-chapmana-p-0011\/","title":{"rendered":"Agar z mannitolem (Pod\u0142o\u017ce Chapmana)  P-0011"},"content":{"rendered":"<div>nr katalogowy: <b>P-0011<\/b><\/div>\n<p>&nbsp;<\/p>\n<div>\n<p><strong>Zastosowanie:<br \/>\n<\/strong>Pod\u0142o\u017ce wybi\u00f3rcze do izolowania i wykrywania gronkowc\u00f3w chorobotw\u00f3rczych w artyku\u0142ach spo\u017cywczych i innych materia\u0142ach.<br \/>\n<strong>Szczepy kontrolne:<br \/>\n<\/strong><em>Staphylococcus aureus ATCC 6538<br \/>\nStaphylococcus epidermis ATCC 12228<\/em><br \/>\n<strong>Wielko\u015b\u0107 opakowania:<\/strong><br \/>\nSypkie: 500 g, 250 g, 100 g, gotowa nawa\u017cka na 250 ml<br \/>\nButelki: 6 x\u00a0400 ml,\u00a06 x 200 ml<\/p>\n<\/div>","protected":false},"excerpt":{"rendered":"<p>nr katalogowy: P-0011 &nbsp; Zastosowanie: Pod\u0142o\u017ce wybi\u00f3rcze do izolowania i wykrywania gronkowc\u00f3w chorobotw\u00f3rczych w artyku\u0142ach spo\u017cywczych i innych materia\u0142ach. Szczepy kontrolne: Staphylococcus aureus ATCC 6538 Staphylococcus epidermis ATCC 12228 Wielko\u015b\u0107 opakowania: Sypkie: 500 g, 250 g, 100 g, gotowa nawa\u017cka na 250 ml Butelki: 6 x\u00a0400 ml,\u00a06 x 200 ml<\/p>","protected":false},"featured_media":0,"template":"","meta":[],"product_brand":[],"product_cat":[126,77,99,78],"product_tag":[],"class_list":{"0":"post-2138","1":"product","2":"type-product","3":"status-publish","5":"product_cat-butelki","6":"product_cat-podloza-mikrobiologiczne-sypkie","7":"product_cat-agary","8":"product_cat-podloza-mikrobiologiczne-gotowe","10":"first","11":"instock","12":"shipping-taxable","13":"product-type-simple"},"_links":{"self":[{"href":"https:\/\/www.btl.com.pl\/en\/wp-json\/wp\/v2\/product\/2138","targetHints":{"allow":["GET"]}}],"collection":[{"href":"https:\/\/www.btl.com.pl\/en\/wp-json\/wp\/v2\/product"}],"about":[{"href":"https:\/\/www.btl.com.pl\/en\/wp-json\/wp\/v2\/types\/product"}],"version-history":[{"count":1,"href":"https:\/\/www.btl.com.pl\/en\/wp-json\/wp\/v2\/product\/2138\/revisions"}],"predecessor-version":[{"id":2139,"href":"https:\/\/www.btl.com.pl\/en\/wp-json\/wp\/v2\/product\/2138\/revisions\/2139"}],"wp:attachment":[{"href":"https:\/\/www.btl.com.pl\/en\/wp-json\/wp\/v2\/media?parent=2138"}],"wp:term":[{"taxonomy":"product_brand","embeddable":true,"href":"https:\/\/www.btl.com.pl\/en\/wp-json\/wp\/v2\/product_brand?post=2138"},{"taxonomy":"product_cat","embeddable":true,"href":"https:\/\/www.btl.com.pl\/en\/wp-json\/wp\/v2\/product_cat?post=2138"},{"taxonomy":"product_tag","embeddable":true,"href":"https:\/\/www.btl.com.pl\/en\/wp-json\/wp\/v2\/product_tag?post=2138"}],"curies":[{"name":"wp","href":"https:\/\/api.w.org\/{rel}","templated":true}]}}