{"id":2134,"date":"2021-08-29T20:10:19","date_gmt":"2021-08-29T18:10:19","guid":{"rendered":"https:\/\/btl.com.pl\/?post_type=product&#038;p=2134"},"modified":"2021-08-29T20:11:03","modified_gmt":"2021-08-29T18:11:03","slug":"agar-z-eskulina-zolcia-azydkiem-sodu-i-cytrynianem-p-0284","status":"publish","type":"product","link":"https:\/\/www.btl.com.pl\/en\/produkty\/podloza-mikrobiologiczne-sypkie\/agary\/agar-z-eskulina-zolcia-azydkiem-sodu-i-cytrynianem-p-0284\/","title":{"rendered":"Agar z eskulin\u0105, \u017c\u00f3\u0142ci\u0105, azydkiem sodu i cytrynianem  P-0284"},"content":{"rendered":"<div>nr katalogowy: <b>P-0284<\/b><\/div>\n<p>&nbsp;<\/p>\n<div>\n<p><strong>Zastosowanie:<\/strong><br \/>\nPod\u0142o\u017ce wybi\u00f3rcze do izolacji, r\u00f3\u017cnicowania i potwierdzania obecno\u015bci paciorkowc\u00f3w fekalnych w wodzie i innych materia\u0142ach. Pod\u0142o\u017ce to zalecane jest przy izolacji paciorkowc\u00f3w z materia\u0142\u00f3w o mieszanej mikroflorze.<br \/>\n<strong>Szczepy kontrolne:<br \/>\n<\/strong><em>Enterococcus feacalis ATCC 29212<\/em><br \/>\n<strong>Wielko\u015b\u0107 opakowania:<\/strong><br \/>\nSypkie: 500 g, 250 g, 100 g, gotowa nawa\u017cka na 250 ml<\/p>\n<\/div>","protected":false},"excerpt":{"rendered":"<p>nr katalogowy: P-0284 &nbsp; Zastosowanie: Pod\u0142o\u017ce wybi\u00f3rcze do izolacji, r\u00f3\u017cnicowania i potwierdzania obecno\u015bci paciorkowc\u00f3w fekalnych w wodzie i innych materia\u0142ach. Pod\u0142o\u017ce to zalecane jest przy izolacji paciorkowc\u00f3w z materia\u0142\u00f3w o mieszanej mikroflorze. Szczepy kontrolne: Enterococcus feacalis ATCC 29212 Wielko\u015b\u0107 opakowania: Sypkie: 500 g, 250 g, 100 g, gotowa nawa\u017cka na 250 ml<\/p>","protected":false},"featured_media":0,"template":"","meta":[],"product_brand":[],"product_cat":[99,77],"product_tag":[],"class_list":{"0":"post-2134","1":"product","2":"type-product","3":"status-publish","5":"product_cat-agary","6":"product_cat-podloza-mikrobiologiczne-sypkie","8":"first","9":"instock","10":"shipping-taxable","11":"product-type-simple"},"_links":{"self":[{"href":"https:\/\/www.btl.com.pl\/en\/wp-json\/wp\/v2\/product\/2134","targetHints":{"allow":["GET"]}}],"collection":[{"href":"https:\/\/www.btl.com.pl\/en\/wp-json\/wp\/v2\/product"}],"about":[{"href":"https:\/\/www.btl.com.pl\/en\/wp-json\/wp\/v2\/types\/product"}],"version-history":[{"count":1,"href":"https:\/\/www.btl.com.pl\/en\/wp-json\/wp\/v2\/product\/2134\/revisions"}],"predecessor-version":[{"id":2135,"href":"https:\/\/www.btl.com.pl\/en\/wp-json\/wp\/v2\/product\/2134\/revisions\/2135"}],"wp:attachment":[{"href":"https:\/\/www.btl.com.pl\/en\/wp-json\/wp\/v2\/media?parent=2134"}],"wp:term":[{"taxonomy":"product_brand","embeddable":true,"href":"https:\/\/www.btl.com.pl\/en\/wp-json\/wp\/v2\/product_brand?post=2134"},{"taxonomy":"product_cat","embeddable":true,"href":"https:\/\/www.btl.com.pl\/en\/wp-json\/wp\/v2\/product_cat?post=2134"},{"taxonomy":"product_tag","embeddable":true,"href":"https:\/\/www.btl.com.pl\/en\/wp-json\/wp\/v2\/product_tag?post=2134"}],"curies":[{"name":"wp","href":"https:\/\/api.w.org\/{rel}","templated":true}]}}