{"id":2132,"date":"2021-08-29T20:08:59","date_gmt":"2021-08-29T18:08:59","guid":{"rendered":"https:\/\/btl.com.pl\/?post_type=product&#038;p=2132"},"modified":"2021-08-29T20:09:55","modified_gmt":"2021-08-29T18:09:55","slug":"agar-z-eskulina-zolcia-i-azydkiem-sodu-p-0282","status":"publish","type":"product","link":"https:\/\/www.btl.com.pl\/en\/produkty\/podloza-mikrobiologiczne-sypkie\/agary\/agar-z-eskulina-zolcia-i-azydkiem-sodu-p-0282\/","title":{"rendered":"Agar z eskulin\u0105, \u017c\u00f3\u0142ci\u0105 i azydkiem sodu  P-0282"},"content":{"rendered":"<div>nr katalogowy: <b>P-0282<\/b><\/div>\n<p>&nbsp;<\/p>\n<div>\n<p><strong>Zastosowanie:<br \/>\n<\/strong>Pod\u0142o\u017ce z eskulin\u0105, \u017c\u00f3\u0142ci\u0105, azydkiem ma charakter wybi\u00f3rczy, s\u0142u\u017cy do izolacji paciorkowc\u00f3w fekalnych w wodzie i innych materia\u0142ach.<br \/>\n<strong>Szczepy kontrolne:<br \/>\n<\/strong><em>Enterococcus feacalis ATCC 29212<\/em><br \/>\n<strong>Wielko\u015b\u0107 opakowania:<br \/>\n<\/strong>Sypkie: 500 g, 250 g, 100 g, gotowa nawa\u017cka na 250 ml<\/p>\n<\/div>","protected":false},"excerpt":{"rendered":"<p>nr katalogowy: P-0282 &nbsp; Zastosowanie: Pod\u0142o\u017ce z eskulin\u0105, \u017c\u00f3\u0142ci\u0105, azydkiem ma charakter wybi\u00f3rczy, s\u0142u\u017cy do izolacji paciorkowc\u00f3w fekalnych w wodzie i innych materia\u0142ach. Szczepy kontrolne: Enterococcus feacalis ATCC 29212 Wielko\u015b\u0107 opakowania: Sypkie: 500 g, 250 g, 100 g, gotowa nawa\u017cka na 250 ml<\/p>","protected":false},"featured_media":0,"template":"","meta":[],"product_brand":[],"product_cat":[99,77],"product_tag":[],"class_list":{"0":"post-2132","1":"product","2":"type-product","3":"status-publish","5":"product_cat-agary","6":"product_cat-podloza-mikrobiologiczne-sypkie","8":"first","9":"instock","10":"shipping-taxable","11":"product-type-simple"},"_links":{"self":[{"href":"https:\/\/www.btl.com.pl\/en\/wp-json\/wp\/v2\/product\/2132","targetHints":{"allow":["GET"]}}],"collection":[{"href":"https:\/\/www.btl.com.pl\/en\/wp-json\/wp\/v2\/product"}],"about":[{"href":"https:\/\/www.btl.com.pl\/en\/wp-json\/wp\/v2\/types\/product"}],"version-history":[{"count":1,"href":"https:\/\/www.btl.com.pl\/en\/wp-json\/wp\/v2\/product\/2132\/revisions"}],"predecessor-version":[{"id":2133,"href":"https:\/\/www.btl.com.pl\/en\/wp-json\/wp\/v2\/product\/2132\/revisions\/2133"}],"wp:attachment":[{"href":"https:\/\/www.btl.com.pl\/en\/wp-json\/wp\/v2\/media?parent=2132"}],"wp:term":[{"taxonomy":"product_brand","embeddable":true,"href":"https:\/\/www.btl.com.pl\/en\/wp-json\/wp\/v2\/product_brand?post=2132"},{"taxonomy":"product_cat","embeddable":true,"href":"https:\/\/www.btl.com.pl\/en\/wp-json\/wp\/v2\/product_cat?post=2132"},{"taxonomy":"product_tag","embeddable":true,"href":"https:\/\/www.btl.com.pl\/en\/wp-json\/wp\/v2\/product_tag?post=2132"}],"curies":[{"name":"wp","href":"https:\/\/api.w.org\/{rel}","templated":true}]}}