{"id":2128,"date":"2021-08-29T20:06:13","date_gmt":"2021-08-29T18:06:13","guid":{"rendered":"https:\/\/btl.com.pl\/?post_type=product&#038;p=2128"},"modified":"2022-03-01T14:23:29","modified_gmt":"2022-03-01T13:23:29","slug":"agar-z-ekstraktem-drozdzowym-i-glukoza-p-0054","status":"publish","type":"product","link":"https:\/\/www.btl.com.pl\/en\/produkty\/podloza-mikrobiologiczne-gotowe\/butelki\/agar-z-ekstraktem-drozdzowym-i-glukoza-p-0054\/","title":{"rendered":"Agar z ekstraktem dro\u017cd\u017cowym i glukoz\u0105  P-0054"},"content":{"rendered":"<div>nr katalogowy: <b>P-0054<\/b><\/div>\n<p>&nbsp;<\/p>\n<div>\n<p><strong>Zastosowanie:<\/strong><br \/>\nPod\u0142o\u017ce uniwersalne do hodowli, namna\u017cania i izolacji mikroorganizm\u00f3w oraz do oznaczania liczby drobnoustroj\u00f3w z r\u00f3\u017cnych materia\u0142\u00f3w.<br \/>\n<strong>Szczepy kontrolne:<\/strong><br \/>\n<em>Bacillus subtilis ATCC 6633<br \/>\nSalmonella enteritidis ATCC 13076<br \/>\nEscherichia coli ATCC 25922<br \/>\nPseudomonas aeruginosa ATCC 27853<br \/>\n<\/em><strong>Wielko\u015b\u0107 opakowania:<\/strong><br \/>\nSypkie: 500 g, 250 g, 100 g, gotowa nawa\u017cka na 250 ml<br \/>\nButelki:\u00a06 x\u00a0400 ml,\u00a06 x\u00a0200 ml<\/p>\n<\/div>","protected":false},"excerpt":{"rendered":"<p>nr katalogowy: P-0054 &nbsp; Zastosowanie: Pod\u0142o\u017ce uniwersalne do hodowli, namna\u017cania i izolacji mikroorganizm\u00f3w oraz do oznaczania liczby drobnoustroj\u00f3w z r\u00f3\u017cnych materia\u0142\u00f3w. Szczepy kontrolne: Bacillus subtilis ATCC 6633 Salmonella enteritidis ATCC 13076 Escherichia coli ATCC 25922 Pseudomonas aeruginosa ATCC 27853 Wielko\u015b\u0107 opakowania: Sypkie: 500 g, 250 g, 100 g, gotowa nawa\u017cka na 250 ml Butelki:\u00a06 x\u00a0400 [&hellip;]<\/p>\n","protected":false},"featured_media":0,"template":"","meta":[],"product_brand":[],"product_cat":[99,126,78,77],"product_tag":[],"class_list":{"0":"post-2128","1":"product","2":"type-product","3":"status-publish","5":"product_cat-agary","6":"product_cat-butelki","7":"product_cat-podloza-mikrobiologiczne-gotowe","8":"product_cat-podloza-mikrobiologiczne-sypkie","10":"first","11":"instock","12":"shipping-taxable","13":"product-type-simple"},"_links":{"self":[{"href":"https:\/\/www.btl.com.pl\/en\/wp-json\/wp\/v2\/product\/2128","targetHints":{"allow":["GET"]}}],"collection":[{"href":"https:\/\/www.btl.com.pl\/en\/wp-json\/wp\/v2\/product"}],"about":[{"href":"https:\/\/www.btl.com.pl\/en\/wp-json\/wp\/v2\/types\/product"}],"version-history":[{"count":1,"href":"https:\/\/www.btl.com.pl\/en\/wp-json\/wp\/v2\/product\/2128\/revisions"}],"predecessor-version":[{"id":2129,"href":"https:\/\/www.btl.com.pl\/en\/wp-json\/wp\/v2\/product\/2128\/revisions\/2129"}],"wp:attachment":[{"href":"https:\/\/www.btl.com.pl\/en\/wp-json\/wp\/v2\/media?parent=2128"}],"wp:term":[{"taxonomy":"product_brand","embeddable":true,"href":"https:\/\/www.btl.com.pl\/en\/wp-json\/wp\/v2\/product_brand?post=2128"},{"taxonomy":"product_cat","embeddable":true,"href":"https:\/\/www.btl.com.pl\/en\/wp-json\/wp\/v2\/product_cat?post=2128"},{"taxonomy":"product_tag","embeddable":true,"href":"https:\/\/www.btl.com.pl\/en\/wp-json\/wp\/v2\/product_tag?post=2128"}],"curies":[{"name":"wp","href":"https:\/\/api.w.org\/{rel}","templated":true}]}}