{"id":2110,"date":"2021-08-29T19:50:11","date_gmt":"2021-08-29T17:50:11","guid":{"rendered":"https:\/\/btl.com.pl\/?post_type=product&#038;p=2110"},"modified":"2021-08-29T19:52:02","modified_gmt":"2021-08-29T17:52:02","slug":"agar-wort-p-0224","status":"publish","type":"product","link":"https:\/\/www.btl.com.pl\/en\/produkty\/podloza-mikrobiologiczne-sypkie\/agary\/agar-wort-p-0224\/","title":{"rendered":"Agar Wort  P-0224"},"content":{"rendered":"<div>nr katalogowy: <b>P-0224<\/b><\/div>\n<p>&nbsp;<\/p>\n<div>\n<p><strong>Zastosowanie:<br \/>\n<\/strong>Agar Wort zosta\u0142 opisany przez Parfitt\u2019a z przeznaczeniem dla grzyb\u00f3w, jako szczeg\u00f3lnie odpowiednie dla hodowli i okre\u015blania liczby dro\u017cd\u017cy.<br \/>\n<strong>Szczepy kontrolne:<br \/>\n<\/strong><em>Aspergillus niger ATCC 16404<br \/>\nSaccharomyces cerevisiae ATCC 9763<br \/>\nCandida albicans ATCC 10231<br \/>\n<\/em><strong>Wielko\u015b\u0107 opakowania:<br \/>\n<\/strong>Sypkie: 500 g, 250 g, 100 g, gotowa nawa\u017cka na 250 ml<br \/>\nButelki: 6 x 400 ml, 6 x 200 ml<\/p>\n<\/div>","protected":false},"excerpt":{"rendered":"<p>nr katalogowy: P-0224 &nbsp; Zastosowanie: Agar Wort zosta\u0142 opisany przez Parfitt\u2019a z przeznaczeniem dla grzyb\u00f3w, jako szczeg\u00f3lnie odpowiednie dla hodowli i okre\u015blania liczby dro\u017cd\u017cy. Szczepy kontrolne: Aspergillus niger ATCC 16404 Saccharomyces cerevisiae ATCC 9763 Candida albicans ATCC 10231 Wielko\u015b\u0107 opakowania: Sypkie: 500 g, 250 g, 100 g, gotowa nawa\u017cka na 250 ml Butelki: 6 x [&hellip;]<\/p>\n","protected":false},"featured_media":0,"template":"","meta":[],"product_brand":[],"product_cat":[99,77],"product_tag":[],"class_list":{"0":"post-2110","1":"product","2":"type-product","3":"status-publish","5":"product_cat-agary","6":"product_cat-podloza-mikrobiologiczne-sypkie","8":"first","9":"instock","10":"shipping-taxable","11":"product-type-simple"},"_links":{"self":[{"href":"https:\/\/www.btl.com.pl\/en\/wp-json\/wp\/v2\/product\/2110","targetHints":{"allow":["GET"]}}],"collection":[{"href":"https:\/\/www.btl.com.pl\/en\/wp-json\/wp\/v2\/product"}],"about":[{"href":"https:\/\/www.btl.com.pl\/en\/wp-json\/wp\/v2\/types\/product"}],"version-history":[{"count":1,"href":"https:\/\/www.btl.com.pl\/en\/wp-json\/wp\/v2\/product\/2110\/revisions"}],"predecessor-version":[{"id":2111,"href":"https:\/\/www.btl.com.pl\/en\/wp-json\/wp\/v2\/product\/2110\/revisions\/2111"}],"wp:attachment":[{"href":"https:\/\/www.btl.com.pl\/en\/wp-json\/wp\/v2\/media?parent=2110"}],"wp:term":[{"taxonomy":"product_brand","embeddable":true,"href":"https:\/\/www.btl.com.pl\/en\/wp-json\/wp\/v2\/product_brand?post=2110"},{"taxonomy":"product_cat","embeddable":true,"href":"https:\/\/www.btl.com.pl\/en\/wp-json\/wp\/v2\/product_cat?post=2110"},{"taxonomy":"product_tag","embeddable":true,"href":"https:\/\/www.btl.com.pl\/en\/wp-json\/wp\/v2\/product_tag?post=2110"}],"curies":[{"name":"wp","href":"https:\/\/api.w.org\/{rel}","templated":true}]}}