{"id":2106,"date":"2021-08-29T19:44:18","date_gmt":"2021-08-29T17:44:18","guid":{"rendered":"https:\/\/btl.com.pl\/?post_type=product&#038;p=2106"},"modified":"2021-08-29T19:45:11","modified_gmt":"2021-08-29T17:45:11","slug":"agar-tryptozowo-siarczynowy-p-0267","status":"publish","type":"product","link":"https:\/\/www.btl.com.pl\/en\/produkty\/podloza-mikrobiologiczne-sypkie\/agary\/agar-tryptozowo-siarczynowy-p-0267\/","title":{"rendered":"Agar tryptozowo-siarczynowy  P-0267"},"content":{"rendered":"<div>nr katalogowy: <b>P-0267<\/b><\/div>\n<p>&nbsp;<\/p>\n<div>\n<p><strong>Zastosowanie:<\/strong><br \/>\nPod\u0142o\u017ce do wykrywania i oznaczania liczby bakterii przetrwalnikuj\u0105cych, beztlenowych redukuj\u0105cych siarczyny, g\u0142\u00f3wnie z rodzaju <em>Clostridium<\/em> metod\u0105 filtr\u00f3w membranowych w wodzie i innych materia\u0142ach. Agar tryptozowo-siarczynowy zawiera wystarczaj\u0105c\u0105 ilo\u015b\u0107 sk\u0142adnik\u00f3w od\u017cywczych gwarantuj\u0105cych wzrost i rozmna\u017canie si\u0119 <em>Clostridium.<br \/>\n<\/em><strong>Szczepy kontrolne:<br \/>\n<\/strong><em>Clostridium perfringens ATCC 13124<br \/>\nEscherichia coli ATCC 25922<\/em><br \/>\n<strong>Wielko\u015b\u0107 opakowania:<\/strong><br \/>\nSypkie: 500 g, 250 g, 100 g, gotowa nawa\u017cka na 250 ml<br \/>\nButelki: 6 x 400 ml, butelka 200 ml<\/p>\n<\/div>","protected":false},"excerpt":{"rendered":"<p>nr katalogowy: P-0267 &nbsp; Zastosowanie: Pod\u0142o\u017ce do wykrywania i oznaczania liczby bakterii przetrwalnikuj\u0105cych, beztlenowych redukuj\u0105cych siarczyny, g\u0142\u00f3wnie z rodzaju Clostridium metod\u0105 filtr\u00f3w membranowych w wodzie i innych materia\u0142ach. Agar tryptozowo-siarczynowy zawiera wystarczaj\u0105c\u0105 ilo\u015b\u0107 sk\u0142adnik\u00f3w od\u017cywczych gwarantuj\u0105cych wzrost i rozmna\u017canie si\u0119 Clostridium. Szczepy kontrolne: Clostridium perfringens ATCC 13124 Escherichia coli ATCC 25922 Wielko\u015b\u0107 opakowania: Sypkie: 500 [&hellip;]<\/p>\n","protected":false},"featured_media":0,"template":"","meta":[],"product_brand":[],"product_cat":[99,77],"product_tag":[],"class_list":{"0":"post-2106","1":"product","2":"type-product","3":"status-publish","5":"product_cat-agary","6":"product_cat-podloza-mikrobiologiczne-sypkie","8":"first","9":"instock","10":"shipping-taxable","11":"product-type-simple"},"_links":{"self":[{"href":"https:\/\/www.btl.com.pl\/en\/wp-json\/wp\/v2\/product\/2106","targetHints":{"allow":["GET"]}}],"collection":[{"href":"https:\/\/www.btl.com.pl\/en\/wp-json\/wp\/v2\/product"}],"about":[{"href":"https:\/\/www.btl.com.pl\/en\/wp-json\/wp\/v2\/types\/product"}],"version-history":[{"count":1,"href":"https:\/\/www.btl.com.pl\/en\/wp-json\/wp\/v2\/product\/2106\/revisions"}],"predecessor-version":[{"id":2107,"href":"https:\/\/www.btl.com.pl\/en\/wp-json\/wp\/v2\/product\/2106\/revisions\/2107"}],"wp:attachment":[{"href":"https:\/\/www.btl.com.pl\/en\/wp-json\/wp\/v2\/media?parent=2106"}],"wp:term":[{"taxonomy":"product_brand","embeddable":true,"href":"https:\/\/www.btl.com.pl\/en\/wp-json\/wp\/v2\/product_brand?post=2106"},{"taxonomy":"product_cat","embeddable":true,"href":"https:\/\/www.btl.com.pl\/en\/wp-json\/wp\/v2\/product_cat?post=2106"},{"taxonomy":"product_tag","embeddable":true,"href":"https:\/\/www.btl.com.pl\/en\/wp-json\/wp\/v2\/product_tag?post=2106"}],"curies":[{"name":"wp","href":"https:\/\/api.w.org\/{rel}","templated":true}]}}