{"id":2104,"date":"2021-08-29T19:42:45","date_gmt":"2021-08-29T17:42:45","guid":{"rendered":"https:\/\/btl.com.pl\/?post_type=product&#038;p=2104"},"modified":"2021-08-29T19:43:32","modified_gmt":"2021-08-29T17:43:32","slug":"agar-ssdc-ss-z-deoksycholanem-i-chlorkiem-wapnia-p-0243","status":"publish","type":"product","link":"https:\/\/www.btl.com.pl\/en\/produkty\/podloza-mikrobiologiczne-sypkie\/agary\/agar-ssdc-ss-z-deoksycholanem-i-chlorkiem-wapnia-p-0243\/","title":{"rendered":"Agar SSDC (SS z deoksycholanem i chlorkiem wapnia)  P-0243"},"content":{"rendered":"<div>nr katalogowy: <b>P-0243<\/b><\/div>\n<p>&nbsp;<\/p>\n<div>\n<p><strong>Zastosowanie:<br \/>\n<\/strong>Agar SSDC s\u0142u\u017cy do wybi\u00f3rczej hodowli, izolacji i wst\u0119pnego r\u00f3\u017cnicowania chorobotw\u00f3rczej bakterii <em>Yersinia enterocolitica<\/em> z pr\u00f3bek \u017cywno\u015bci, pasz i innych materia\u0142\u00f3w.<br \/>\n<strong>Szczepy kontrolne:<br \/>\n<\/strong><em>Yersinia enterocolitica ATCC 9610<\/em><br \/>\n<strong>Wielko\u015b\u0107 opakowania:<\/strong><br \/>\nSypkie: 500 g, 250 g, 100 g, gotowa nawa\u017cka na 250 ml<\/p>\n<\/div>","protected":false},"excerpt":{"rendered":"<p>nr katalogowy: P-0243 &nbsp; Zastosowanie: Agar SSDC s\u0142u\u017cy do wybi\u00f3rczej hodowli, izolacji i wst\u0119pnego r\u00f3\u017cnicowania chorobotw\u00f3rczej bakterii Yersinia enterocolitica z pr\u00f3bek \u017cywno\u015bci, pasz i innych materia\u0142\u00f3w. Szczepy kontrolne: Yersinia enterocolitica ATCC 9610 Wielko\u015b\u0107 opakowania: Sypkie: 500 g, 250 g, 100 g, gotowa nawa\u017cka na 250 ml<\/p>","protected":false},"featured_media":0,"template":"","meta":[],"product_brand":[],"product_cat":[99,77],"product_tag":[],"class_list":{"0":"post-2104","1":"product","2":"type-product","3":"status-publish","5":"product_cat-agary","6":"product_cat-podloza-mikrobiologiczne-sypkie","8":"first","9":"instock","10":"shipping-taxable","11":"product-type-simple"},"_links":{"self":[{"href":"https:\/\/www.btl.com.pl\/en\/wp-json\/wp\/v2\/product\/2104","targetHints":{"allow":["GET"]}}],"collection":[{"href":"https:\/\/www.btl.com.pl\/en\/wp-json\/wp\/v2\/product"}],"about":[{"href":"https:\/\/www.btl.com.pl\/en\/wp-json\/wp\/v2\/types\/product"}],"version-history":[{"count":1,"href":"https:\/\/www.btl.com.pl\/en\/wp-json\/wp\/v2\/product\/2104\/revisions"}],"predecessor-version":[{"id":2105,"href":"https:\/\/www.btl.com.pl\/en\/wp-json\/wp\/v2\/product\/2104\/revisions\/2105"}],"wp:attachment":[{"href":"https:\/\/www.btl.com.pl\/en\/wp-json\/wp\/v2\/media?parent=2104"}],"wp:term":[{"taxonomy":"product_brand","embeddable":true,"href":"https:\/\/www.btl.com.pl\/en\/wp-json\/wp\/v2\/product_brand?post=2104"},{"taxonomy":"product_cat","embeddable":true,"href":"https:\/\/www.btl.com.pl\/en\/wp-json\/wp\/v2\/product_cat?post=2104"},{"taxonomy":"product_tag","embeddable":true,"href":"https:\/\/www.btl.com.pl\/en\/wp-json\/wp\/v2\/product_tag?post=2104"}],"curies":[{"name":"wp","href":"https:\/\/api.w.org\/{rel}","templated":true}]}}