{"id":2094,"date":"2021-08-29T19:36:36","date_gmt":"2021-08-29T17:36:36","guid":{"rendered":"https:\/\/btl.com.pl\/?post_type=product&#038;p=2094"},"modified":"2021-08-29T19:37:37","modified_gmt":"2021-08-29T17:37:37","slug":"agar-peptonowo-glukozowy-z-rozem-bengalskim-wg-martina-podst-p-0116","status":"publish","type":"product","link":"https:\/\/www.btl.com.pl\/en\/produkty\/podloza-mikrobiologiczne-sypkie\/agary\/agar-peptonowo-glukozowy-z-rozem-bengalskim-wg-martina-podst-p-0116\/","title":{"rendered":"Agar peptonowo-glukozowy z r\u00f3\u017cem bengalskim (wg Martina podst.)  P-0116"},"content":{"rendered":"<div id=\"glowna\">\n<div id=\"tresc_produkt\">\n<div>nr katalogowy: <b>P-0116<\/b><\/div>\n<div>\n<p><strong>Zastosowanie:<\/strong><br \/>\nPod\u0142o\u017ce wybi\u00f3rcze do izolacji i okre\u015blania liczby dro\u017cd\u017cy i ple\u015bni w paszach, produktach spo\u017cywczych i innych materia\u0142ach.<br \/>\nSuplementy:<br \/>\nRoztwory antybiotyk\u00f3w penicyliny oraz streptomycyny<br \/>\n<strong>Szczepy kontrolne:<br \/>\n<\/strong><em>Aspergillus niger ATCC 16404<br \/>\nSaccharomyces cerevisiae ATCC 9763<br \/>\nCandida albicans ATCC 10231\u00a0<\/em><br \/>\n<strong>Wielko\u015b\u0107 opakowania:<\/strong><br \/>\nSypkie: 500 g, 250 g, 100 g, gotowa nawa\u017cka na 250 ml<br \/>\nButelki: 6 x 400 ml, 6 x 200 ml<\/p>\n<\/div>\n<\/div>\n<\/div>","protected":false},"excerpt":{"rendered":"<p>nr katalogowy: P-0116 Zastosowanie: Pod\u0142o\u017ce wybi\u00f3rcze do izolacji i okre\u015blania liczby dro\u017cd\u017cy i ple\u015bni w paszach, produktach spo\u017cywczych i innych materia\u0142ach. Suplementy: Roztwory antybiotyk\u00f3w penicyliny oraz streptomycyny Szczepy kontrolne: Aspergillus niger ATCC 16404 Saccharomyces cerevisiae ATCC 9763 Candida albicans ATCC 10231\u00a0 Wielko\u015b\u0107 opakowania: Sypkie: 500 g, 250 g, 100 g, gotowa nawa\u017cka na 250 ml [&hellip;]<\/p>\n","protected":false},"featured_media":0,"template":"","meta":[],"product_brand":[],"product_cat":[99,77],"product_tag":[],"class_list":{"0":"post-2094","1":"product","2":"type-product","3":"status-publish","5":"product_cat-agary","6":"product_cat-podloza-mikrobiologiczne-sypkie","8":"first","9":"instock","10":"shipping-taxable","11":"product-type-simple"},"_links":{"self":[{"href":"https:\/\/www.btl.com.pl\/en\/wp-json\/wp\/v2\/product\/2094","targetHints":{"allow":["GET"]}}],"collection":[{"href":"https:\/\/www.btl.com.pl\/en\/wp-json\/wp\/v2\/product"}],"about":[{"href":"https:\/\/www.btl.com.pl\/en\/wp-json\/wp\/v2\/types\/product"}],"version-history":[{"count":1,"href":"https:\/\/www.btl.com.pl\/en\/wp-json\/wp\/v2\/product\/2094\/revisions"}],"predecessor-version":[{"id":2095,"href":"https:\/\/www.btl.com.pl\/en\/wp-json\/wp\/v2\/product\/2094\/revisions\/2095"}],"wp:attachment":[{"href":"https:\/\/www.btl.com.pl\/en\/wp-json\/wp\/v2\/media?parent=2094"}],"wp:term":[{"taxonomy":"product_brand","embeddable":true,"href":"https:\/\/www.btl.com.pl\/en\/wp-json\/wp\/v2\/product_brand?post=2094"},{"taxonomy":"product_cat","embeddable":true,"href":"https:\/\/www.btl.com.pl\/en\/wp-json\/wp\/v2\/product_cat?post=2094"},{"taxonomy":"product_tag","embeddable":true,"href":"https:\/\/www.btl.com.pl\/en\/wp-json\/wp\/v2\/product_tag?post=2094"}],"curies":[{"name":"wp","href":"https:\/\/api.w.org\/{rel}","templated":true}]}}