{"id":2090,"date":"2021-08-29T19:33:39","date_gmt":"2021-08-29T17:33:39","guid":{"rendered":"https:\/\/btl.com.pl\/?post_type=product&#038;p=2090"},"modified":"2021-08-29T19:34:36","modified_gmt":"2021-08-29T17:34:36","slug":"agar-palcam-podstawowe-p-0212","status":"publish","type":"product","link":"https:\/\/www.btl.com.pl\/en\/produkty\/podloza-mikrobiologiczne-sypkie\/agary\/agar-palcam-podstawowe-p-0212\/","title":{"rendered":"Agar Palcam \u2013 podstawowe  P-0212"},"content":{"rendered":"<div>nr katalogowy: <b>P-0212<\/b><\/div>\n<p>&nbsp;<\/p>\n<div>\n<p><strong>Zastosowanie:<\/strong><br \/>\nPod\u0142o\u017ce wybi\u00f3rczo-r\u00f3\u017cnicuj\u0105ce do wykrywania i izolacji <em>Listeria monocytogenes<\/em> z produkt\u00f3w spo\u017cywczych, ka\u0142u i innych silnie zanieczyszczonych materia\u0142\u00f3w mikroflor\u0105 towarzysz\u0105c\u0105. Agar Palcam zawiera odpowiedni\u0105 ilo\u015b\u0107 sk\u0142adnik\u00f3w od\u017cywczych gwarantuj\u0105cych wzrost i rozmna\u017canie bakterii z rodzaju <em>Listeria<\/em>.<br \/>\n<strong><a href=\"https:\/\/www.btl.com.pl\/en\/produktopis\/1\/0\/produkty\/13\/22\/\" target=\"_blank\" rel=\"noopener\">Suplementy:<\/a><\/strong><br \/>\nD-077 Dodatek wybi\u00f3rczy do agaru Palcam<br \/>\n<strong>Szczepy kontrolne:<\/strong><br \/>\n<em>Listeria monocytogenes ATCC 15315<\/em><br \/>\n<strong>Wielko\u015b\u0107 opakowania:<br \/>\n<\/strong>Sypkie: 500 g, 250 g, 100 g, gotowa nawa\u017cka na 250 ml<\/p>\n<\/div>","protected":false},"excerpt":{"rendered":"<p>nr katalogowy: P-0212 &nbsp; Zastosowanie: Pod\u0142o\u017ce wybi\u00f3rczo-r\u00f3\u017cnicuj\u0105ce do wykrywania i izolacji Listeria monocytogenes z produkt\u00f3w spo\u017cywczych, ka\u0142u i innych silnie zanieczyszczonych materia\u0142\u00f3w mikroflor\u0105 towarzysz\u0105c\u0105. Agar Palcam zawiera odpowiedni\u0105 ilo\u015b\u0107 sk\u0142adnik\u00f3w od\u017cywczych gwarantuj\u0105cych wzrost i rozmna\u017canie bakterii z rodzaju Listeria. Suplementy: D-077 Dodatek wybi\u00f3rczy do agaru Palcam Szczepy kontrolne: Listeria monocytogenes ATCC 15315 Wielko\u015b\u0107 opakowania: Sypkie: [&hellip;]<\/p>\n","protected":false},"featured_media":0,"template":"","meta":[],"product_brand":[],"product_cat":[99,77],"product_tag":[],"class_list":{"0":"post-2090","1":"product","2":"type-product","3":"status-publish","5":"product_cat-agary","6":"product_cat-podloza-mikrobiologiczne-sypkie","8":"first","9":"instock","10":"shipping-taxable","11":"product-type-simple"},"_links":{"self":[{"href":"https:\/\/www.btl.com.pl\/en\/wp-json\/wp\/v2\/product\/2090","targetHints":{"allow":["GET"]}}],"collection":[{"href":"https:\/\/www.btl.com.pl\/en\/wp-json\/wp\/v2\/product"}],"about":[{"href":"https:\/\/www.btl.com.pl\/en\/wp-json\/wp\/v2\/types\/product"}],"version-history":[{"count":1,"href":"https:\/\/www.btl.com.pl\/en\/wp-json\/wp\/v2\/product\/2090\/revisions"}],"predecessor-version":[{"id":2091,"href":"https:\/\/www.btl.com.pl\/en\/wp-json\/wp\/v2\/product\/2090\/revisions\/2091"}],"wp:attachment":[{"href":"https:\/\/www.btl.com.pl\/en\/wp-json\/wp\/v2\/media?parent=2090"}],"wp:term":[{"taxonomy":"product_brand","embeddable":true,"href":"https:\/\/www.btl.com.pl\/en\/wp-json\/wp\/v2\/product_brand?post=2090"},{"taxonomy":"product_cat","embeddable":true,"href":"https:\/\/www.btl.com.pl\/en\/wp-json\/wp\/v2\/product_cat?post=2090"},{"taxonomy":"product_tag","embeddable":true,"href":"https:\/\/www.btl.com.pl\/en\/wp-json\/wp\/v2\/product_tag?post=2090"}],"curies":[{"name":"wp","href":"https:\/\/api.w.org\/{rel}","templated":true}]}}