{"id":2088,"date":"2021-08-29T19:32:01","date_gmt":"2021-08-29T17:32:01","guid":{"rendered":"https:\/\/btl.com.pl\/?post_type=product&#038;p=2088"},"modified":"2021-08-29T19:32:55","modified_gmt":"2021-08-29T17:32:55","slug":"agar-oxford-podstawowe-p-0213","status":"publish","type":"product","link":"https:\/\/www.btl.com.pl\/en\/produkty\/podloza-mikrobiologiczne-sypkie\/agary\/agar-oxford-podstawowe-p-0213\/","title":{"rendered":"Agar Oxford \u2013 podstawowe  P-0213"},"content":{"rendered":"<p>nr katalogowy: <b>P-0213<\/b><\/p>\n<p>&nbsp;<\/p>\n<p><strong>Zastosowanie:<\/strong><br \/>\nAgar Oxford to pod\u0142o\u017ce wybi\u00f3rczo-r\u00f3\u017cnicuj\u0105ce s\u0142u\u017c\u0105ca do wykrywania i izolacji <em>Listeria monocytogenes <\/em>z produkt\u00f3w \u017cywno\u015bciowych (np. mleka i jego przetwor\u00f3w) i pasz. Agar Oxford zawiera odpowiedni\u0105 ilo\u015b\u0107 sk\u0142adnik\u00f3w od\u017cywczych gwarantuj\u0105cych wzrost i rozmna\u017canie bakterii z rodzaju <em>Listeria.<br \/>\n<\/em><strong><a href=\"https:\/\/www.btl.com.pl\/en\/produktopis\/1\/0\/produkty\/13\/22\/\" target=\"_blank\" rel=\"noopener\">Suplementy:<\/a><\/strong><br \/>\nD-075 Dodatek wybi\u00f3rczy do agaru Oxford<br \/>\n<strong>Szczepy kontrolne:<\/strong><br \/>\n<em>Listeria monocytogenes ATCC 15315<\/em><br \/>\n<strong>Wielko\u015b\u0107 opakowania:<\/strong><br \/>\nSypkie: 500 g, 250 g, 100 g, gotowa nawa\u017cka na 250 ml<\/p>","protected":false},"excerpt":{"rendered":"<p>nr katalogowy: P-0213 &nbsp; Zastosowanie: Agar Oxford to pod\u0142o\u017ce wybi\u00f3rczo-r\u00f3\u017cnicuj\u0105ce s\u0142u\u017c\u0105ca do wykrywania i izolacji Listeria monocytogenes z produkt\u00f3w \u017cywno\u015bciowych (np. mleka i jego przetwor\u00f3w) i pasz. Agar Oxford zawiera odpowiedni\u0105 ilo\u015b\u0107 sk\u0142adnik\u00f3w od\u017cywczych gwarantuj\u0105cych wzrost i rozmna\u017canie bakterii z rodzaju Listeria. Suplementy: D-075 Dodatek wybi\u00f3rczy do agaru Oxford Szczepy kontrolne: Listeria monocytogenes ATCC 15315 [&hellip;]<\/p>\n","protected":false},"featured_media":0,"template":"","meta":[],"product_brand":[],"product_cat":[99,77],"product_tag":[],"class_list":{"0":"post-2088","1":"product","2":"type-product","3":"status-publish","5":"product_cat-agary","6":"product_cat-podloza-mikrobiologiczne-sypkie","8":"first","9":"instock","10":"shipping-taxable","11":"product-type-simple"},"_links":{"self":[{"href":"https:\/\/www.btl.com.pl\/en\/wp-json\/wp\/v2\/product\/2088","targetHints":{"allow":["GET"]}}],"collection":[{"href":"https:\/\/www.btl.com.pl\/en\/wp-json\/wp\/v2\/product"}],"about":[{"href":"https:\/\/www.btl.com.pl\/en\/wp-json\/wp\/v2\/types\/product"}],"version-history":[{"count":1,"href":"https:\/\/www.btl.com.pl\/en\/wp-json\/wp\/v2\/product\/2088\/revisions"}],"predecessor-version":[{"id":2089,"href":"https:\/\/www.btl.com.pl\/en\/wp-json\/wp\/v2\/product\/2088\/revisions\/2089"}],"wp:attachment":[{"href":"https:\/\/www.btl.com.pl\/en\/wp-json\/wp\/v2\/media?parent=2088"}],"wp:term":[{"taxonomy":"product_brand","embeddable":true,"href":"https:\/\/www.btl.com.pl\/en\/wp-json\/wp\/v2\/product_brand?post=2088"},{"taxonomy":"product_cat","embeddable":true,"href":"https:\/\/www.btl.com.pl\/en\/wp-json\/wp\/v2\/product_cat?post=2088"},{"taxonomy":"product_tag","embeddable":true,"href":"https:\/\/www.btl.com.pl\/en\/wp-json\/wp\/v2\/product_tag?post=2088"}],"curies":[{"name":"wp","href":"https:\/\/api.w.org\/{rel}","templated":true}]}}