{"id":2086,"date":"2021-08-29T16:27:56","date_gmt":"2021-08-29T14:27:56","guid":{"rendered":"https:\/\/btl.com.pl\/?post_type=product&#038;p=2086"},"modified":"2021-08-29T16:28:52","modified_gmt":"2021-08-29T14:28:52","slug":"agar-odzywczy-zwykly-p-0049","status":"publish","type":"product","link":"https:\/\/www.btl.com.pl\/en\/produkty\/podloza-mikrobiologiczne-sypkie\/agary\/agar-odzywczy-zwykly-p-0049\/","title":{"rendered":"Agar od\u017cywczy-zwyk\u0142y  P-0049"},"content":{"rendered":"<div>\n<div>nr katalogowy: <b>P-0049<\/b><\/div>\n<p>&nbsp;<\/p>\n<div>\n<p><strong>Zastosowanie:<\/strong><br \/>\nPod\u0142o\u017ce uniwersalne do hodowli, namna\u017cania, oznaczania og\u00f3lnej liczby mikroorganizm\u00f3w.<br \/>\n<strong>Szczepy kontrolne:<br \/>\n<\/strong><em>Bacillus subtilis ATCC 6633<br \/>\nSalmonella enteritidis ATCC 13076<br \/>\nEscherichia coli ATCC 25922<br \/>\nStaphylococcus aureus ATCC 6538<\/em><br \/>\n<strong>Wielko\u015b\u0107 opakowania:<\/strong><br \/>\nSypkie: 500 g, 250 g, 100 g, gotowa nawa\u017cka na 250 ml<br \/>\nButelki: 6 x\u00a0400 ml,\u00a06 x\u00a0200 ml<\/p>\n<\/div>\n<p>&nbsp;<\/p>\n<\/div>","protected":false},"excerpt":{"rendered":"<p>nr katalogowy: P-0049 &nbsp; Zastosowanie: Pod\u0142o\u017ce uniwersalne do hodowli, namna\u017cania, oznaczania og\u00f3lnej liczby mikroorganizm\u00f3w. Szczepy kontrolne: Bacillus subtilis ATCC 6633 Salmonella enteritidis ATCC 13076 Escherichia coli ATCC 25922 Staphylococcus aureus ATCC 6538 Wielko\u015b\u0107 opakowania: Sypkie: 500 g, 250 g, 100 g, gotowa nawa\u017cka na 250 ml Butelki: 6 x\u00a0400 ml,\u00a06 x\u00a0200 ml &nbsp;<\/p>","protected":false},"featured_media":0,"template":"","meta":[],"product_brand":[],"product_cat":[99,77],"product_tag":[],"class_list":{"0":"post-2086","1":"product","2":"type-product","3":"status-publish","5":"product_cat-agary","6":"product_cat-podloza-mikrobiologiczne-sypkie","8":"first","9":"instock","10":"shipping-taxable","11":"product-type-simple"},"_links":{"self":[{"href":"https:\/\/www.btl.com.pl\/en\/wp-json\/wp\/v2\/product\/2086","targetHints":{"allow":["GET"]}}],"collection":[{"href":"https:\/\/www.btl.com.pl\/en\/wp-json\/wp\/v2\/product"}],"about":[{"href":"https:\/\/www.btl.com.pl\/en\/wp-json\/wp\/v2\/types\/product"}],"version-history":[{"count":1,"href":"https:\/\/www.btl.com.pl\/en\/wp-json\/wp\/v2\/product\/2086\/revisions"}],"predecessor-version":[{"id":2087,"href":"https:\/\/www.btl.com.pl\/en\/wp-json\/wp\/v2\/product\/2086\/revisions\/2087"}],"wp:attachment":[{"href":"https:\/\/www.btl.com.pl\/en\/wp-json\/wp\/v2\/media?parent=2086"}],"wp:term":[{"taxonomy":"product_brand","embeddable":true,"href":"https:\/\/www.btl.com.pl\/en\/wp-json\/wp\/v2\/product_brand?post=2086"},{"taxonomy":"product_cat","embeddable":true,"href":"https:\/\/www.btl.com.pl\/en\/wp-json\/wp\/v2\/product_cat?post=2086"},{"taxonomy":"product_tag","embeddable":true,"href":"https:\/\/www.btl.com.pl\/en\/wp-json\/wp\/v2\/product_tag?post=2086"}],"curies":[{"name":"wp","href":"https:\/\/api.w.org\/{rel}","templated":true}]}}