{"id":2082,"date":"2021-08-29T16:25:21","date_gmt":"2021-08-29T14:25:21","guid":{"rendered":"https:\/\/btl.com.pl\/?post_type=product&#038;p=2082"},"modified":"2021-08-29T16:26:09","modified_gmt":"2021-08-29T14:26:09","slug":"agar-odzywczy-wg-iso-9308-1-p-0251","status":"publish","type":"product","link":"https:\/\/www.btl.com.pl\/en\/produkty\/podloza-mikrobiologiczne-sypkie\/agary\/agar-odzywczy-wg-iso-9308-1-p-0251\/","title":{"rendered":"Agar od\u017cywczy wg ISO 9308-1  P-0251"},"content":{"rendered":"<div>nr katalogowy: <b>P-0251<\/b><\/div>\n<p>&nbsp;<\/p>\n<div>\n<p><strong>Zastosowanie:<\/strong><br \/>\nPod\u0142o\u017ce do hodowli drobnoustroj\u00f3w o obni\u017conych wymaganiach pokarmowych, polecane do hodowli bakterii z grupy coli i <em>Escherichia coli<\/em> izolowanych z wody.<br \/>\n<strong>Szczepy kontrolne:<\/strong><br \/>\n<em>Salmonella enteritidis ATCC 13076<br \/>\nEscherichia coli ATCC 25922<\/em><br \/>\n<strong>Wielko\u015b\u0107 opakowania:<\/strong><br \/>\nSypkie: 500 g, 250 g, 100 g, gotowa nawa\u017cka na 250 ml<br \/>\nButelki: 6 x 400 ml, 6 x 200 ml<\/p>\n<\/div>","protected":false},"excerpt":{"rendered":"<p>nr katalogowy: P-0251 &nbsp; Zastosowanie: Pod\u0142o\u017ce do hodowli drobnoustroj\u00f3w o obni\u017conych wymaganiach pokarmowych, polecane do hodowli bakterii z grupy coli i Escherichia coli izolowanych z wody. Szczepy kontrolne: Salmonella enteritidis ATCC 13076 Escherichia coli ATCC 25922 Wielko\u015b\u0107 opakowania: Sypkie: 500 g, 250 g, 100 g, gotowa nawa\u017cka na 250 ml Butelki: 6 x 400 ml, [&hellip;]<\/p>\n","protected":false},"featured_media":0,"template":"","meta":[],"product_brand":[],"product_cat":[99,77],"product_tag":[],"class_list":{"0":"post-2082","1":"product","2":"type-product","3":"status-publish","5":"product_cat-agary","6":"product_cat-podloza-mikrobiologiczne-sypkie","8":"first","9":"instock","10":"shipping-taxable","11":"product-type-simple"},"_links":{"self":[{"href":"https:\/\/www.btl.com.pl\/en\/wp-json\/wp\/v2\/product\/2082","targetHints":{"allow":["GET"]}}],"collection":[{"href":"https:\/\/www.btl.com.pl\/en\/wp-json\/wp\/v2\/product"}],"about":[{"href":"https:\/\/www.btl.com.pl\/en\/wp-json\/wp\/v2\/types\/product"}],"version-history":[{"count":1,"href":"https:\/\/www.btl.com.pl\/en\/wp-json\/wp\/v2\/product\/2082\/revisions"}],"predecessor-version":[{"id":2083,"href":"https:\/\/www.btl.com.pl\/en\/wp-json\/wp\/v2\/product\/2082\/revisions\/2083"}],"wp:attachment":[{"href":"https:\/\/www.btl.com.pl\/en\/wp-json\/wp\/v2\/media?parent=2082"}],"wp:term":[{"taxonomy":"product_brand","embeddable":true,"href":"https:\/\/www.btl.com.pl\/en\/wp-json\/wp\/v2\/product_brand?post=2082"},{"taxonomy":"product_cat","embeddable":true,"href":"https:\/\/www.btl.com.pl\/en\/wp-json\/wp\/v2\/product_cat?post=2082"},{"taxonomy":"product_tag","embeddable":true,"href":"https:\/\/www.btl.com.pl\/en\/wp-json\/wp\/v2\/product_tag?post=2082"}],"curies":[{"name":"wp","href":"https:\/\/api.w.org\/{rel}","templated":true}]}}