{"id":2080,"date":"2021-08-29T16:24:08","date_gmt":"2021-08-29T14:24:08","guid":{"rendered":"https:\/\/btl.com.pl\/?post_type=product&#038;p=2080"},"modified":"2021-08-29T16:25:06","modified_gmt":"2021-08-29T14:25:06","slug":"agar-odzywczy-wg-iso-21528-1-p-0336","status":"publish","type":"product","link":"https:\/\/www.btl.com.pl\/en\/produkty\/podloza-mikrobiologiczne-sypkie\/agary\/agar-odzywczy-wg-iso-21528-1-p-0336\/","title":{"rendered":"Agar od\u017cywczy wg ISO 21528-1. P-0336"},"content":{"rendered":"<div>nr katalogowy: <b>P-0336<\/b><\/div>\n<p>&nbsp;<\/p>\n<div>\n<p><strong>Zastosowanie:<\/strong><br \/>\nAgar od\u017cywczy wg ISO 21528-1 jest odpowiednim pod\u0142o\u017cem do namna\u017cania i hodowli mikroorganizm\u00f3w o niskich wymaganiach pokarmowych, polecane do namna\u017cania bakterii z rodziny <em>Enterobacteriaceae<\/em>.<br \/>\n<strong>Szczepy kontrolne:<\/strong><br \/>\n<em>Salmonella enteritidis ATCC 13076<br \/>\nStaphylococcus aureus ATCC 6538<br \/>\nEscherichia coli ATCC 25922<\/em><br \/>\n<strong>Wielko\u015b\u0107 opakowania:<\/strong><br \/>\nSypkie: 500 g, 250 g, 100 g, gotowa nawa\u017cka na 250 ml<br \/>\nButelki: 6 x 400 ml, 6 x 200 ml<\/p>\n<\/div>","protected":false},"excerpt":{"rendered":"<p>nr katalogowy: P-0336 &nbsp; Zastosowanie: Agar od\u017cywczy wg ISO 21528-1 jest odpowiednim pod\u0142o\u017cem do namna\u017cania i hodowli mikroorganizm\u00f3w o niskich wymaganiach pokarmowych, polecane do namna\u017cania bakterii z rodziny Enterobacteriaceae. Szczepy kontrolne: Salmonella enteritidis ATCC 13076 Staphylococcus aureus ATCC 6538 Escherichia coli ATCC 25922 Wielko\u015b\u0107 opakowania: Sypkie: 500 g, 250 g, 100 g, gotowa nawa\u017cka na [&hellip;]<\/p>\n","protected":false},"featured_media":0,"template":"","meta":[],"product_brand":[],"product_cat":[99,77],"product_tag":[],"class_list":{"0":"post-2080","1":"product","2":"type-product","3":"status-publish","5":"product_cat-agary","6":"product_cat-podloza-mikrobiologiczne-sypkie","8":"first","9":"instock","10":"shipping-taxable","11":"product-type-simple"},"_links":{"self":[{"href":"https:\/\/www.btl.com.pl\/en\/wp-json\/wp\/v2\/product\/2080","targetHints":{"allow":["GET"]}}],"collection":[{"href":"https:\/\/www.btl.com.pl\/en\/wp-json\/wp\/v2\/product"}],"about":[{"href":"https:\/\/www.btl.com.pl\/en\/wp-json\/wp\/v2\/types\/product"}],"version-history":[{"count":1,"href":"https:\/\/www.btl.com.pl\/en\/wp-json\/wp\/v2\/product\/2080\/revisions"}],"predecessor-version":[{"id":2081,"href":"https:\/\/www.btl.com.pl\/en\/wp-json\/wp\/v2\/product\/2080\/revisions\/2081"}],"wp:attachment":[{"href":"https:\/\/www.btl.com.pl\/en\/wp-json\/wp\/v2\/media?parent=2080"}],"wp:term":[{"taxonomy":"product_brand","embeddable":true,"href":"https:\/\/www.btl.com.pl\/en\/wp-json\/wp\/v2\/product_brand?post=2080"},{"taxonomy":"product_cat","embeddable":true,"href":"https:\/\/www.btl.com.pl\/en\/wp-json\/wp\/v2\/product_cat?post=2080"},{"taxonomy":"product_tag","embeddable":true,"href":"https:\/\/www.btl.com.pl\/en\/wp-json\/wp\/v2\/product_tag?post=2080"}],"curies":[{"name":"wp","href":"https:\/\/api.w.org\/{rel}","templated":true}]}}