{"id":2078,"date":"2021-08-29T16:22:43","date_gmt":"2021-08-29T14:22:43","guid":{"rendered":"https:\/\/btl.com.pl\/?post_type=product&#038;p=2078"},"modified":"2021-08-29T16:23:45","modified_gmt":"2021-08-29T14:23:45","slug":"agar-odzywczy-wg-iso-12780-p-0339","status":"publish","type":"product","link":"https:\/\/www.btl.com.pl\/en\/produkty\/podloza-mikrobiologiczne-sypkie\/agary\/agar-odzywczy-wg-iso-12780-p-0339\/","title":{"rendered":"Agar od\u017cywczy wg ISO 12780. P-0339"},"content":{"rendered":"<div>nr katalogowy: <b>P-0339<\/b><\/div>\n<p>&nbsp;<\/p>\n<div>\n<p><strong>Zastosowanie:<\/strong><br \/>\nAgar od\u017cywczy wg ISO 12780 jest pod\u0142o\u017cem odpowiednim do namna\u017cania i hodowli mikroorganizm\u00f3w, szczeg\u00f3lnie dla <em>Pseudomonas aeruginosa<\/em>. Wzrost i wygl\u0105d kolonii charakterystyczny jest dla danego gatunku mikroorganizmu.<br \/>\n<strong>Szczepy kontrolne:<br \/>\n<\/strong><em>Pseudomonas aeruginosa ATCC 27853<br \/>\nStaphylococcus aureus ATCC 6538<br \/>\nEscherichia coli ATCC 25922<\/em><br \/>\n<strong>Wielko\u015b\u0107 opakowania:<br \/>\n<\/strong>Sypkie: 500 g, 250 g, 100 g, gotowa nawa\u017cka na 250 ml<br \/>\nButelki: 6 x 400 ml, 6 x 200 ml<\/p>\n<\/div>","protected":false},"excerpt":{"rendered":"<p>nr katalogowy: P-0339 &nbsp; Zastosowanie: Agar od\u017cywczy wg ISO 12780 jest pod\u0142o\u017cem odpowiednim do namna\u017cania i hodowli mikroorganizm\u00f3w, szczeg\u00f3lnie dla Pseudomonas aeruginosa. Wzrost i wygl\u0105d kolonii charakterystyczny jest dla danego gatunku mikroorganizmu. Szczepy kontrolne: Pseudomonas aeruginosa ATCC 27853 Staphylococcus aureus ATCC 6538 Escherichia coli ATCC 25922 Wielko\u015b\u0107 opakowania: Sypkie: 500 g, 250 g, 100 g, [&hellip;]<\/p>\n","protected":false},"featured_media":0,"template":"","meta":[],"product_brand":[],"product_cat":[99,77],"product_tag":[],"class_list":{"0":"post-2078","1":"product","2":"type-product","3":"status-publish","5":"product_cat-agary","6":"product_cat-podloza-mikrobiologiczne-sypkie","8":"first","9":"instock","10":"shipping-taxable","11":"product-type-simple"},"_links":{"self":[{"href":"https:\/\/www.btl.com.pl\/en\/wp-json\/wp\/v2\/product\/2078","targetHints":{"allow":["GET"]}}],"collection":[{"href":"https:\/\/www.btl.com.pl\/en\/wp-json\/wp\/v2\/product"}],"about":[{"href":"https:\/\/www.btl.com.pl\/en\/wp-json\/wp\/v2\/types\/product"}],"version-history":[{"count":1,"href":"https:\/\/www.btl.com.pl\/en\/wp-json\/wp\/v2\/product\/2078\/revisions"}],"predecessor-version":[{"id":2079,"href":"https:\/\/www.btl.com.pl\/en\/wp-json\/wp\/v2\/product\/2078\/revisions\/2079"}],"wp:attachment":[{"href":"https:\/\/www.btl.com.pl\/en\/wp-json\/wp\/v2\/media?parent=2078"}],"wp:term":[{"taxonomy":"product_brand","embeddable":true,"href":"https:\/\/www.btl.com.pl\/en\/wp-json\/wp\/v2\/product_brand?post=2078"},{"taxonomy":"product_cat","embeddable":true,"href":"https:\/\/www.btl.com.pl\/en\/wp-json\/wp\/v2\/product_cat?post=2078"},{"taxonomy":"product_tag","embeddable":true,"href":"https:\/\/www.btl.com.pl\/en\/wp-json\/wp\/v2\/product_tag?post=2078"}],"curies":[{"name":"wp","href":"https:\/\/api.w.org\/{rel}","templated":true}]}}