{"id":2065,"date":"2021-08-28T00:03:23","date_gmt":"2021-08-27T22:03:23","guid":{"rendered":"https:\/\/btl.com.pl\/?post_type=product&#038;p=2065"},"modified":"2021-08-28T00:04:45","modified_gmt":"2021-08-27T22:04:45","slug":"agar-odzywczy-c-p-0075","status":"publish","type":"product","link":"https:\/\/www.btl.com.pl\/en\/produkty\/podloza-mikrobiologiczne-sypkie\/agary\/agar-odzywczy-c-p-0075\/","title":{"rendered":"Agar od\u017cywczy (C). P-0075"},"content":{"rendered":"<div>nr katalogowy: <b>P-0075<\/b><\/div>\n<p>&nbsp;<\/p>\n<div>\n<p><strong>Zastosowanie:<br \/>\n<\/strong>Pod\u0142o\u017ce uniwersalne do hodowli mikroorganizm\u00f3w<br \/>\n<strong>Szczepy kontrolne:<br \/>\n<\/strong><em>Salmonella enteritidis ATCC 13076<br \/>\nEscherichia coli ATCC 25922<br \/>\nBacillus cereus ATCC 10876<\/em><br \/>\n<strong>Wielko\u015b\u0107 opakowania:<\/strong><br \/>\nSypkie: 500 g, 250 g, 100 g, gotowa nawa\u017cka na 250 ml<br \/>\nButelki: 6 x 400 ml,\u00a06 x\u00a0200 ml<\/p>\n<\/div>","protected":false},"excerpt":{"rendered":"<p>nr katalogowy: P-0075 &nbsp; Zastosowanie: Pod\u0142o\u017ce uniwersalne do hodowli mikroorganizm\u00f3w Szczepy kontrolne: Salmonella enteritidis ATCC 13076 Escherichia coli ATCC 25922 Bacillus cereus ATCC 10876 Wielko\u015b\u0107 opakowania: Sypkie: 500 g, 250 g, 100 g, gotowa nawa\u017cka na 250 ml Butelki: 6 x 400 ml,\u00a06 x\u00a0200 ml<\/p>","protected":false},"featured_media":0,"template":"","meta":[],"product_brand":[],"product_cat":[99,77],"product_tag":[],"class_list":{"0":"post-2065","1":"product","2":"type-product","3":"status-publish","5":"product_cat-agary","6":"product_cat-podloza-mikrobiologiczne-sypkie","8":"first","9":"instock","10":"shipping-taxable","11":"product-type-simple"},"_links":{"self":[{"href":"https:\/\/www.btl.com.pl\/en\/wp-json\/wp\/v2\/product\/2065","targetHints":{"allow":["GET"]}}],"collection":[{"href":"https:\/\/www.btl.com.pl\/en\/wp-json\/wp\/v2\/product"}],"about":[{"href":"https:\/\/www.btl.com.pl\/en\/wp-json\/wp\/v2\/types\/product"}],"version-history":[{"count":1,"href":"https:\/\/www.btl.com.pl\/en\/wp-json\/wp\/v2\/product\/2065\/revisions"}],"predecessor-version":[{"id":2066,"href":"https:\/\/www.btl.com.pl\/en\/wp-json\/wp\/v2\/product\/2065\/revisions\/2066"}],"wp:attachment":[{"href":"https:\/\/www.btl.com.pl\/en\/wp-json\/wp\/v2\/media?parent=2065"}],"wp:term":[{"taxonomy":"product_brand","embeddable":true,"href":"https:\/\/www.btl.com.pl\/en\/wp-json\/wp\/v2\/product_brand?post=2065"},{"taxonomy":"product_cat","embeddable":true,"href":"https:\/\/www.btl.com.pl\/en\/wp-json\/wp\/v2\/product_cat?post=2065"},{"taxonomy":"product_tag","embeddable":true,"href":"https:\/\/www.btl.com.pl\/en\/wp-json\/wp\/v2\/product_tag?post=2065"}],"curies":[{"name":"wp","href":"https:\/\/api.w.org\/{rel}","templated":true}]}}