{"id":2061,"date":"2021-08-27T23:56:21","date_gmt":"2021-08-27T21:56:21","guid":{"rendered":"https:\/\/btl.com.pl\/?post_type=product&#038;p=2061"},"modified":"2022-03-01T12:46:10","modified_gmt":"2022-03-01T11:46:10","slug":"agar-na-skosy-p-0057","status":"publish","type":"product","link":"https:\/\/www.btl.com.pl\/en\/produkty\/podloza-mikrobiologiczne-gotowe\/butelki\/agar-na-skosy-p-0057\/","title":{"rendered":"Agar na skosy. P-0057"},"content":{"rendered":"<div>nr katalogowy: <b>P-0057<\/b><\/div>\n<p>&nbsp;<\/p>\n<div>\n<p><strong>Zastosowanie:<br \/>\n<\/strong>Pod\u0142o\u017ce uniwersalne do przechowywania i hodowli drobnoustroj\u00f3w, w tym o podwy\u017cszonych wymaganiach pokarmowych.<br \/>\n<strong>Szczepy kontrolne:<br \/>\n<\/strong><em>Bacillus subtilis ATCC 6633<br \/>\nSalmonella enteritidis ATCC 13076<br \/>\nEscherichia coli ATCC 25922<br \/>\nStaphylococcus aureus ATCC 6538<br \/>\n<\/em><strong>Wielko\u015b\u0107 opakowania:<br \/>\n<\/strong>Sypkie: 500 g, 250 g, 100 g, gotowa nawa\u017cka na 250 ml<br \/>\nButelki: 6 x\u00a0400 ml,\u00a06 x\u00a0200 ml<\/p>\n<\/div>","protected":false},"excerpt":{"rendered":"<p>nr katalogowy: P-0057 &nbsp; Zastosowanie: Pod\u0142o\u017ce uniwersalne do przechowywania i hodowli drobnoustroj\u00f3w, w tym o podwy\u017cszonych wymaganiach pokarmowych. Szczepy kontrolne: Bacillus subtilis ATCC 6633 Salmonella enteritidis ATCC 13076 Escherichia coli ATCC 25922 Staphylococcus aureus ATCC 6538 Wielko\u015b\u0107 opakowania: Sypkie: 500 g, 250 g, 100 g, gotowa nawa\u017cka na 250 ml Butelki: 6 x\u00a0400 ml,\u00a06 x\u00a0200 [&hellip;]<\/p>\n","protected":false},"featured_media":0,"template":"","meta":[],"product_brand":[],"product_cat":[99,126,78,77],"product_tag":[],"class_list":{"0":"post-2061","1":"product","2":"type-product","3":"status-publish","5":"product_cat-agary","6":"product_cat-butelki","7":"product_cat-podloza-mikrobiologiczne-gotowe","8":"product_cat-podloza-mikrobiologiczne-sypkie","10":"first","11":"instock","12":"shipping-taxable","13":"product-type-simple"},"_links":{"self":[{"href":"https:\/\/www.btl.com.pl\/en\/wp-json\/wp\/v2\/product\/2061","targetHints":{"allow":["GET"]}}],"collection":[{"href":"https:\/\/www.btl.com.pl\/en\/wp-json\/wp\/v2\/product"}],"about":[{"href":"https:\/\/www.btl.com.pl\/en\/wp-json\/wp\/v2\/types\/product"}],"version-history":[{"count":1,"href":"https:\/\/www.btl.com.pl\/en\/wp-json\/wp\/v2\/product\/2061\/revisions"}],"predecessor-version":[{"id":2062,"href":"https:\/\/www.btl.com.pl\/en\/wp-json\/wp\/v2\/product\/2061\/revisions\/2062"}],"wp:attachment":[{"href":"https:\/\/www.btl.com.pl\/en\/wp-json\/wp\/v2\/media?parent=2061"}],"wp:term":[{"taxonomy":"product_brand","embeddable":true,"href":"https:\/\/www.btl.com.pl\/en\/wp-json\/wp\/v2\/product_brand?post=2061"},{"taxonomy":"product_cat","embeddable":true,"href":"https:\/\/www.btl.com.pl\/en\/wp-json\/wp\/v2\/product_cat?post=2061"},{"taxonomy":"product_tag","embeddable":true,"href":"https:\/\/www.btl.com.pl\/en\/wp-json\/wp\/v2\/product_tag?post=2061"}],"curies":[{"name":"wp","href":"https:\/\/api.w.org\/{rel}","templated":true}]}}