{"id":2059,"date":"2021-08-27T23:53:32","date_gmt":"2021-08-27T21:53:32","guid":{"rendered":"https:\/\/btl.com.pl\/?post_type=product&#038;p=2059"},"modified":"2022-03-01T12:45:19","modified_gmt":"2022-03-01T11:45:19","slug":"agar-na-brzeczce-p-0002","status":"publish","type":"product","link":"https:\/\/www.btl.com.pl\/en\/produkty\/podloza-mikrobiologiczne-gotowe\/butelki\/agar-na-brzeczce-p-0002\/","title":{"rendered":"Agar na brzeczce. P-0002"},"content":{"rendered":"<div>nr katalogowy: <b>P-0002<\/b><\/div>\n<p>&nbsp;<\/p>\n<div>\n<p><strong>Zastosowanie:<\/strong><br \/>\nPod\u0142o\u017ce do wykrywania, izolacji i okre\u015blania liczebno\u015bci dro\u017cd\u017cy i ple\u015bni oraz hodowli szczep\u00f3w testowych.<br \/>\n<strong>Szczepy kontrolne<\/strong>:<br \/>\n<em>Aspergillus niger ATCC 16404<br \/>\nSaccharomyces cerevisiae ATCC 9763<br \/>\nCandida albicans ATCC 10231<br \/>\n<\/em><strong>Wielko\u015b\u0107 opakowania:<\/strong><br \/>\nSypkie: 500 g, 250 g, 100 g, gotowa nawa\u017cka na 250 ml<br \/>\nButelki:\u00a06 x \u00a0400 ml, 6 x 200 ml<\/p>\n<\/div>","protected":false},"excerpt":{"rendered":"<p>nr katalogowy: P-0002 &nbsp; Zastosowanie: Pod\u0142o\u017ce do wykrywania, izolacji i okre\u015blania liczebno\u015bci dro\u017cd\u017cy i ple\u015bni oraz hodowli szczep\u00f3w testowych. Szczepy kontrolne: Aspergillus niger ATCC 16404 Saccharomyces cerevisiae ATCC 9763 Candida albicans ATCC 10231 Wielko\u015b\u0107 opakowania: Sypkie: 500 g, 250 g, 100 g, gotowa nawa\u017cka na 250 ml Butelki:\u00a06 x \u00a0400 ml, 6 x 200 ml<\/p>","protected":false},"featured_media":0,"template":"","meta":[],"product_brand":[],"product_cat":[126,77,99,78],"product_tag":[],"class_list":{"0":"post-2059","1":"product","2":"type-product","3":"status-publish","5":"product_cat-butelki","6":"product_cat-podloza-mikrobiologiczne-sypkie","7":"product_cat-agary","8":"product_cat-podloza-mikrobiologiczne-gotowe","10":"first","11":"instock","12":"shipping-taxable","13":"product-type-simple"},"_links":{"self":[{"href":"https:\/\/www.btl.com.pl\/en\/wp-json\/wp\/v2\/product\/2059","targetHints":{"allow":["GET"]}}],"collection":[{"href":"https:\/\/www.btl.com.pl\/en\/wp-json\/wp\/v2\/product"}],"about":[{"href":"https:\/\/www.btl.com.pl\/en\/wp-json\/wp\/v2\/types\/product"}],"version-history":[{"count":1,"href":"https:\/\/www.btl.com.pl\/en\/wp-json\/wp\/v2\/product\/2059\/revisions"}],"predecessor-version":[{"id":2060,"href":"https:\/\/www.btl.com.pl\/en\/wp-json\/wp\/v2\/product\/2059\/revisions\/2060"}],"wp:attachment":[{"href":"https:\/\/www.btl.com.pl\/en\/wp-json\/wp\/v2\/media?parent=2059"}],"wp:term":[{"taxonomy":"product_brand","embeddable":true,"href":"https:\/\/www.btl.com.pl\/en\/wp-json\/wp\/v2\/product_brand?post=2059"},{"taxonomy":"product_cat","embeddable":true,"href":"https:\/\/www.btl.com.pl\/en\/wp-json\/wp\/v2\/product_cat?post=2059"},{"taxonomy":"product_tag","embeddable":true,"href":"https:\/\/www.btl.com.pl\/en\/wp-json\/wp\/v2\/product_tag?post=2059"}],"curies":[{"name":"wp","href":"https:\/\/api.w.org\/{rel}","templated":true}]}}