{"id":2053,"date":"2021-08-27T23:47:14","date_gmt":"2021-08-27T21:47:14","guid":{"rendered":"https:\/\/btl.com.pl\/?post_type=product&#038;p=2053"},"modified":"2021-08-27T23:48:30","modified_gmt":"2021-08-27T21:48:30","slug":"agar-m-17-p-0220","status":"publish","type":"product","link":"https:\/\/www.btl.com.pl\/en\/produkty\/podloza-mikrobiologiczne-sypkie\/agary\/agar-m-17-p-0220\/","title":{"rendered":"Agar M &#8211; 17. P-0220"},"content":{"rendered":"<div>nr katalogowy: <b>P-0220<\/b><\/div>\n<p>&nbsp;<\/p>\n<div>\n<p><strong>Zastosowanie:<\/strong><br \/>\nPod\u0142o\u017ce zaproponowane przez Terzaghi i Sandine&#8217;a do hodowli i okre\u015blania liczby paciorkowc\u00f3w mlekowych w mleku i produkt\u00f3w mlecznych.<br \/>\n<strong>Szczepy kontrolne:<\/strong><br \/>\n<em>Streptococcus termophilus<br \/>\nLactococcus lactis spp. lactis<\/em><br \/>\n<strong>Wielko\u015b\u0107 opakowania:<br \/>\n<\/strong>Sypkie: 500 g, 250 g, 100 g, gotowa nawa\u017cka na 250 ml<\/p>\n<\/div>","protected":false},"excerpt":{"rendered":"<p>nr katalogowy: P-0220 &nbsp; Zastosowanie: Pod\u0142o\u017ce zaproponowane przez Terzaghi i Sandine&#8217;a do hodowli i okre\u015blania liczby paciorkowc\u00f3w mlekowych w mleku i produkt\u00f3w mlecznych. Szczepy kontrolne: Streptococcus termophilus Lactococcus lactis spp. lactis Wielko\u015b\u0107 opakowania: Sypkie: 500 g, 250 g, 100 g, gotowa nawa\u017cka na 250 ml<\/p>","protected":false},"featured_media":0,"template":"","meta":[],"product_brand":[],"product_cat":[99,77],"product_tag":[],"class_list":{"0":"post-2053","1":"product","2":"type-product","3":"status-publish","5":"product_cat-agary","6":"product_cat-podloza-mikrobiologiczne-sypkie","8":"first","9":"instock","10":"shipping-taxable","11":"product-type-simple"},"_links":{"self":[{"href":"https:\/\/www.btl.com.pl\/en\/wp-json\/wp\/v2\/product\/2053","targetHints":{"allow":["GET"]}}],"collection":[{"href":"https:\/\/www.btl.com.pl\/en\/wp-json\/wp\/v2\/product"}],"about":[{"href":"https:\/\/www.btl.com.pl\/en\/wp-json\/wp\/v2\/types\/product"}],"version-history":[{"count":1,"href":"https:\/\/www.btl.com.pl\/en\/wp-json\/wp\/v2\/product\/2053\/revisions"}],"predecessor-version":[{"id":2054,"href":"https:\/\/www.btl.com.pl\/en\/wp-json\/wp\/v2\/product\/2053\/revisions\/2054"}],"wp:attachment":[{"href":"https:\/\/www.btl.com.pl\/en\/wp-json\/wp\/v2\/media?parent=2053"}],"wp:term":[{"taxonomy":"product_brand","embeddable":true,"href":"https:\/\/www.btl.com.pl\/en\/wp-json\/wp\/v2\/product_brand?post=2053"},{"taxonomy":"product_cat","embeddable":true,"href":"https:\/\/www.btl.com.pl\/en\/wp-json\/wp\/v2\/product_cat?post=2053"},{"taxonomy":"product_tag","embeddable":true,"href":"https:\/\/www.btl.com.pl\/en\/wp-json\/wp\/v2\/product_tag?post=2053"}],"curies":[{"name":"wp","href":"https:\/\/api.w.org\/{rel}","templated":true}]}}