{"id":2051,"date":"2021-08-27T23:35:58","date_gmt":"2021-08-27T21:35:58","guid":{"rendered":"https:\/\/btl.com.pl\/?post_type=product&#038;p=2051"},"modified":"2022-02-21T22:14:56","modified_gmt":"2022-02-21T21:14:56","slug":"agar-leuconostoc-p-0227","status":"publish","type":"product","link":"https:\/\/www.btl.com.pl\/en\/produkty\/podloza-mikrobiologiczne-gotowe\/butelki\/agar-leuconostoc-p-0227\/","title":{"rendered":"Agar Leuconostoc. P-0227"},"content":{"rendered":"<div>nr katalogowy: <b>P-0227<\/b><\/div>\n<p>&nbsp;<\/p>\n<div>\n<p><strong>Zastosowanie:<\/strong><br \/>\nAgar Leuconostoc s\u0142u\u017cy do hodowli i r\u00f3\u017cnicowania bakterii z rodzaju <em>Leuconostoc<\/em>. Pod\u0142o\u017ce zawiera odpowiedni\u0105 ilo\u015b\u0107 sk\u0142adnik\u00f3w od\u017cywczych gwarantuj\u0105cych wzrost i rozmna\u017canie bakterii z rodzaju <em>Leuconostoc.<\/em><br \/>\n<strong>Szczepy kontrolne:<br \/>\n<\/strong><em>Leuconostoc mesenteroides<br \/>\nLeuconostoc dextranicum<br \/>\nLeuconostoc cremoris<br \/>\nEscherichia coli ATCC 25922<\/em><br \/>\n<strong>Wielko\u015b\u0107 opakowania:<br \/>\n<\/strong>Sypkie: 500 g, 250 g, 100 g, gotowa nawa\u017cka na 250 ml<br \/>\nButelki: 6 x 400 ml, 6 x 200 ml<\/p>\n<\/div>","protected":false},"excerpt":{"rendered":"<p>nr katalogowy: P-0227 &nbsp; Zastosowanie: Agar Leuconostoc s\u0142u\u017cy do hodowli i r\u00f3\u017cnicowania bakterii z rodzaju Leuconostoc. Pod\u0142o\u017ce zawiera odpowiedni\u0105 ilo\u015b\u0107 sk\u0142adnik\u00f3w od\u017cywczych gwarantuj\u0105cych wzrost i rozmna\u017canie bakterii z rodzaju Leuconostoc. Szczepy kontrolne: Leuconostoc mesenteroides Leuconostoc dextranicum Leuconostoc cremoris Escherichia coli ATCC 25922 Wielko\u015b\u0107 opakowania: Sypkie: 500 g, 250 g, 100 g, gotowa nawa\u017cka na 250 [&hellip;]<\/p>","protected":false},"featured_media":0,"template":"","meta":[],"product_brand":[],"product_cat":[126,77,99,78],"product_tag":[],"class_list":{"0":"post-2051","1":"product","2":"type-product","3":"status-publish","5":"product_cat-butelki","6":"product_cat-podloza-mikrobiologiczne-sypkie","7":"product_cat-agary","8":"product_cat-podloza-mikrobiologiczne-gotowe","10":"first","11":"instock","12":"shipping-taxable","13":"product-type-simple"},"_links":{"self":[{"href":"https:\/\/www.btl.com.pl\/en\/wp-json\/wp\/v2\/product\/2051","targetHints":{"allow":["GET"]}}],"collection":[{"href":"https:\/\/www.btl.com.pl\/en\/wp-json\/wp\/v2\/product"}],"about":[{"href":"https:\/\/www.btl.com.pl\/en\/wp-json\/wp\/v2\/types\/product"}],"version-history":[{"count":1,"href":"https:\/\/www.btl.com.pl\/en\/wp-json\/wp\/v2\/product\/2051\/revisions"}],"predecessor-version":[{"id":2052,"href":"https:\/\/www.btl.com.pl\/en\/wp-json\/wp\/v2\/product\/2051\/revisions\/2052"}],"wp:attachment":[{"href":"https:\/\/www.btl.com.pl\/en\/wp-json\/wp\/v2\/media?parent=2051"}],"wp:term":[{"taxonomy":"product_brand","embeddable":true,"href":"https:\/\/www.btl.com.pl\/en\/wp-json\/wp\/v2\/product_brand?post=2051"},{"taxonomy":"product_cat","embeddable":true,"href":"https:\/\/www.btl.com.pl\/en\/wp-json\/wp\/v2\/product_cat?post=2051"},{"taxonomy":"product_tag","embeddable":true,"href":"https:\/\/www.btl.com.pl\/en\/wp-json\/wp\/v2\/product_tag?post=2051"}],"curies":[{"name":"wp","href":"https:\/\/api.w.org\/{rel}","templated":true}]}}