{"id":2046,"date":"2021-08-27T23:25:09","date_gmt":"2021-08-27T21:25:09","guid":{"rendered":"https:\/\/btl.com.pl\/?post_type=product&#038;p=2046"},"modified":"2022-02-21T22:13:59","modified_gmt":"2022-02-21T21:13:59","slug":"agar-kazeinowo-sojowy-z-ekstraktem-drozdzowym-tsyea-p","status":"publish","type":"product","link":"https:\/\/www.btl.com.pl\/en\/produkty\/podloza-mikrobiologiczne-gotowe\/butelki\/agar-kazeinowo-sojowy-z-ekstraktem-drozdzowym-tsyea-p\/","title":{"rendered":"Agar kazeinowo-sojowy z ekstraktem dro\u017cd\u017cowym (TSYEA) P-0237"},"content":{"rendered":"<div>nr katalogowy: <b>P-0237<\/b><\/div>\n<p>&nbsp;<\/p>\n<div>\n<p><strong>Zastosowanie:<\/strong><br \/>\nPod\u0142o\u017ce do hodowli i namna\u017cania drobnoustroj\u00f3w (w tym chorobotw\u00f3rczych) o podwy\u017cszonych wymaganiach pokarmowych np. <em>Listeria sp<\/em>.<br \/>\n<strong>Szczepy kontrolne:<\/strong><br \/>\n<em>Listeria monocytogenes ATCC 15315<br \/>\nEscherichia coli ATCC 25922<br \/>\nSalmonella enteritidis ATCC 13076<br \/>\nPseudomonas aeruginosa ATCC 27853<br \/>\nBacillus cereus ATCC 10876<br \/>\n<\/em><strong>Wielko\u015b\u0107 opakowania:<\/strong><br \/>\nSypkie: 500 g, 250 g, 100 g, gotowa nawa\u017cka na 250 ml<br \/>\nButelki: 6 x 400 ml, 6 x 200 ml<\/p>\n<\/div>","protected":false},"excerpt":{"rendered":"<p>nr katalogowy: P-0237 &nbsp; Zastosowanie: Pod\u0142o\u017ce do hodowli i namna\u017cania drobnoustroj\u00f3w (w tym chorobotw\u00f3rczych) o podwy\u017cszonych wymaganiach pokarmowych np. Listeria sp. Szczepy kontrolne: Listeria monocytogenes ATCC 15315 Escherichia coli ATCC 25922 Salmonella enteritidis ATCC 13076 Pseudomonas aeruginosa ATCC 27853 Bacillus cereus ATCC 10876 Wielko\u015b\u0107 opakowania: Sypkie: 500 g, 250 g, 100 g, gotowa nawa\u017cka na [&hellip;]<\/p>\n","protected":false},"featured_media":0,"template":"","meta":[],"product_brand":[],"product_cat":[99,126,78,77],"product_tag":[],"class_list":{"0":"post-2046","1":"product","2":"type-product","3":"status-publish","5":"product_cat-agary","6":"product_cat-butelki","7":"product_cat-podloza-mikrobiologiczne-gotowe","8":"product_cat-podloza-mikrobiologiczne-sypkie","10":"first","11":"instock","12":"shipping-taxable","13":"product-type-simple"},"_links":{"self":[{"href":"https:\/\/www.btl.com.pl\/en\/wp-json\/wp\/v2\/product\/2046","targetHints":{"allow":["GET"]}}],"collection":[{"href":"https:\/\/www.btl.com.pl\/en\/wp-json\/wp\/v2\/product"}],"about":[{"href":"https:\/\/www.btl.com.pl\/en\/wp-json\/wp\/v2\/types\/product"}],"version-history":[{"count":2,"href":"https:\/\/www.btl.com.pl\/en\/wp-json\/wp\/v2\/product\/2046\/revisions"}],"predecessor-version":[{"id":2048,"href":"https:\/\/www.btl.com.pl\/en\/wp-json\/wp\/v2\/product\/2046\/revisions\/2048"}],"wp:attachment":[{"href":"https:\/\/www.btl.com.pl\/en\/wp-json\/wp\/v2\/media?parent=2046"}],"wp:term":[{"taxonomy":"product_brand","embeddable":true,"href":"https:\/\/www.btl.com.pl\/en\/wp-json\/wp\/v2\/product_brand?post=2046"},{"taxonomy":"product_cat","embeddable":true,"href":"https:\/\/www.btl.com.pl\/en\/wp-json\/wp\/v2\/product_cat?post=2046"},{"taxonomy":"product_tag","embeddable":true,"href":"https:\/\/www.btl.com.pl\/en\/wp-json\/wp\/v2\/product_tag?post=2046"}],"curies":[{"name":"wp","href":"https:\/\/api.w.org\/{rel}","templated":true}]}}