{"id":2044,"date":"2021-08-27T23:23:39","date_gmt":"2021-08-27T21:23:39","guid":{"rendered":"https:\/\/btl.com.pl\/?post_type=product&#038;p=2044"},"modified":"2021-08-27T23:25:01","modified_gmt":"2021-08-27T21:25:01","slug":"agar-kazeinowo-sojowy-do-wykrywania-pirazynamidazy-p-0278","status":"publish","type":"product","link":"https:\/\/www.btl.com.pl\/en\/produkty\/podloza-mikrobiologiczne-sypkie\/agary\/agar-kazeinowo-sojowy-do-wykrywania-pirazynamidazy-p-0278\/","title":{"rendered":"Agar kazeinowo-sojowy do wykrywania pirazynamidazy P-0278"},"content":{"rendered":"<div>nr katalogowy: <b>P-0278<\/b><\/div>\n<p>&nbsp;<\/p>\n<div>\n<p><strong>Zastosowanie:<\/strong><br \/>\nPod\u0142o\u017ce do wykrywania wytwarzania pirazynamidazy przez drobnoustroje, stosowane szczeg\u00f3lnie w bio-chemicznej diagnostyce bakterii <em>Yersinia enterocolitica<\/em>.<br \/>\n<strong>Szczepy kontrolne:<\/strong><br \/>\n<em>Yersinia enterocolitica ATCC 9610<br \/>\n<\/em><strong>Wielko\u015b\u0107 opakowania:<\/strong><br \/>\nSypkie: 500 g, 250 g, 100 g, gotowa nawa\u017cka na 250 ml<\/p>\n<\/div>","protected":false},"excerpt":{"rendered":"<p>nr katalogowy: P-0278 &nbsp; Zastosowanie: Pod\u0142o\u017ce do wykrywania wytwarzania pirazynamidazy przez drobnoustroje, stosowane szczeg\u00f3lnie w bio-chemicznej diagnostyce bakterii Yersinia enterocolitica. Szczepy kontrolne: Yersinia enterocolitica ATCC 9610 Wielko\u015b\u0107 opakowania: Sypkie: 500 g, 250 g, 100 g, gotowa nawa\u017cka na 250 ml<\/p>","protected":false},"featured_media":0,"template":"","meta":[],"product_brand":[],"product_cat":[99,77],"product_tag":[],"class_list":{"0":"post-2044","1":"product","2":"type-product","3":"status-publish","5":"product_cat-agary","6":"product_cat-podloza-mikrobiologiczne-sypkie","8":"first","9":"instock","10":"shipping-taxable","11":"product-type-simple"},"_links":{"self":[{"href":"https:\/\/www.btl.com.pl\/en\/wp-json\/wp\/v2\/product\/2044","targetHints":{"allow":["GET"]}}],"collection":[{"href":"https:\/\/www.btl.com.pl\/en\/wp-json\/wp\/v2\/product"}],"about":[{"href":"https:\/\/www.btl.com.pl\/en\/wp-json\/wp\/v2\/types\/product"}],"version-history":[{"count":1,"href":"https:\/\/www.btl.com.pl\/en\/wp-json\/wp\/v2\/product\/2044\/revisions"}],"predecessor-version":[{"id":2045,"href":"https:\/\/www.btl.com.pl\/en\/wp-json\/wp\/v2\/product\/2044\/revisions\/2045"}],"wp:attachment":[{"href":"https:\/\/www.btl.com.pl\/en\/wp-json\/wp\/v2\/media?parent=2044"}],"wp:term":[{"taxonomy":"product_brand","embeddable":true,"href":"https:\/\/www.btl.com.pl\/en\/wp-json\/wp\/v2\/product_brand?post=2044"},{"taxonomy":"product_cat","embeddable":true,"href":"https:\/\/www.btl.com.pl\/en\/wp-json\/wp\/v2\/product_cat?post=2044"},{"taxonomy":"product_tag","embeddable":true,"href":"https:\/\/www.btl.com.pl\/en\/wp-json\/wp\/v2\/product_tag?post=2044"}],"curies":[{"name":"wp","href":"https:\/\/api.w.org\/{rel}","templated":true}]}}