{"id":2042,"date":"2021-08-27T23:22:27","date_gmt":"2021-08-27T21:22:27","guid":{"rendered":"https:\/\/btl.com.pl\/?post_type=product&#038;p=2042"},"modified":"2022-02-21T22:12:01","modified_gmt":"2022-02-21T21:12:01","slug":"agar-glukozowo-ziemniaczany-pda-p-0134","status":"publish","type":"product","link":"https:\/\/www.btl.com.pl\/en\/produkty\/podloza-mikrobiologiczne-gotowe\/butelki\/agar-glukozowo-ziemniaczany-pda-p-0134\/","title":{"rendered":"Agar glukozowo-ziemniaczany (PDA)  P-0134"},"content":{"rendered":"<div>nr katalogowy: <b>P-0134<\/b><\/div>\n<p>&nbsp;<\/p>\n<div>\n<p><strong>Zastosowanie:<\/strong><br \/>\nPod\u0142o\u017ce do hodowli, izolacji i okre\u015blania liczby dro\u017cd\u017cy i ple\u015bni w produktach spo\u017cywczych oraz innych materia\u0142ach.<br \/>\n<strong>Szczepy kontrolne:<\/strong><br \/>\n<em>Aspergillus niger ATCC 16404<br \/>\nSaccharomyces cerevisiae ATCC 9763<br \/>\nCandida albicans ATCC 10231<br \/>\n<\/em><strong>Wielko\u015b\u0107 opakowania:<br \/>\n<\/strong>Sypkie: 500 g, 250 g, 100 g, gotowa nawa\u017cka na 250 ml<br \/>\nButelki: 6 x 400 ml, 6 x 200 ml<\/p>\n<\/div>","protected":false},"excerpt":{"rendered":"<p>nr katalogowy: P-0134 &nbsp; Zastosowanie: Pod\u0142o\u017ce do hodowli, izolacji i okre\u015blania liczby dro\u017cd\u017cy i ple\u015bni w produktach spo\u017cywczych oraz innych materia\u0142ach. Szczepy kontrolne: Aspergillus niger ATCC 16404 Saccharomyces cerevisiae ATCC 9763 Candida albicans ATCC 10231 Wielko\u015b\u0107 opakowania: Sypkie: 500 g, 250 g, 100 g, gotowa nawa\u017cka na 250 ml Butelki: 6 x 400 ml, 6 [&hellip;]<\/p>\n","protected":false},"featured_media":0,"template":"","meta":[],"product_brand":[],"product_cat":[99,126,78,77],"product_tag":[],"class_list":{"0":"post-2042","1":"product","2":"type-product","3":"status-publish","5":"product_cat-agary","6":"product_cat-butelki","7":"product_cat-podloza-mikrobiologiczne-gotowe","8":"product_cat-podloza-mikrobiologiczne-sypkie","10":"first","11":"instock","12":"shipping-taxable","13":"product-type-simple"},"_links":{"self":[{"href":"https:\/\/www.btl.com.pl\/en\/wp-json\/wp\/v2\/product\/2042","targetHints":{"allow":["GET"]}}],"collection":[{"href":"https:\/\/www.btl.com.pl\/en\/wp-json\/wp\/v2\/product"}],"about":[{"href":"https:\/\/www.btl.com.pl\/en\/wp-json\/wp\/v2\/types\/product"}],"version-history":[{"count":1,"href":"https:\/\/www.btl.com.pl\/en\/wp-json\/wp\/v2\/product\/2042\/revisions"}],"predecessor-version":[{"id":2043,"href":"https:\/\/www.btl.com.pl\/en\/wp-json\/wp\/v2\/product\/2042\/revisions\/2043"}],"wp:attachment":[{"href":"https:\/\/www.btl.com.pl\/en\/wp-json\/wp\/v2\/media?parent=2042"}],"wp:term":[{"taxonomy":"product_brand","embeddable":true,"href":"https:\/\/www.btl.com.pl\/en\/wp-json\/wp\/v2\/product_brand?post=2042"},{"taxonomy":"product_cat","embeddable":true,"href":"https:\/\/www.btl.com.pl\/en\/wp-json\/wp\/v2\/product_cat?post=2042"},{"taxonomy":"product_tag","embeddable":true,"href":"https:\/\/www.btl.com.pl\/en\/wp-json\/wp\/v2\/product_tag?post=2042"}],"curies":[{"name":"wp","href":"https:\/\/api.w.org\/{rel}","templated":true}]}}