{"id":2038,"date":"2021-08-27T23:15:36","date_gmt":"2021-08-27T21:15:36","guid":{"rendered":"https:\/\/btl.com.pl\/?post_type=product&#038;p=2038"},"modified":"2022-03-28T20:27:54","modified_gmt":"2022-03-28T18:27:54","slug":"agar-endo-les-p-0205","status":"publish","type":"product","link":"https:\/\/www.btl.com.pl\/en\/produkty\/weterynaria\/podloza-gotowe-na-plytkach\/agar-endo-les-p-0205\/","title":{"rendered":"Agar Endo Les P-0205"},"content":{"rendered":"<div>nr katalogowy: <b>P-0205<\/b><\/div>\n<p>&nbsp;<\/p>\n<div>\n<p><strong>Zastosowanie :<\/strong><br \/>\nPod\u0142o\u017ce wybi\u00f3rcze do wykrywania i oznaczania liczby bakterii z grupy coli i <em>E. coli<\/em> w wodzie metod\u0105 filtracji membranowej. Pod\u0142o\u017ce to zawiera wystarczaj\u0105c\u0105 ilo\u015b\u0107 sk\u0142adnik\u00f3w od\u017cywczych gwarantuj\u0105cych wzrost i rozmna\u017canie si\u0119 bakterii z grupy coli.<br \/>\n<strong>Szczepy kontrolne :<\/strong><br \/>\n<em>Escherichia coli ATCC 25922<br \/>\nEnterobacter aerogenes ATCC 13048<br \/>\nSalmonella enteritidis ATCC 13076<\/em><br \/>\n<strong>Wielko\u015b\u0107 opakowania:<\/strong><br \/>\nSypkie: 500 g, 250 g, 100 g, gotowa nawa\u017cka na 250 ml<\/p>\n<\/div>","protected":false},"excerpt":{"rendered":"<p>nr katalogowy: P-0205 &nbsp; Zastosowanie : Pod\u0142o\u017ce wybi\u00f3rcze do wykrywania i oznaczania liczby bakterii z grupy coli i E. coli w wodzie metod\u0105 filtracji membranowej. Pod\u0142o\u017ce to zawiera wystarczaj\u0105c\u0105 ilo\u015b\u0107 sk\u0142adnik\u00f3w od\u017cywczych gwarantuj\u0105cych wzrost i rozmna\u017canie si\u0119 bakterii z grupy coli. Szczepy kontrolne : Escherichia coli ATCC 25922 Enterobacter aerogenes ATCC 13048 Salmonella enteritidis ATCC [&hellip;]<\/p>\n","protected":false},"featured_media":0,"template":"","meta":[],"product_brand":[],"product_cat":[99,104,97,78,77,80],"product_tag":[],"class_list":{"0":"post-2038","1":"product","2":"type-product","3":"status-publish","5":"product_cat-agary","6":"product_cat-plytki-podloza-mikrobiologiczne-gotowe","7":"product_cat-podloza-gotowe-na-plytkach","8":"product_cat-podloza-mikrobiologiczne-gotowe","9":"product_cat-podloza-mikrobiologiczne-sypkie","10":"product_cat-weterynaria","12":"first","13":"instock","14":"shipping-taxable","15":"product-type-simple"},"_links":{"self":[{"href":"https:\/\/www.btl.com.pl\/en\/wp-json\/wp\/v2\/product\/2038","targetHints":{"allow":["GET"]}}],"collection":[{"href":"https:\/\/www.btl.com.pl\/en\/wp-json\/wp\/v2\/product"}],"about":[{"href":"https:\/\/www.btl.com.pl\/en\/wp-json\/wp\/v2\/types\/product"}],"version-history":[{"count":1,"href":"https:\/\/www.btl.com.pl\/en\/wp-json\/wp\/v2\/product\/2038\/revisions"}],"predecessor-version":[{"id":2039,"href":"https:\/\/www.btl.com.pl\/en\/wp-json\/wp\/v2\/product\/2038\/revisions\/2039"}],"wp:attachment":[{"href":"https:\/\/www.btl.com.pl\/en\/wp-json\/wp\/v2\/media?parent=2038"}],"wp:term":[{"taxonomy":"product_brand","embeddable":true,"href":"https:\/\/www.btl.com.pl\/en\/wp-json\/wp\/v2\/product_brand?post=2038"},{"taxonomy":"product_cat","embeddable":true,"href":"https:\/\/www.btl.com.pl\/en\/wp-json\/wp\/v2\/product_cat?post=2038"},{"taxonomy":"product_tag","embeddable":true,"href":"https:\/\/www.btl.com.pl\/en\/wp-json\/wp\/v2\/product_tag?post=2038"}],"curies":[{"name":"wp","href":"https:\/\/api.w.org\/{rel}","templated":true}]}}