{"id":2032,"date":"2021-08-27T23:11:20","date_gmt":"2021-08-27T21:11:20","guid":{"rendered":"https:\/\/btl.com.pl\/?post_type=product&#038;p=2032"},"modified":"2021-08-27T23:13:08","modified_gmt":"2021-08-27T21:13:08","slug":"agar-dg-18-z-chloramfenikolem-p-0223","status":"publish","type":"product","link":"https:\/\/www.btl.com.pl\/en\/produkty\/podloza-mikrobiologiczne-sypkie\/agary\/agar-dg-18-z-chloramfenikolem-p-0223\/","title":{"rendered":"Agar DG 18 z chloramfenikolem P-0223"},"content":{"rendered":"<div>r katalogowy: <b>P-0223<\/b><\/div>\n<p>&nbsp;<\/p>\n<div>\n<p><strong>Zastosowanie:<\/strong><br \/>\nPod\u0142o\u017ce do hodowli, izolacji i oznaczania liczebno\u015bci kserofilnych grzyb\u00f3w (dro\u017cd\u017cy i grzyb\u00f3w nitkowych) z \u017cywno\u015bci o obni\u017conej wilgotno\u015bci.<br \/>\n<strong>Szczepy kontrolne:<\/strong><br \/>\n<em>Aspergillus niger ATCC 16404<br \/>\nSaccharomyces cerevisiae ATCC 9763<\/em><br \/>\n<strong>Wielko\u015b\u0107 opakowania:<\/strong><br \/>\nSypkie: 500 g, 250 g, 100 g, gotowa nawa\u017cka na 250 ml<\/p>\n<\/div>","protected":false},"excerpt":{"rendered":"<p>r katalogowy: P-0223 &nbsp; Zastosowanie: Pod\u0142o\u017ce do hodowli, izolacji i oznaczania liczebno\u015bci kserofilnych grzyb\u00f3w (dro\u017cd\u017cy i grzyb\u00f3w nitkowych) z \u017cywno\u015bci o obni\u017conej wilgotno\u015bci. Szczepy kontrolne: Aspergillus niger ATCC 16404 Saccharomyces cerevisiae ATCC 9763 Wielko\u015b\u0107 opakowania: Sypkie: 500 g, 250 g, 100 g, gotowa nawa\u017cka na 250 ml<\/p>","protected":false},"featured_media":0,"template":"","meta":[],"product_brand":[],"product_cat":[99,77],"product_tag":[],"class_list":{"0":"post-2032","1":"product","2":"type-product","3":"status-publish","5":"product_cat-agary","6":"product_cat-podloza-mikrobiologiczne-sypkie","8":"first","9":"instock","10":"shipping-taxable","11":"product-type-simple"},"_links":{"self":[{"href":"https:\/\/www.btl.com.pl\/en\/wp-json\/wp\/v2\/product\/2032","targetHints":{"allow":["GET"]}}],"collection":[{"href":"https:\/\/www.btl.com.pl\/en\/wp-json\/wp\/v2\/product"}],"about":[{"href":"https:\/\/www.btl.com.pl\/en\/wp-json\/wp\/v2\/types\/product"}],"version-history":[{"count":1,"href":"https:\/\/www.btl.com.pl\/en\/wp-json\/wp\/v2\/product\/2032\/revisions"}],"predecessor-version":[{"id":2033,"href":"https:\/\/www.btl.com.pl\/en\/wp-json\/wp\/v2\/product\/2032\/revisions\/2033"}],"wp:attachment":[{"href":"https:\/\/www.btl.com.pl\/en\/wp-json\/wp\/v2\/media?parent=2032"}],"wp:term":[{"taxonomy":"product_brand","embeddable":true,"href":"https:\/\/www.btl.com.pl\/en\/wp-json\/wp\/v2\/product_brand?post=2032"},{"taxonomy":"product_cat","embeddable":true,"href":"https:\/\/www.btl.com.pl\/en\/wp-json\/wp\/v2\/product_cat?post=2032"},{"taxonomy":"product_tag","embeddable":true,"href":"https:\/\/www.btl.com.pl\/en\/wp-json\/wp\/v2\/product_tag?post=2032"}],"curies":[{"name":"wp","href":"https:\/\/api.w.org\/{rel}","templated":true}]}}