{"id":2026,"date":"2021-08-27T23:06:23","date_gmt":"2021-08-27T21:06:23","guid":{"rendered":"https:\/\/btl.com.pl\/?post_type=product&#038;p=2026"},"modified":"2022-02-21T22:01:58","modified_gmt":"2022-02-21T21:01:58","slug":"agar-cukrowy-w-wysokim-slupie-p-0068","status":"publish","type":"product","link":"https:\/\/www.btl.com.pl\/en\/produkty\/podloza-mikrobiologiczne-gotowe\/butelki\/agar-cukrowy-w-wysokim-slupie-p-0068\/","title":{"rendered":"Agar cukrowy w wysokim s\u0142upie P-0068"},"content":{"rendered":"<div id=\"glowna\">\n<div id=\"tresc_produkt\">\n<div>nr katalogowy: <b>P-0068<\/b><\/div>\n<div>\n<p><strong>Zastosowanie:<\/strong><br \/>\nPod\u0142o\u017ce do wykrywania obecno\u015bci \u015bcis\u0142ych beztlenowc\u00f3w o zdolno\u015bciach fermentacji glukozy.<br \/>\n<strong>Szczepy kontrolne:<\/strong><br \/>\n<em>Clostridium perfringens ATCC 13124<\/em><br \/>\n<strong>Wielko\u015b\u0107 opakowania:<\/strong><br \/>\nSypkie: 500 g, 250 g, 100 g, gotowa nawa\u017cka na 250 ml<br \/>\nButelki: 6 x\u00a0400 ml,\u00a06 x\u00a0200 ml<\/p>\n<\/div>\n<\/div>\n<\/div>","protected":false},"excerpt":{"rendered":"<p>nr katalogowy: P-0068 Zastosowanie: Pod\u0142o\u017ce do wykrywania obecno\u015bci \u015bcis\u0142ych beztlenowc\u00f3w o zdolno\u015bciach fermentacji glukozy. Szczepy kontrolne: Clostridium perfringens ATCC 13124 Wielko\u015b\u0107 opakowania: Sypkie: 500 g, 250 g, 100 g, gotowa nawa\u017cka na 250 ml Butelki: 6 x\u00a0400 ml,\u00a06 x\u00a0200 ml<\/p>","protected":false},"featured_media":0,"template":"","meta":[],"product_brand":[],"product_cat":[99,126,78,77],"product_tag":[],"class_list":{"0":"post-2026","1":"product","2":"type-product","3":"status-publish","5":"product_cat-agary","6":"product_cat-butelki","7":"product_cat-podloza-mikrobiologiczne-gotowe","8":"product_cat-podloza-mikrobiologiczne-sypkie","10":"first","11":"instock","12":"shipping-taxable","13":"product-type-simple"},"_links":{"self":[{"href":"https:\/\/www.btl.com.pl\/en\/wp-json\/wp\/v2\/product\/2026","targetHints":{"allow":["GET"]}}],"collection":[{"href":"https:\/\/www.btl.com.pl\/en\/wp-json\/wp\/v2\/product"}],"about":[{"href":"https:\/\/www.btl.com.pl\/en\/wp-json\/wp\/v2\/types\/product"}],"version-history":[{"count":1,"href":"https:\/\/www.btl.com.pl\/en\/wp-json\/wp\/v2\/product\/2026\/revisions"}],"predecessor-version":[{"id":2027,"href":"https:\/\/www.btl.com.pl\/en\/wp-json\/wp\/v2\/product\/2026\/revisions\/2027"}],"wp:attachment":[{"href":"https:\/\/www.btl.com.pl\/en\/wp-json\/wp\/v2\/media?parent=2026"}],"wp:term":[{"taxonomy":"product_brand","embeddable":true,"href":"https:\/\/www.btl.com.pl\/en\/wp-json\/wp\/v2\/product_brand?post=2026"},{"taxonomy":"product_cat","embeddable":true,"href":"https:\/\/www.btl.com.pl\/en\/wp-json\/wp\/v2\/product_cat?post=2026"},{"taxonomy":"product_tag","embeddable":true,"href":"https:\/\/www.btl.com.pl\/en\/wp-json\/wp\/v2\/product_tag?post=2026"}],"curies":[{"name":"wp","href":"https:\/\/api.w.org\/{rel}","templated":true}]}}