{"id":2020,"date":"2021-08-26T16:24:58","date_gmt":"2021-08-26T14:24:58","guid":{"rendered":"https:\/\/btl.com.pl\/?post_type=product&#038;p=2020"},"modified":"2022-02-21T21:57:35","modified_gmt":"2022-02-21T20:57:35","slug":"agar-bulionowy-z-mlekiem-i-glukoza-p-0050","status":"publish","type":"product","link":"https:\/\/www.btl.com.pl\/en\/produkty\/podloza-mikrobiologiczne-gotowe\/butelki\/agar-bulionowy-z-mlekiem-i-glukoza-p-0050\/","title":{"rendered":"Agar bulionowy z mlekiem i glukoz\u0105 P-0050"},"content":{"rendered":"<div>nr katalogowy: <b>P-0050<\/b><\/div>\n<p>&nbsp;<\/p>\n<div>\n<p><strong>Zastosowanie:<br \/>\n<\/strong>Pod\u0142o\u017ce uniwersalne do hodowli i namna\u017cania mikroorganizm\u00f3w, o podwy\u017cszonych wymaganiach pokarmowych, szczeg\u00f3lnie pochodz\u0105cych z mleka.<br \/>\n<strong>Szczepy kontrolne:<br \/>\n<\/strong><em>Salmonella enteritidis ATCC 13076<br \/>\nStaphylococcus aureus ATCC 6538<br \/>\nEscherichia coli ATCC 25922<br \/>\nKlebsiella pneumoniae ATCC 13883<\/em><br \/>\n<strong>Wielko\u015b\u0107 opakowania:<\/strong><br \/>\nSypkie: 500 g, 250 g, 100 g, gotowa nawa\u017cka na 250 ml<br \/>\nButelki:\u00a06 x\u00a0400 ml,\u00a06 x\u00a0200 ml<\/p>\n<\/div>","protected":false},"excerpt":{"rendered":"<p>nr katalogowy: P-0050 &nbsp; Zastosowanie: Pod\u0142o\u017ce uniwersalne do hodowli i namna\u017cania mikroorganizm\u00f3w, o podwy\u017cszonych wymaganiach pokarmowych, szczeg\u00f3lnie pochodz\u0105cych z mleka. Szczepy kontrolne: Salmonella enteritidis ATCC 13076 Staphylococcus aureus ATCC 6538 Escherichia coli ATCC 25922 Klebsiella pneumoniae ATCC 13883 Wielko\u015b\u0107 opakowania: Sypkie: 500 g, 250 g, 100 g, gotowa nawa\u017cka na 250 ml Butelki:\u00a06 x\u00a0400 ml,\u00a06 [&hellip;]<\/p>\n","protected":false},"featured_media":0,"template":"","meta":[],"product_brand":[],"product_cat":[99,126,78,77],"product_tag":[],"class_list":{"0":"post-2020","1":"product","2":"type-product","3":"status-publish","5":"product_cat-agary","6":"product_cat-butelki","7":"product_cat-podloza-mikrobiologiczne-gotowe","8":"product_cat-podloza-mikrobiologiczne-sypkie","10":"first","11":"instock","12":"shipping-taxable","13":"product-type-simple"},"_links":{"self":[{"href":"https:\/\/www.btl.com.pl\/en\/wp-json\/wp\/v2\/product\/2020","targetHints":{"allow":["GET"]}}],"collection":[{"href":"https:\/\/www.btl.com.pl\/en\/wp-json\/wp\/v2\/product"}],"about":[{"href":"https:\/\/www.btl.com.pl\/en\/wp-json\/wp\/v2\/types\/product"}],"version-history":[{"count":1,"href":"https:\/\/www.btl.com.pl\/en\/wp-json\/wp\/v2\/product\/2020\/revisions"}],"predecessor-version":[{"id":2021,"href":"https:\/\/www.btl.com.pl\/en\/wp-json\/wp\/v2\/product\/2020\/revisions\/2021"}],"wp:attachment":[{"href":"https:\/\/www.btl.com.pl\/en\/wp-json\/wp\/v2\/media?parent=2020"}],"wp:term":[{"taxonomy":"product_brand","embeddable":true,"href":"https:\/\/www.btl.com.pl\/en\/wp-json\/wp\/v2\/product_brand?post=2020"},{"taxonomy":"product_cat","embeddable":true,"href":"https:\/\/www.btl.com.pl\/en\/wp-json\/wp\/v2\/product_cat?post=2020"},{"taxonomy":"product_tag","embeddable":true,"href":"https:\/\/www.btl.com.pl\/en\/wp-json\/wp\/v2\/product_tag?post=2020"}],"curies":[{"name":"wp","href":"https:\/\/api.w.org\/{rel}","templated":true}]}}