{"id":1982,"date":"2021-08-23T18:10:58","date_gmt":"2021-08-23T16:10:58","guid":{"rendered":"https:\/\/btl.com.pl\/?post_type=product&#038;p=1982"},"modified":"2022-02-20T19:50:33","modified_gmt":"2022-02-20T18:50:33","slug":"agar-test","status":"publish","type":"product","link":"https:\/\/www.btl.com.pl\/en\/produkty\/podloza-mikrobiologiczne-gotowe\/butelki\/agar-test\/","title":{"rendered":"Agar bulionowy z glukoz\u0105 P-0111"},"content":{"rendered":"<div>nr katalogowy: <b>P-0111<\/b><\/div>\n<p>&nbsp;<\/p>\n<div>\n<p><strong>Zastosowanie:<\/strong><br \/>\nPod\u0142o\u017ce do hodowli drobnoustroj\u00f3w o obni\u017conych wymaganiach pokarmowych.<br \/>\n<strong>Szczepy kontrolne:<\/strong><br \/>\n<em>Staphylococcus aureus ATCC 6538<br \/>\nEscherichia coli ATCC 25922<br \/>\nBacillus cereus ATCC 10876<\/em><br \/>\n<strong>Wielko\u015b\u0107 opakowania:<\/strong><br \/>\nSypkie: 500 g, 250 g, 100 g, gotowa nawa\u017cka na 250 ml<br \/>\nButelki: 6 x 400 ml,\u00a06 x\u00a0200 ml<\/p>\n<\/div>","protected":false},"excerpt":{"rendered":"<p>nr katalogowy: P-0111 &nbsp; Zastosowanie: Pod\u0142o\u017ce do hodowli drobnoustroj\u00f3w o obni\u017conych wymaganiach pokarmowych. Szczepy kontrolne: Staphylococcus aureus ATCC 6538 Escherichia coli ATCC 25922 Bacillus cereus ATCC 10876 Wielko\u015b\u0107 opakowania: Sypkie: 500 g, 250 g, 100 g, gotowa nawa\u017cka na 250 ml Butelki: 6 x 400 ml,\u00a06 x\u00a0200 ml<\/p>","protected":false},"featured_media":0,"template":"","meta":[],"product_brand":[],"product_cat":[99,126,78,77],"product_tag":[],"class_list":{"0":"post-1982","1":"product","2":"type-product","3":"status-publish","5":"product_cat-agary","6":"product_cat-butelki","7":"product_cat-podloza-mikrobiologiczne-gotowe","8":"product_cat-podloza-mikrobiologiczne-sypkie","10":"first","11":"instock","12":"shipping-taxable","13":"product-type-simple"},"_links":{"self":[{"href":"https:\/\/www.btl.com.pl\/en\/wp-json\/wp\/v2\/product\/1982","targetHints":{"allow":["GET"]}}],"collection":[{"href":"https:\/\/www.btl.com.pl\/en\/wp-json\/wp\/v2\/product"}],"about":[{"href":"https:\/\/www.btl.com.pl\/en\/wp-json\/wp\/v2\/types\/product"}],"version-history":[{"count":6,"href":"https:\/\/www.btl.com.pl\/en\/wp-json\/wp\/v2\/product\/1982\/revisions"}],"predecessor-version":[{"id":2017,"href":"https:\/\/www.btl.com.pl\/en\/wp-json\/wp\/v2\/product\/1982\/revisions\/2017"}],"wp:attachment":[{"href":"https:\/\/www.btl.com.pl\/en\/wp-json\/wp\/v2\/media?parent=1982"}],"wp:term":[{"taxonomy":"product_brand","embeddable":true,"href":"https:\/\/www.btl.com.pl\/en\/wp-json\/wp\/v2\/product_brand?post=1982"},{"taxonomy":"product_cat","embeddable":true,"href":"https:\/\/www.btl.com.pl\/en\/wp-json\/wp\/v2\/product_cat?post=1982"},{"taxonomy":"product_tag","embeddable":true,"href":"https:\/\/www.btl.com.pl\/en\/wp-json\/wp\/v2\/product_tag?post=1982"}],"curies":[{"name":"wp","href":"https:\/\/api.w.org\/{rel}","templated":true}]}}